{"id":452,"date":"2019-10-07T11:50:15","date_gmt":"2019-10-07T11:50:15","guid":{"rendered":"http:\/\/chiaseklos.anapolet.de\/?post_type=product&#038;p=452"},"modified":"2026-03-09T13:57:09","modified_gmt":"2026-03-09T13:57:09","slug":"dziovintos-spanguoles-pilnos-450-g","status":"publish","type":"product","link":"https:\/\/chiaseklos.lt\/en\/product\/dziovintos-spanguoles-pilnos-450-g\/","title":{"rendered":"D\u017eiovintos spanguol\u0117s pilnos"},"content":{"rendered":"<p>D\u017eiovintos spanguol\u0117s pilnos<\/p>\n<p>D\u017eiovintos spanguol\u0117s pilnos &#8211; yra nepresuotos. Gardus bei sveikas u\u017ekandis, nes\u00a0\u00a0jose gausu vitamino C, gliukoz\u0117s bei fruktoz\u0117s. Tod\u0117l puikiai tinka skanauti vienas bei pagardinti ko\u0161es, jogurtus, salotas.<\/p>\n<p>100 g. maistin\u0117 vert\u0117: 329 kcal\/1337 kJ; angliavandeni\u0173: 82,1 g. i\u0161 j\u0173 cukr\u0173: 71,3 g; riebal\u0173: 0,3 g. i\u0161 j\u0173 so\u010di\u0173j\u0173 riebal\u0173: 0,1 g; baltym\u0173: 0,3 g; druskos: 0 mg.<\/p>\n<p>Kilm\u0117s \u0161alis: JAV<\/p>\n<p>Sudedamosios dalys: spanguol\u0117s, cukrus, augalinis aliejus.<\/p>\n<p>Laikyti sausoje, \u0161varioje ir v\u0117sioje vietoje. Laikymo temperat\u016bra: nuo 0\u00b0C iki 25\u00b0C.<\/p>","protected":false},"excerpt":{"rendered":"<p>D\u017eiovintos spanguol\u0117s pilnos D\u017eiovintos spanguol\u0117s pilnos &#8211; yra nepresuotos. Gardus bei sveikas u\u017ekandis, nes\u00a0\u00a0jose gausu vitamino C, gliukoz\u0117s bei fruktoz\u0117s. Tod\u0117l puikiai tinka skanauti vienas bei pagardinti ko\u0161es, jogurtus, salotas. 100 g. maistin\u0117 vert\u0117: 329 kcal\/1337 kJ; angliavandeni\u0173: 82,1 g. i\u0161 j\u0173 cukr\u0173: 71,3 g; riebal\u0173: 0,3 g. i\u0161 j\u0173 so\u010di\u0173j\u0173 riebal\u0173: 0,1 g; baltym\u0173:&#8230;<\/p>","protected":false},"featured_media":453,"template":"","meta":{"_acf_changed":false},"product_brand":[],"product_cat":[70,42],"product_tag":[],"class_list":{"0":"post-452","1":"product","2":"type-product","3":"status-publish","4":"has-post-thumbnail","6":"product_cat-akcijos","7":"product_cat-dziovinti-vaisiai-uogos","8":"nt-post-class","9":"","10":"masonry-item","11":"col-lg-6","15":"excerpt-none","19":"first","20":"instock","21":"sale","22":"taxable","23":"shipping-taxable","24":"purchasable","25":"product-type-variable","26":"has-default-attributes","27":"add-to-wishlist-after_add_to_cart"},"acf":[],"_links":{"self":[{"href":"https:\/\/chiaseklos.lt\/en\/wp-json\/wp\/v2\/product\/452","targetHints":{"allow":["GET"]}}],"collection":[{"href":"https:\/\/chiaseklos.lt\/en\/wp-json\/wp\/v2\/product"}],"about":[{"href":"https:\/\/chiaseklos.lt\/en\/wp-json\/wp\/v2\/types\/product"}],"wp:featuredmedia":[{"embeddable":true,"href":"https:\/\/chiaseklos.lt\/en\/wp-json\/wp\/v2\/media\/453"}],"wp:attachment":[{"href":"https:\/\/chiaseklos.lt\/en\/wp-json\/wp\/v2\/media?parent=452"}],"wp:term":[{"taxonomy":"product_brand","embeddable":true,"href":"https:\/\/chiaseklos.lt\/en\/wp-json\/wp\/v2\/product_brand?post=452"},{"taxonomy":"product_cat","embeddable":true,"href":"https:\/\/chiaseklos.lt\/en\/wp-json\/wp\/v2\/product_cat?post=452"},{"taxonomy":"product_tag","embeddable":true,"href":"https:\/\/chiaseklos.lt\/en\/wp-json\/wp\/v2\/product_tag?post=452"}],"curies":[{"name":"wp","href":"https:\/\/api.w.org\/{rel}","templated":true}]}}