{"id":431,"date":"2019-09-18T08:23:56","date_gmt":"2019-09-18T08:23:56","guid":{"rendered":"http:\/\/chiaseklos.anapolet.de\/?post_type=product&#038;p=431"},"modified":"2025-06-04T10:36:28","modified_gmt":"2025-06-04T10:36:28","slug":"datules-be-kauliuku-450-g","status":"publish","type":"product","link":"https:\/\/chiaseklos.lt\/en\/product\/datules-be-kauliuku-450-g\/","title":{"rendered":"Datul\u0117s be kauliuk\u0173"},"content":{"rendered":"<h1 class=\"entry-title\">Datul\u0117s be kauliuk\u0173<\/h1>\n<p>Datul\u0117s \u2013 skanus saldus vaisius, kuris reguliuoja vir\u0161kinim\u0105.\u00a0Datul\u0117se yra mineral\u0173 ir l\u0105stelienos, aliejaus, kalcio, sieros, gele\u017eies, fosforo, magnio. Labai vertingos didinant raumen\u0173 mas\u0119.<br \/>\nVos kelios datul\u0117s gali numal\u0161inti poreik\u012f saldumynams ar tapti maistingu u\u017ekand\u017eiu. Tod\u0117l i\u0161 ties\u0173, verta \u012ftraukti \u012f kasdien\u012f maisto racion\u0105.<\/p>\n<p>Energin\u0117 ir maistin\u0117 vert\u0117 100 g: 289 kcal\/1210 kJ, riebal\u0173 0,1 g, i\u0161 kuri\u0173 so\u010di\u0173j\u0173 riebal\u0173 r\u016bg\u0161\u010di\u0173 0 g, angliavandeni\u0173 75g, i\u0161 kuri\u0173 cukr\u0173 65g, baltym\u0173 2,2 g, druskos 2mg.<\/p>\n<p><strong>Sudedamosios dalys:<\/strong>\u00a0d\u017eiovintos datul\u0117s. Laikyti sausoje, \u0161varioje ir v\u0117sioje vietoje. Laikymo temperat\u016bra: nuo 0\u00b0C iki 25\u00b0C.<\/p>\n<p><strong>Kilm\u0117s \u0161lis:<\/strong>\u00a0Pakistanas, Iranas<\/p>","protected":false},"excerpt":{"rendered":"<p>Datul\u0117s be kauliuk\u0173 Datul\u0117s \u2013 skanus saldus vaisius, kuris reguliuoja vir\u0161kinim\u0105.\u00a0Datul\u0117se yra mineral\u0173 ir l\u0105stelienos, aliejaus, kalcio, sieros, gele\u017eies, fosforo, magnio. Labai vertingos didinant raumen\u0173 mas\u0119. Vos kelios datul\u0117s gali numal\u0161inti poreik\u012f saldumynams ar tapti maistingu u\u017ekand\u017eiu. Tod\u0117l i\u0161 ties\u0173, verta \u012ftraukti \u012f kasdien\u012f maisto racion\u0105. Energin\u0117 ir maistin\u0117 vert\u0117 100 g: 289 kcal\/1210 kJ,&#8230;<\/p>","protected":false},"featured_media":432,"template":"","meta":{"_acf_changed":false},"product_brand":[],"product_cat":[42],"product_tag":[],"class_list":{"0":"post-431","1":"product","2":"type-product","3":"status-publish","4":"has-post-thumbnail","6":"product_cat-dziovinti-vaisiai-uogos","7":"nt-post-class","8":"","9":"masonry-item","10":"col-lg-6","14":"excerpt-none","18":"first","19":"instock","20":"taxable","21":"shipping-taxable","22":"purchasable","23":"product-type-variable","24":"add-to-wishlist-after_add_to_cart"},"acf":[],"_links":{"self":[{"href":"https:\/\/chiaseklos.lt\/en\/wp-json\/wp\/v2\/product\/431","targetHints":{"allow":["GET"]}}],"collection":[{"href":"https:\/\/chiaseklos.lt\/en\/wp-json\/wp\/v2\/product"}],"about":[{"href":"https:\/\/chiaseklos.lt\/en\/wp-json\/wp\/v2\/types\/product"}],"wp:featuredmedia":[{"embeddable":true,"href":"https:\/\/chiaseklos.lt\/en\/wp-json\/wp\/v2\/media\/432"}],"wp:attachment":[{"href":"https:\/\/chiaseklos.lt\/en\/wp-json\/wp\/v2\/media?parent=431"}],"wp:term":[{"taxonomy":"product_brand","embeddable":true,"href":"https:\/\/chiaseklos.lt\/en\/wp-json\/wp\/v2\/product_brand?post=431"},{"taxonomy":"product_cat","embeddable":true,"href":"https:\/\/chiaseklos.lt\/en\/wp-json\/wp\/v2\/product_cat?post=431"},{"taxonomy":"product_tag","embeddable":true,"href":"https:\/\/chiaseklos.lt\/en\/wp-json\/wp\/v2\/product_tag?post=431"}],"curies":[{"name":"wp","href":"https:\/\/api.w.org\/{rel}","templated":true}]}}