{"id":415,"date":"2019-08-01T12:13:11","date_gmt":"2019-08-01T12:13:11","guid":{"rendered":"http:\/\/chiaseklos.anapolet.de\/?post_type=product&#038;p=415"},"modified":"2026-02-24T06:59:22","modified_gmt":"2026-02-24T06:59:22","slug":"bolivine-balanda-kynva","status":"publish","type":"product","link":"https:\/\/chiaseklos.lt\/en\/product\/bolivine-balanda-kynva\/","title":{"rendered":"Bolivin\u0117 balanda Kynva"},"content":{"rendered":"<h3 data-start=\"150\" data-end=\"219\">Bolivin\u0117 balanda Kynva \u2013 maistingas ir nat\u016bralus supermaistas<\/h3>\n<p data-start=\"221\" data-end=\"653\">Bolivin\u0117 balanda Kynva\u00a0yra nat\u016bralus ir itin maistingas produktas, vertinamas d\u0117l savo i\u0161skirtini\u0173 maistini\u0173 savybi\u0173. \u0160i augalin\u0117 kult\u016bra turi net <strong data-start=\"390\" data-end=\"420\">devyni\u0173 r\u016b\u0161i\u0173 aminor\u016bg\u0161\u010di\u0173<\/strong>, tod\u0117l laikoma visaverte maistine alternatyva gr\u016bdams. D\u0117l didelio baltym\u0173 kiekio, skaidulini\u0173 med\u017eiag\u0173 ir angliavandeni\u0173 balanso, bolivin\u0117 balanda puikiai tinka sveikai ir subalansuotai mitybai, suteikiant energijos visai dienai.<\/p>\n<p data-start=\"655\" data-end=\"1006\">Skirtingai nuo gr\u016bdini\u0173 kult\u016br\u0173, bolivin\u0117 balanda <strong data-start=\"705\" data-end=\"723\">neturi glitimo<\/strong>, tod\u0117l ji ypa\u010d tinkama \u017emon\u0117ms, kuriems reikia vengti \u0161ios med\u017eiagos arba kurie yra jautr\u016bs maistui. I\u0161 kynvos pagamintas maistas lengvai vir\u0161kinamas, nealergizuoja ir gali b\u016bti \u012ftrauktas \u012f \u012fvairi\u0173 am\u017eiaus grupi\u0173 mityb\u0105, tod\u0117l tinka tiek suaugusiems, tiek vaikams ir visai \u0161eimai.<\/p>\n<p data-start=\"1008\" data-end=\"1446\">Bolivin\u0117 balanda yra universali ir lengvai paruo\u0161iama. Prie\u0161 naudojim\u0105 rekomenduojama s\u0117klas perplauti \u0161variu vandeniu. Virimo procesas trunka 15\u201320 minu\u010di\u0173, naudojant santyk\u012f su vandeniu 1:2. Po paruo\u0161imo balanda i\u0161laiko maloni\u0105 tekst\u016br\u0105 ir lengv\u0105 rie\u0161ut\u0173 skon\u012f, puikiai derant\u012f su dar\u017eov\u0117mis, tro\u0161kiniais, salotomis ar kitais patiekalais. D\u0117l neutralaus skonio kynv\u0105 galima derinti tiek su sald\u017eiais, tiek su s\u016bresniais ingredientais.<\/p>\n<p data-start=\"1448\" data-end=\"1833\">Bolivin\u0117 balanda yra maistingas pasirinkimas norintiems palaikyti sveik\u0105 gyvenimo b\u016bd\u0105. Joje yra <strong data-start=\"1545\" data-end=\"1599\">13,7 g baltym\u0173, 64 g angliavandeni\u0173, 7,1 g riebal\u0173<\/strong> bei svarbi\u0173 mikroelement\u0173 100 g produkto, tod\u0117l ji praturtina mityb\u0105 ir suteikia ilgalaik\u012f sotumo jausm\u0105. Balanda taip pat turi nedidel\u012f cukraus kiek\u012f ir visi\u0161kai neturi druskos, tod\u0117l tinka \u012fvairioms dietoms ir mitybos poreikiams.<\/p>\n<p data-start=\"1835\" data-end=\"2052\">Laikyti bolivin\u0119 baland\u0105 reikia sausoje, v\u0117sioje vietoje, apsaugotoje nuo dr\u0117gm\u0117s. Kilm\u0117s \u0161alis \u2013 Peru, kur \u0161ios s\u0117klos auginamos palankiomis klimato s\u0105lygomis ir i\u0161saugo vis\u0105 savo nat\u016bral\u0173 skon\u012f bei maistin\u0119 vert\u0119.<\/p>\n<p data-start=\"2054\" data-end=\"2196\">Bolivin\u0117 balanda (Kynva) \u2013 nat\u016bralus, lengvai vir\u0161kinamas ir labai maistingas pasirinkimas, praturtinantis kasdien\u0119 mityb\u0105 visai \u0161eimai.<\/p>\n<p><span style=\"color: #000000;\">Sudedamosios dalys: bolivin\u0117 balanda<\/span><\/p>\n<p><span style=\"color: #000000;\">Kilm\u0117s \u0161alis: Peru<\/span><\/p>\n<p><span style=\"color: #000000;\">Energin\u0117 ir maistin\u0117 vert\u0117 100 g: 356 kcal\/1490 kJ, riebal\u0173 7,1 g, i\u0161 kuri\u0173 so\u010di\u0173j\u0173 riebal\u0173 r\u016bg\u0161\u010di\u0173 1 g, angliavandeni\u0173 64 g, i\u0161 kuri\u0173 cukr\u0173 3,5 g, baltym\u0173 13,7 g, druskos 0 g.<\/span><\/p>\n<p><span style=\"color: #000000;\">Laikyti: sausoje, v\u0117sioje vietoje.<\/span><\/p>","protected":false},"excerpt":{"rendered":"<p>Bolivin\u0117 balanda Kynva \u2013 maistingas ir nat\u016bralus supermaistas Bolivin\u0117 balanda Kynva\u00a0yra nat\u016bralus ir itin maistingas produktas, vertinamas d\u0117l savo i\u0161skirtini\u0173 maistini\u0173 savybi\u0173. \u0160i augalin\u0117 kult\u016bra turi net devyni\u0173 r\u016b\u0161i\u0173 aminor\u016bg\u0161\u010di\u0173, tod\u0117l laikoma visaverte maistine alternatyva gr\u016bdams. D\u0117l didelio baltym\u0173 kiekio, skaidulini\u0173 med\u017eiag\u0173 ir angliavandeni\u0173 balanso, bolivin\u0117 balanda puikiai tinka sveikai ir subalansuotai mitybai, suteikiant energijos&#8230;<\/p>","protected":false},"featured_media":419,"template":"","meta":{"_acf_changed":false},"product_brand":[],"product_cat":[100,17,65],"product_tag":[],"class_list":{"0":"post-415","1":"product","2":"type-product","3":"status-publish","4":"has-post-thumbnail","6":"product_cat-kruopos","7":"product_cat-seklos","8":"product_cat-supermaistas","9":"nt-post-class","10":"","11":"masonry-item","12":"col-lg-6","16":"excerpt-none","20":"first","21":"instock","22":"taxable","23":"shipping-taxable","24":"purchasable","25":"product-type-variable","26":"has-default-attributes","27":"add-to-wishlist-after_add_to_cart"},"acf":[],"_links":{"self":[{"href":"https:\/\/chiaseklos.lt\/en\/wp-json\/wp\/v2\/product\/415","targetHints":{"allow":["GET"]}}],"collection":[{"href":"https:\/\/chiaseklos.lt\/en\/wp-json\/wp\/v2\/product"}],"about":[{"href":"https:\/\/chiaseklos.lt\/en\/wp-json\/wp\/v2\/types\/product"}],"wp:featuredmedia":[{"embeddable":true,"href":"https:\/\/chiaseklos.lt\/en\/wp-json\/wp\/v2\/media\/419"}],"wp:attachment":[{"href":"https:\/\/chiaseklos.lt\/en\/wp-json\/wp\/v2\/media?parent=415"}],"wp:term":[{"taxonomy":"product_brand","embeddable":true,"href":"https:\/\/chiaseklos.lt\/en\/wp-json\/wp\/v2\/product_brand?post=415"},{"taxonomy":"product_cat","embeddable":true,"href":"https:\/\/chiaseklos.lt\/en\/wp-json\/wp\/v2\/product_cat?post=415"},{"taxonomy":"product_tag","embeddable":true,"href":"https:\/\/chiaseklos.lt\/en\/wp-json\/wp\/v2\/product_tag?post=415"}],"curies":[{"name":"wp","href":"https:\/\/api.w.org\/{rel}","templated":true}]}}