{"id":398,"date":"2019-08-01T09:53:35","date_gmt":"2019-08-01T09:53:35","guid":{"rendered":"http:\/\/chiaseklos.anapolet.de\/?post_type=product&#038;p=398"},"modified":"2026-03-18T13:11:33","modified_gmt":"2026-03-18T13:11:33","slug":"dziovintos-figos-lerida-dideles","status":"publish","type":"product","link":"https:\/\/chiaseklos.lt\/en\/product\/dziovintos-figos-lerida-dideles\/","title":{"rendered":"D\u017eiovintos Figos Lerida"},"content":{"rendered":"<p><strong>D\u017eiovintos Figos Lerida<\/strong><\/p>\n<p data-start=\"0\" data-end=\"404\"><strong data-start=\"0\" data-end=\"27\">D\u017eiovintos figos Lerida<\/strong> \u2013 tai nat\u016braliai saldus ir vertinamas vaisi\u0173 u\u017ekandis, pasi\u017eymintis mink\u0161ta tekst\u016bra, sodriu skoniu ir pla\u010diu panaudojimu virtuv\u0117je. \u0160ios figos yra vienos populiariausi\u0173 d\u017eiovint\u0173 fig\u0173 r\u016b\u0161i\u0173, vertinamos d\u0117l savo kokyb\u0117s, \u0161velnaus saldumo ir malonaus vaisinio aromato. <strong data-start=\"296\" data-end=\"323\">D\u017eiovintos figos Lerida<\/strong> puikiai tinka tiek kasdieniam u\u017ekand\u017eiui, tiek \u012fvairiems patiekalams pagardinti.<\/p>\n<p data-start=\"406\" data-end=\"807\">Figos nuo seno vertinamos \u012fvairiose pasaulio virtuv\u0117se d\u0117l savo nat\u016bralaus saldumo ir maistin\u0117s vert\u0117s. D\u017eiovinimo procesas leid\u017eia i\u0161saugoti vaisiaus skon\u012f ir aromat\u0105, tod\u0117l d\u017eiovintos figos yra patogus b\u016bdas m\u0117gautis \u0161iuo vaisiumi i\u0161tisus metus. <strong data-start=\"654\" data-end=\"675\">Lerida tipo figos<\/strong> pasi\u017eymi mink\u0161ta, \u0161iek tiek lipnia tekst\u016bra ir sodriu skoniu, tod\u0117l jas lengva valgyti vienas arba naudoti \u012fvairiuose patiekaluose.<\/p>\n<p data-start=\"809\" data-end=\"1163\">D\u017eiovintos figos nat\u016braliai turi \u012fvairi\u0173 <strong data-start=\"850\" data-end=\"874\">mineralini\u0173 med\u017eiag\u0173<\/strong>, kurios randamos vaisiuose. Jose aptinkama <strong data-start=\"918\" data-end=\"953\">kalio, kalcio, vario ir mangano<\/strong>. \u0160ie mineralai yra b\u016bdingi daugeliui vaisi\u0173 ir da\u017enai minimi kalbant apie \u012fvairi\u0105 ir subalansuot\u0105 mityb\u0105. Be to, figos turi <strong data-start=\"1078\" data-end=\"1100\">maistini\u0173 skaidul\u0173<\/strong>, kurios yra svarbi augalin\u0117s kilm\u0117s produkt\u0173 sudedamoji dalis.<\/p>\n<p data-start=\"1165\" data-end=\"1464\">D\u0117l savo sud\u0117ties <strong data-start=\"1183\" data-end=\"1210\">d\u017eiovintos figos Lerida<\/strong> da\u017enai \u012ftraukiamos \u012f \u012fvair\u0173 kasdien\u012f racion\u0105. D\u017eiovinti vaisiai gali b\u016bti patogus pasirinkimas \u017emon\u0117ms, kurie nori tur\u0117ti greit\u0105 ir nat\u016bral\u0173 u\u017ekand\u012f dienos metu. Figos pasi\u017eymi nat\u016braliu saldumu, tod\u0117l jos gali b\u016bti alternatyva saldumynams ar desertams.<\/p>\n<p data-start=\"1466\" data-end=\"1804\"><strong data-start=\"1466\" data-end=\"1493\">D\u017eiovintos figos Lerida<\/strong> yra labai universalios virtuv\u0117je. Jas galima valgyti vienas kaip sald\u0173 u\u017ekand\u012f tarp pagrindini\u0173 valgym\u0173. Taip pat figos puikiai tinka gardinti \u012fvairius pusry\u010di\u0173 patiekalus \u2013 <strong data-start=\"1668\" data-end=\"1705\">ko\u0161es, granol\u0105, jogurt\u0105 ar var\u0161k\u0119<\/strong>. Susmulkintos figos gali b\u016bti dedamos \u012f <strong data-start=\"1746\" data-end=\"1803\">kepinius, pyragus, sausainius ar energijos baton\u0117lius<\/strong>.<\/p>\n<p data-start=\"1806\" data-end=\"2127\">Figos taip pat puikiai dera su \u012fvairiais kitais produktais. Jos da\u017enai derinamos su <strong data-start=\"1890\" data-end=\"1944\">rie\u0161utais, s\u0117klomis ar kitais d\u017eiovintais vaisiais<\/strong>, ruo\u0161iant u\u017ekand\u017ei\u0173 mi\u0161inius. D\u017eiovintos figos gali b\u016bti naudojamos ir <strong data-start=\"2016\" data-end=\"2028\">salotose<\/strong>, derinant jas su dar\u017eov\u0117mis ar s\u016briais. Toks derinys suteikia patiekalams subtil\u0173 saldumo akcent\u0105.<\/p>\n<p data-start=\"2129\" data-end=\"2440\">Dar vienas fig\u0173 privalumas \u2013 j\u0173 universalumas kulinarijoje. Jos gali b\u016bti naudojamos ruo\u0161iant \u012fvairius desertus, vaisi\u0173 u\u017ekand\u017eius ar net kai kuriuos pikanti\u0161kus patiekalus. D\u0117l mink\u0161tos tekst\u016bros figos lengvai smulkinamos ir gali b\u016bti naudojamos kaip nat\u016bralus ingredientas kepiniuose ar naminiuose desertuose.<\/p>\n<p data-start=\"2442\" data-end=\"2656\"><strong data-start=\"2442\" data-end=\"2469\">D\u017eiovintos figos Lerida<\/strong> taip pat puikiai tinka kelion\u0117ms ar u\u017ekand\u017eiui darbe, nes jos yra patogios pasiimti su savimi. Tai produktas, kur\u012f galima laikyti sandariai u\u017edarytoje pakuot\u0117je ir vartoti pagal poreik\u012f.<\/p>\n<p data-start=\"2658\" data-end=\"2899\">Rinkdamiesi <strong data-start=\"2670\" data-end=\"2697\">d\u017eiovintas figas Lerida<\/strong>, j\u016bs pasirenkate nat\u016bral\u0173 ir gard\u0173 produkt\u0105, kuris gali papildyti kasdien\u0119 mityb\u0105 \u012fvairiais skoniais. \u0160ios figos tinka tiek kasdieniam vartojimui, tiek \u012fvairiems kulinariniams eksperimentams virtuv\u0117je.<\/p>\n<p data-start=\"2901\" data-end=\"3054\" data-is-last-node=\"\" data-is-only-node=\"\"><strong data-start=\"2901\" data-end=\"2928\">D\u017eiovintos figos Lerida<\/strong> \u2013 tai saldus, mink\u0161tas ir universalus vaisi\u0173 u\u017ekandis, kuris gali tapti skaniu ir patogiu pasirinkimu j\u016bs\u0173 kasdieniam stalui.<\/p>\n<p><strong>SUD\u0116TIS:\u00a0<\/strong>\u00a0D\u017eiovintos figos<\/p>\n<p><strong>LAIKYMO S\u0104LYGOS:\u00a0<\/strong>Laikyti sausoje, v\u0117sioje vietoje. Laikymo temperat\u016bra: nuo 0\u00b0C iki 8\u00b0C.<\/p>\n<p><strong>KILM\u0116S \u0160ALIS: Turkija<\/strong><\/p>\n<p>100 g. maistin\u0117 vert\u0117:\u00a0Energetin\u0117 vert\u0117: 298 kcal \/ 1248 kJ.\u00a0Angliavandeni\u0173: 66 g. i\u0161 j\u0173 cukr\u0173: 51,8 g.\u00a0Riebal\u0173: 2,7 g. i\u0161 j\u0173 so\u010di\u0173j\u0173 riebal\u0173: 0,1 g.\u00a0Baltym\u0173: 1,9 g.\u00a0Druskos: &lt;0,4 g.<\/p>\n<p>&nbsp;<\/p>","protected":false},"excerpt":{"rendered":"<p>D\u017eiovintos Figos Lerida D\u017eiovintos figos Lerida \u2013 tai nat\u016braliai saldus ir vertinamas vaisi\u0173 u\u017ekandis, pasi\u017eymintis mink\u0161ta tekst\u016bra, sodriu skoniu ir pla\u010diu panaudojimu virtuv\u0117je. \u0160ios figos yra vienos populiariausi\u0173 d\u017eiovint\u0173 fig\u0173 r\u016b\u0161i\u0173, vertinamos d\u0117l savo kokyb\u0117s, \u0161velnaus saldumo ir malonaus vaisinio aromato. D\u017eiovintos figos Lerida puikiai tinka tiek kasdieniam u\u017ekand\u017eiui, tiek \u012fvairiems patiekalams pagardinti. Figos nuo&#8230;<\/p>","protected":false},"featured_media":34738,"template":"","meta":{"_acf_changed":false},"product_brand":[],"product_cat":[42,70],"product_tag":[],"class_list":{"0":"post-398","1":"product","2":"type-product","3":"status-publish","4":"has-post-thumbnail","6":"product_cat-dziovinti-vaisiai-uogos","7":"product_cat-akcijos","8":"nt-post-class","9":"","10":"masonry-item","11":"col-lg-6","15":"excerpt-none","19":"first","20":"instock","21":"sale","22":"featured","23":"taxable","24":"shipping-taxable","25":"purchasable","26":"product-type-variable","27":"add-to-wishlist-after_add_to_cart"},"acf":[],"_links":{"self":[{"href":"https:\/\/chiaseklos.lt\/en\/wp-json\/wp\/v2\/product\/398","targetHints":{"allow":["GET"]}}],"collection":[{"href":"https:\/\/chiaseklos.lt\/en\/wp-json\/wp\/v2\/product"}],"about":[{"href":"https:\/\/chiaseklos.lt\/en\/wp-json\/wp\/v2\/types\/product"}],"wp:featuredmedia":[{"embeddable":true,"href":"https:\/\/chiaseklos.lt\/en\/wp-json\/wp\/v2\/media\/34738"}],"wp:attachment":[{"href":"https:\/\/chiaseklos.lt\/en\/wp-json\/wp\/v2\/media?parent=398"}],"wp:term":[{"taxonomy":"product_brand","embeddable":true,"href":"https:\/\/chiaseklos.lt\/en\/wp-json\/wp\/v2\/product_brand?post=398"},{"taxonomy":"product_cat","embeddable":true,"href":"https:\/\/chiaseklos.lt\/en\/wp-json\/wp\/v2\/product_cat?post=398"},{"taxonomy":"product_tag","embeddable":true,"href":"https:\/\/chiaseklos.lt\/en\/wp-json\/wp\/v2\/product_tag?post=398"}],"curies":[{"name":"wp","href":"https:\/\/api.w.org\/{rel}","templated":true}]}}