{"id":38745,"date":"2026-04-30T11:38:51","date_gmt":"2026-04-30T11:38:51","guid":{"rendered":"https:\/\/chiaseklos.lt\/?post_type=product&#038;p=38745"},"modified":"2026-04-30T13:11:12","modified_gmt":"2026-04-30T13:11:12","slug":"svarainiu-arbatos-koncentratas","status":"publish","type":"product","link":"https:\/\/chiaseklos.lt\/en\/product\/svarainiu-arbatos-koncentratas\/","title":{"rendered":"Svaraini\u0173 arbatos koncentratas"},"content":{"rendered":"<p class=\"h1\">Svaraini\u0173 arbatos koncentratas<\/p>\n<p>5 vnt x 30ml<\/p>\n<p>Svaraini\u0173 arbatos koncentratas gali atgaivinti kar\u0161t\u0105 vasaros dien\u0105 ir su\u0161ildyti \u0161alt\u0105 \u017eiemos vakar\u0105. Kvie\u010diame i\u0161bandyti patogiau supakuot\u0105 \u017dolyn\u0117lio arbatos koncentrat\u0105, kuris tinka tiek kar\u0161tiems, tiek \u0161altiems g\u0117rimams.<\/p>\n<p>J\u016bs\u0173 \u0161irdis u\u017ekariav\u0119 arbatos koncentratai kvie\u010dia m\u0117gautis gaiviai sald\u017eiais skoniais bet kuriu met\u0173 laiku. U\u017epilkite \u0161lakel\u012f svaraini\u0173 arbatos koncentrato kar\u0161tu vandeniu ir m\u0117gaukites sald\u017eiu g\u0117rimu, kai tik norisi su\u0161ilti. O jei norisi atsigaivinti \u2013 u\u017epilkite \u0161altu vandeniu, pagardinkite uogomis ir gausite gaiv\u0173 g\u0117rim\u0105.<\/p>\n<p>Viena pakuot\u0117 yra 30ml spanguoli\u0173 arbatos koncentrato.<\/p>\n<p><strong>Sudedamosios dalys:<\/strong>\u00a0pasterizuotos \u0161alto spaudimo svaraini\u0173 sultys 60 %, cukrus, tir\u0161tiklis guaro (pupeni\u0173) derva. Be kvapi\u0173j\u0173 med\u017eiag\u0173.<\/p>\n<table border=\"1\" width=\"574\">\n<tbody>\n<tr>\n<td>Energin\u0117 vert\u0117: 100 g koncentrato<\/td>\n<td>818 kJ \/ 193 kcl<\/td>\n<\/tr>\n<tr>\n<td>Riebalai<\/td>\n<td>0,36 g<\/td>\n<\/tr>\n<tr>\n<td>&#8211; i\u0161 kuri\u0173 so\u010di\u0173j\u0173 riebal\u0173 r\u016bg\u0161\u010di\u0173<\/td>\n<td>0,06 g<\/td>\n<\/tr>\n<tr>\n<td>Angliavandeniai<\/td>\n<td>47,2 g<\/td>\n<\/tr>\n<tr>\n<td>&#8211; i\u0161 kuri\u0173 cukr\u0173<\/td>\n<td>45,94 g<\/td>\n<\/tr>\n<tr>\n<td>Baltymai<br \/>\nSkaidulos<\/td>\n<td>0,12 g<br \/>\n0,0 g<\/td>\n<\/tr>\n<tr>\n<td>Druska<\/td>\n<td>0,06 g<\/td>\n<\/tr>\n<\/tbody>\n<\/table>\n<p><strong>Vartojimas:<\/strong>\u00a0paket\u0117lio turin\u012f u\u017epilkite 300 ml \u0161alto arba kar\u0161to vandens. G\u0117rim\u0105 galima pagardinti skiltele laimo, citrinos, apelsino, cinamonu ar uogomis. Prie\u0161 geriant i\u0161mai\u0161yti.<\/p>\n<p><strong>Laikymo s\u0105lygos:<\/strong>\u00a0neprapl\u0117\u0161t\u0105 pakuot\u0119 laikyti kambario temperat\u016bros nuo tiesiogini\u0173 saul\u0117s spinduli\u0173 apsaugotoje vietoje. Prapl\u0117\u0161us, ta\u010diau nesuvartojus, pakuot\u0119 laikyti \u0161aldytuve. Rekomenduojama nelaikyti ilgiau nei savait\u0119. Produktas gali tur\u0117ti nat\u016bralios kilm\u0117s nuos\u0117d\u0173.<\/p>","protected":false},"excerpt":{"rendered":"<p>Svaraini\u0173 arbatos koncentratas 5 vnt x 30ml Svaraini\u0173 arbatos koncentratas gali atgaivinti kar\u0161t\u0105 vasaros dien\u0105 ir su\u0161ildyti \u0161alt\u0105 \u017eiemos vakar\u0105. Kvie\u010diame i\u0161bandyti patogiau supakuot\u0105 \u017dolyn\u0117lio arbatos koncentrat\u0105, kuris tinka tiek kar\u0161tiems, tiek \u0161altiems g\u0117rimams. J\u016bs\u0173 \u0161irdis u\u017ekariav\u0119 arbatos koncentratai kvie\u010dia m\u0117gautis gaiviai sald\u017eiais skoniais bet kuriu met\u0173 laiku. U\u017epilkite \u0161lakel\u012f svaraini\u0173 arbatos koncentrato kar\u0161tu vandeniu&#8230;<\/p>","protected":false},"featured_media":38746,"template":"","meta":{"_acf_changed":false},"product_brand":[],"product_cat":[63],"product_tag":[],"class_list":{"0":"post-38745","1":"product","2":"type-product","3":"status-publish","4":"has-post-thumbnail","6":"product_cat-arbatos","7":"nt-post-class","8":"","9":"masonry-item","10":"col-lg-6","14":"excerpt-none","18":"first","19":"instock","20":"taxable","21":"shipping-taxable","22":"purchasable","23":"product-type-simple","24":"add-to-wishlist-after_add_to_cart"},"acf":[],"_links":{"self":[{"href":"https:\/\/chiaseklos.lt\/en\/wp-json\/wp\/v2\/product\/38745","targetHints":{"allow":["GET"]}}],"collection":[{"href":"https:\/\/chiaseklos.lt\/en\/wp-json\/wp\/v2\/product"}],"about":[{"href":"https:\/\/chiaseklos.lt\/en\/wp-json\/wp\/v2\/types\/product"}],"wp:featuredmedia":[{"embeddable":true,"href":"https:\/\/chiaseklos.lt\/en\/wp-json\/wp\/v2\/media\/38746"}],"wp:attachment":[{"href":"https:\/\/chiaseklos.lt\/en\/wp-json\/wp\/v2\/media?parent=38745"}],"wp:term":[{"taxonomy":"product_brand","embeddable":true,"href":"https:\/\/chiaseklos.lt\/en\/wp-json\/wp\/v2\/product_brand?post=38745"},{"taxonomy":"product_cat","embeddable":true,"href":"https:\/\/chiaseklos.lt\/en\/wp-json\/wp\/v2\/product_cat?post=38745"},{"taxonomy":"product_tag","embeddable":true,"href":"https:\/\/chiaseklos.lt\/en\/wp-json\/wp\/v2\/product_tag?post=38745"}],"curies":[{"name":"wp","href":"https:\/\/api.w.org\/{rel}","templated":true}]}}