{"id":38742,"date":"2026-04-30T11:27:54","date_gmt":"2026-04-30T11:27:54","guid":{"rendered":"https:\/\/chiaseklos.lt\/?post_type=product&#038;p=38742"},"modified":"2026-04-30T11:27:54","modified_gmt":"2026-04-30T11:27:54","slug":"spanguoliu-arbatos-koncentratas","status":"publish","type":"product","link":"https:\/\/chiaseklos.lt\/en\/product\/spanguoliu-arbatos-koncentratas\/","title":{"rendered":"Spanguoli\u0173 arbatos koncentratas"},"content":{"rendered":"<p class=\"h1\">Spanguoli\u0173 arbatos koncentratas<\/p>\n<p>5 vnt x 30ml<\/p>\n<p>Spanguoli\u0173 arbatos koncentratas gali atgaivinti kar\u0161t\u0105 vasaros dien\u0105 ir su\u0161ildyti \u0161alt\u0105 \u017eiemos vakar\u0105. Kvie\u010diame i\u0161bandyti patogiau supakuot\u0105 \u017dolyn\u0117lio arbatos koncentrat\u0105, kuris tinka tiek kar\u0161tiems, tiek \u0161altiems g\u0117rimams.<\/p>\n<div id=\"product-description-short-622\" class=\"short-desc\">\n<p>\u017dolyn\u0117lio spanguoli\u0173 arbatos koncentratas nenuvils savo sodriu skoniu, ir patiks tiems, kuriems norisi r\u016bg\u0161tesnio g\u0117rimo. Pasigaminti skan\u0173 \u0161ilt\u0105 g\u0117rim\u0105 su \u0161iuo produktu visai nesunku \u2013 \u0161lakel\u012f spanguoli\u0173 koncentrato u\u017epilkite kar\u0161tu vandeniu. V\u0117saus g\u0117rimo receptas taip pat paprastas \u2013 tereikia koncentrat\u0105 u\u017epilti \u0161altu ar gazuotu vandeniu, \u012f stiklin\u0119 \u012fmesti kelias j\u016bs\u0173 m\u0117gstamas uogas.<\/p>\n<p>Viena pakuot\u0117 yra 30ml spanguoli\u0173 arbatos koncentrato.<\/p>\n<p><strong>Sudedamosios dalys:<\/strong>\u00a0pasterizuotos \u0161alto spaudimo spanguoli\u0173 sultys 60 %, cukrus, tir\u0161tiklis guaro (pupeni\u0173) derva. Be kvapi\u0173j\u0173 med\u017eiag\u0173.<\/p>\n<table border=\"1\" width=\"574\">\n<tbody>\n<tr>\n<td>Energin\u0117 vert\u0117: 100 g koncentrato<\/td>\n<td>763 kJ \/ 180 kcal<\/td>\n<\/tr>\n<tr>\n<td>Riebalai<\/td>\n<td>0,60 g<\/td>\n<\/tr>\n<tr>\n<td>&#8211; i\u0161 kuri\u0173 so\u010di\u0173j\u0173 riebal\u0173 r\u016bg\u0161\u010di\u0173<\/td>\n<td>0,00 g<\/td>\n<\/tr>\n<tr>\n<td>Angliavandeniai<\/td>\n<td>43,54 g<\/td>\n<\/tr>\n<tr>\n<td>&#8211; i\u0161 kuri\u0173 cukr\u0173<\/td>\n<td>42,66 g<\/td>\n<\/tr>\n<tr>\n<td>Baltymai<br \/>\nSkaidulos<\/td>\n<td>0,12 g<br \/>\n0,0 g<\/td>\n<\/tr>\n<tr>\n<td>Druska<\/td>\n<td>0,06 g<\/td>\n<\/tr>\n<\/tbody>\n<\/table>\n<\/div>\n<p><strong>Vartojimas:<\/strong>\u00a0paket\u0117lio turin\u012f u\u017epilkite 300 ml \u0161alto arba kar\u0161to vandens. G\u0117rim\u0105 galima pagardinti skiltele laimo, citrinos, apelsino, cinamonu ar uogomis. Prie\u0161 geriant i\u0161mai\u0161yti.<br \/>\n<strong>Laikymo s\u0105lygos:<\/strong>\u00a0neprapl\u0117\u0161t\u0105 pakuot\u0119 laikyti kambario temperat\u016bros nuo tiesiogini\u0173 saul\u0117s spinduli\u0173 apsaugotoje vietoje. Prapl\u0117\u0161us, ta\u010diau nesuvartojus, pakuot\u0119 laikyti \u0161aldytuve. Rekomenduojama nelaikyti ilgiau nei savait\u0119. Produktas gali tur\u0117ti nat\u016bralios kilm\u0117s nuos\u0117d\u0173.<\/p>\n<p>&nbsp;<\/p>\n<p>&nbsp;<\/p>","protected":false},"excerpt":{"rendered":"<p>Spanguoli\u0173 arbatos koncentratas 5 vnt x 30ml Spanguoli\u0173 arbatos koncentratas gali atgaivinti kar\u0161t\u0105 vasaros dien\u0105 ir su\u0161ildyti \u0161alt\u0105 \u017eiemos vakar\u0105. Kvie\u010diame i\u0161bandyti patogiau supakuot\u0105 \u017dolyn\u0117lio arbatos koncentrat\u0105, kuris tinka tiek kar\u0161tiems, tiek \u0161altiems g\u0117rimams. \u017dolyn\u0117lio spanguoli\u0173 arbatos koncentratas nenuvils savo sodriu skoniu, ir patiks tiems, kuriems norisi r\u016bg\u0161tesnio g\u0117rimo. Pasigaminti skan\u0173 \u0161ilt\u0105 g\u0117rim\u0105 su \u0161iuo&#8230;<\/p>","protected":false},"featured_media":38743,"template":"","meta":{"_acf_changed":false},"product_brand":[],"product_cat":[63,88],"product_tag":[],"class_list":{"0":"post-38742","1":"product","2":"type-product","3":"status-publish","4":"has-post-thumbnail","6":"product_cat-arbatos","7":"product_cat-naujiena","8":"nt-post-class","9":"","10":"masonry-item","11":"col-lg-6","15":"excerpt-none","19":"first","20":"instock","21":"taxable","22":"shipping-taxable","23":"purchasable","24":"product-type-simple","25":"add-to-wishlist-after_add_to_cart"},"acf":[],"_links":{"self":[{"href":"https:\/\/chiaseklos.lt\/en\/wp-json\/wp\/v2\/product\/38742","targetHints":{"allow":["GET"]}}],"collection":[{"href":"https:\/\/chiaseklos.lt\/en\/wp-json\/wp\/v2\/product"}],"about":[{"href":"https:\/\/chiaseklos.lt\/en\/wp-json\/wp\/v2\/types\/product"}],"wp:featuredmedia":[{"embeddable":true,"href":"https:\/\/chiaseklos.lt\/en\/wp-json\/wp\/v2\/media\/38743"}],"wp:attachment":[{"href":"https:\/\/chiaseklos.lt\/en\/wp-json\/wp\/v2\/media?parent=38742"}],"wp:term":[{"taxonomy":"product_brand","embeddable":true,"href":"https:\/\/chiaseklos.lt\/en\/wp-json\/wp\/v2\/product_brand?post=38742"},{"taxonomy":"product_cat","embeddable":true,"href":"https:\/\/chiaseklos.lt\/en\/wp-json\/wp\/v2\/product_cat?post=38742"},{"taxonomy":"product_tag","embeddable":true,"href":"https:\/\/chiaseklos.lt\/en\/wp-json\/wp\/v2\/product_tag?post=38742"}],"curies":[{"name":"wp","href":"https:\/\/api.w.org\/{rel}","templated":true}]}}