{"id":38738,"date":"2026-04-30T11:13:40","date_gmt":"2026-04-30T11:13:40","guid":{"rendered":"https:\/\/chiaseklos.lt\/?post_type=product&#038;p=38738"},"modified":"2026-04-30T11:13:40","modified_gmt":"2026-04-30T11:13:40","slug":"nervu-sistemai-biri-zoleliu-arbata-dr-e-simkunaite-70-g","status":"publish","type":"product","link":"https:\/\/chiaseklos.lt\/en\/product\/nervu-sistemai-biri-zoleliu-arbata-dr-e-simkunaite-70-g\/","title":{"rendered":"Nerv\u0173 sistemai, biri \u017eoleli\u0173 arbata, Dr.E. \u0160imk\u016bnait\u0117, 70 g"},"content":{"rendered":"<p class=\"h1\">Nerv\u0173 sistemai, biri \u017eoleli\u0173 arbata, Dr.E. \u0160imk\u016bnait\u0117, 70 g<\/p>\n<p>7 \u017eoleli\u0173 derinys pagal \u017eolinink\u0117s Dr. Eugenijos \u0160imk\u016bnait\u0117s receptus<\/p>\n<ul>\n<li><strong>Melis\u0173 lapai, pipirm\u0117\u010di\u0173 lapai, apyni\u0173 spurgai, valerijon\u0173 \u0161aknys, sukat\u017eol\u0117 \u017eol\u0117 gali pad\u0117ti palaikyti nerv\u0173 sistemos funkcij\u0105.<\/strong><\/li>\n<li><strong>Apyni\u0173 spurgai gali pad\u0117ti palaikyti miego kokyb\u0119.<\/strong><\/li>\n<\/ul>\n<p>Sudedamosios dalys: Raudon\u017eied\u017ei\u0173 pasiflor\u0173 \u017eol\u0117 &#8211; 20 %, vaistini\u0173 melis\u0173 lapai &#8211; 20 %, s\u0117jam\u0173j\u0173 avi\u017e\u0173 \u017eol\u0117 &#8211; 20 %, pipirm\u0117\u010di\u0173 lapai &#8211; 10 %, tikr\u0173j\u0173 levand\u0173 \u017eiedai &#8211; 10 %, paprast\u0173j\u0173 apyni\u0173 spurgai &#8211; 10 %, paprast\u0173j\u0173 sukat\u017eoli\u0173 \u017eol\u0117 &#8211; 10 %.<\/p>\n<p><strong>Paruo\u0161imo ir vartojimo b\u016bdas:<\/strong><br \/>\n1 \u0161auk\u0161tel\u012f (2g) arbatos u\u017epilkite 200 ml verdan\u010dio vandens ir u\u017edenkite. Palaikykite 10 minu\u010di\u0173, leisdami atsiskleisti geriausioms \u017eoleli\u0173 savyb\u0117ms ir po to nuko\u0161kite. Gerkite po stiklin\u0119 arbatos 3 kartus per dien\u0105.<br \/>\nSvarbu \u012fvairi ir subalansuota mityba bei sveikas gyvenimo b\u016bdas.<br \/>\nNevartoti asmenims, jautriems arbatos sudedamosioms dalims.<br \/>\nLaikyti sausoje, gerai v\u0117dinamoje patalpoje.<\/p>\n<p>70 g<\/p>","protected":false},"excerpt":{"rendered":"<p>Nerv\u0173 sistemai, biri \u017eoleli\u0173 arbata, Dr.E. \u0160imk\u016bnait\u0117, 70 g 7 \u017eoleli\u0173 derinys pagal \u017eolinink\u0117s Dr. Eugenijos \u0160imk\u016bnait\u0117s receptus Melis\u0173 lapai, pipirm\u0117\u010di\u0173 lapai, apyni\u0173 spurgai, valerijon\u0173 \u0161aknys, sukat\u017eol\u0117 \u017eol\u0117 gali pad\u0117ti palaikyti nerv\u0173 sistemos funkcij\u0105. Apyni\u0173 spurgai gali pad\u0117ti palaikyti miego kokyb\u0119. Sudedamosios dalys: Raudon\u017eied\u017ei\u0173 pasiflor\u0173 \u017eol\u0117 &#8211; 20 %, vaistini\u0173 melis\u0173 lapai &#8211; 20 %,&#8230;<\/p>","protected":false},"featured_media":38739,"template":"","meta":{"_acf_changed":false},"product_brand":[],"product_cat":[63],"product_tag":[],"class_list":{"0":"post-38738","1":"product","2":"type-product","3":"status-publish","4":"has-post-thumbnail","6":"product_cat-arbatos","7":"nt-post-class","8":"","9":"masonry-item","10":"col-lg-6","14":"excerpt-none","18":"first","19":"instock","20":"taxable","21":"shipping-taxable","22":"purchasable","23":"product-type-simple","24":"add-to-wishlist-after_add_to_cart"},"acf":[],"_links":{"self":[{"href":"https:\/\/chiaseklos.lt\/en\/wp-json\/wp\/v2\/product\/38738","targetHints":{"allow":["GET"]}}],"collection":[{"href":"https:\/\/chiaseklos.lt\/en\/wp-json\/wp\/v2\/product"}],"about":[{"href":"https:\/\/chiaseklos.lt\/en\/wp-json\/wp\/v2\/types\/product"}],"wp:featuredmedia":[{"embeddable":true,"href":"https:\/\/chiaseklos.lt\/en\/wp-json\/wp\/v2\/media\/38739"}],"wp:attachment":[{"href":"https:\/\/chiaseklos.lt\/en\/wp-json\/wp\/v2\/media?parent=38738"}],"wp:term":[{"taxonomy":"product_brand","embeddable":true,"href":"https:\/\/chiaseklos.lt\/en\/wp-json\/wp\/v2\/product_brand?post=38738"},{"taxonomy":"product_cat","embeddable":true,"href":"https:\/\/chiaseklos.lt\/en\/wp-json\/wp\/v2\/product_cat?post=38738"},{"taxonomy":"product_tag","embeddable":true,"href":"https:\/\/chiaseklos.lt\/en\/wp-json\/wp\/v2\/product_tag?post=38738"}],"curies":[{"name":"wp","href":"https:\/\/api.w.org\/{rel}","templated":true}]}}