{"id":38736,"date":"2026-04-30T11:10:51","date_gmt":"2026-04-30T11:10:51","guid":{"rendered":"https:\/\/chiaseklos.lt\/?post_type=product&#038;p=38736"},"modified":"2026-04-30T11:10:51","modified_gmt":"2026-04-30T11:10:51","slug":"slapimo-takams-zoleliu-arbata-dr-e-simkunaites-15-pakeliu","status":"publish","type":"product","link":"https:\/\/chiaseklos.lt\/en\/product\/slapimo-takams-zoleliu-arbata-dr-e-simkunaites-15-pakeliu\/","title":{"rendered":"\u0160lapimo takams, \u017eoleli\u0173 arbata, Dr. E. \u0160imk\u016bnait\u0117s, 15 pakeli\u0173"},"content":{"rendered":"<p class=\"h1\">\u0160lapimo takams, \u017eoleli\u0173 arbata, Dr. E. \u0160imk\u016bnait\u0117s, 15 pakeli\u0173<\/p>\n<p>Arbata \u0160lapimo takams Dr. E. \u0160imk\u016bnait\u0117s\u00a0Pagal \u017eolinink\u0117s Dr. Eugenijos \u0160imk\u016bnait\u0117s receptus<\/p>\n<ul>\n<li><b><\/b><b>Ryk\u0161teni\u0173 \u017eol\u0117, krauja\u017eoli\u0173 \u017eol\u0117, ber\u017e\u0173 lapai, vir\u017ei\u0173 \u017eol\u0117<\/b>\u00a0gali pad\u0117ti palaikyti normali\u0105 inkst\u0173 ir \u0161lapimo sistemos organ\u0173 funkcij\u0105, gali pad\u0117ti skatinti \u0161lapimo i\u0161siskyrim\u0105.<\/li>\n<\/ul>\n<p>Habilituota biologijos moksl\u0173 daktar\u0117 Eugenija \u0160imk\u016bnait\u0117 (1920-1996 m.) savo gyvenimu ir veikla sukaup\u0117 ne tik did\u017eiul\u012f etnokult\u016brin\u012f bei intelektualin\u012f turt\u0105 Lietuvai, bet ir paliko nei\u0161dildomus \u012fsp\u016bd\u017eius su ja bendravusiems \u017emon\u0117ms bei suformavo unikal\u0173 savo, kaip liaudies \u017einiuon\u0117s \u012fvaizd\u012f. Siekiant \u012fam\u017einti daktar\u0117s Eugenijos \u0160imk\u016bnait\u0117s, istorin\u0117s lietuvi\u0173 tautos asmenyb\u0117s atminim\u0105 ir gimimo 100-met\u012f, pagal \u017eolinink\u0117s receptus ETNO suk\u016br\u0117 7 \u017eoleli\u0173 arbatas kasdienei sveikatai.<\/p>\n<p>\u012eam\u017eindami \u0161viesaus atminimo vaistinink\u0117s habil. dr. Eugenijos \u0160imk\u016bnait\u0117s atminim\u0105 ir ra\u0161ytin\u012f \u017einiuon\u0117s palikim\u0105 \u201eETNO\u201c kartu su \u201e Eugenijos \u0160imk\u016bnait\u0117s labdaros ir paramos fondu\u201c atnaujino \u017eoleli\u0173 arbatas. Kiekviename mi\u0161inyje suteikdamos magi\u0161k\u0105 darn\u0105 yra suderintos septynios skirtingos \u017eolel\u0117s. Besir\u016bpindami gera savijauta kartu prisiminkime \u017einiuon\u0117s puosel\u0117tas vertybes, dalykim\u0117s sukauptu \u017eini\u0173 ir patirties lobynu, prisid\u0117kime prie Lietuvos vaista\u017eolininkyst\u0117s skatinimo.<\/p>\n<p><strong>Sudedamosios dalys:\u00a0<\/strong>any\u017ei\u0173 vaisiai, ryk\u0161teni\u0173 \u017eol\u0117, vir\u017ei\u0173 \u017eol\u0117, krauja\u017eoli\u0173 \u017eol\u0117, svilaro\u017ei\u0173 lapai, ber\u017e\u0173 lapai, pilk\u0173j\u0173 skleistesni\u0173 \u017eol\u0117.<strong><\/p>\n<p><\/strong><\/p>\n<table border=\"1\">\n<tbody>\n<tr>\n<td><\/td>\n<td>100ml paruo\u0161tos arbatos<\/td>\n<td>Rekomenduojamoje per par\u0105 suvartoti<br \/>\nnormoje 600 ml paruo\u0161tos arbatos<\/td>\n<\/tr>\n<tr>\n<td>Energin\u0117 vert\u0117<\/td>\n<td>6 kJ\/1 kcal<\/td>\n<td>38 kJ\/9 kcal<\/td>\n<\/tr>\n<tr>\n<td>Riebalai<br \/>\n&#8211;\u00a0So\u010di\u0173j\u0173 riebal\u0173 r\u016bg\u0161\u010di\u0173<\/td>\n<td>&lt;0,1 g<br \/>\n&lt;0,1 g<\/td>\n<td>&lt;0,1 g<br \/>\n&lt;0,1 g<\/td>\n<\/tr>\n<tr>\n<td>Angliavandeniai<br \/>\n&#8211; Cukr\u0173<\/td>\n<td>0,37 g<br \/>\n&lt;0,5 g<\/td>\n<td>2,22 g<br \/>\n&lt;0,5 g<\/td>\n<\/tr>\n<tr>\n<td>Baltymai<\/td>\n<td>&lt;0,1 g<\/td>\n<td>&lt;0,1 g<\/td>\n<\/tr>\n<tr>\n<td>Druska<\/td>\n<td>0,0019 g<\/td>\n<td>0,0114 g<\/td>\n<\/tr>\n<\/tbody>\n<\/table>\n<p><strong>Paruo\u0161imo ir vartojimo b\u016bdas:<\/strong>\u00a01 pakel\u012f (2g) arbatos u\u017epilkite 200 ml verdan\u010dio vandens ir u\u017edenkite. Palaikykite 10 minu\u010di\u0173, nuspauskite. Gerkite po stiklin\u0119 arbatos 3 kartus per dien\u0105.<\/p>\n<p>Svarbu \u012fvairi ir subalansuota mityba bei sveikas gyvenimo b\u016bdas. Nevartoti asmenims, jautriems arbatos sudedamosioms dalims. Laikyti sausoje, gerai v\u0117dinamoje patalpoje.<\/p>","protected":false},"excerpt":{"rendered":"<p>\u0160lapimo takams, \u017eoleli\u0173 arbata, Dr. E. \u0160imk\u016bnait\u0117s, 15 pakeli\u0173 Arbata \u0160lapimo takams Dr. E. \u0160imk\u016bnait\u0117s\u00a0Pagal \u017eolinink\u0117s Dr. Eugenijos \u0160imk\u016bnait\u0117s receptus Ryk\u0161teni\u0173 \u017eol\u0117, krauja\u017eoli\u0173 \u017eol\u0117, ber\u017e\u0173 lapai, vir\u017ei\u0173 \u017eol\u0117\u00a0gali pad\u0117ti palaikyti normali\u0105 inkst\u0173 ir \u0161lapimo sistemos organ\u0173 funkcij\u0105, gali pad\u0117ti skatinti \u0161lapimo i\u0161siskyrim\u0105. Habilituota biologijos moksl\u0173 daktar\u0117 Eugenija \u0160imk\u016bnait\u0117 (1920-1996 m.) savo gyvenimu ir veikla sukaup\u0117&#8230;<\/p>","protected":false},"featured_media":38737,"template":"","meta":{"_acf_changed":false},"product_brand":[],"product_cat":[63],"product_tag":[],"class_list":{"0":"post-38736","1":"product","2":"type-product","3":"status-publish","4":"has-post-thumbnail","6":"product_cat-arbatos","7":"nt-post-class","8":"","9":"masonry-item","10":"col-lg-6","14":"excerpt-none","18":"first","19":"instock","20":"taxable","21":"shipping-taxable","22":"purchasable","23":"product-type-simple","24":"add-to-wishlist-after_add_to_cart"},"acf":[],"_links":{"self":[{"href":"https:\/\/chiaseklos.lt\/en\/wp-json\/wp\/v2\/product\/38736","targetHints":{"allow":["GET"]}}],"collection":[{"href":"https:\/\/chiaseklos.lt\/en\/wp-json\/wp\/v2\/product"}],"about":[{"href":"https:\/\/chiaseklos.lt\/en\/wp-json\/wp\/v2\/types\/product"}],"wp:featuredmedia":[{"embeddable":true,"href":"https:\/\/chiaseklos.lt\/en\/wp-json\/wp\/v2\/media\/38737"}],"wp:attachment":[{"href":"https:\/\/chiaseklos.lt\/en\/wp-json\/wp\/v2\/media?parent=38736"}],"wp:term":[{"taxonomy":"product_brand","embeddable":true,"href":"https:\/\/chiaseklos.lt\/en\/wp-json\/wp\/v2\/product_brand?post=38736"},{"taxonomy":"product_cat","embeddable":true,"href":"https:\/\/chiaseklos.lt\/en\/wp-json\/wp\/v2\/product_cat?post=38736"},{"taxonomy":"product_tag","embeddable":true,"href":"https:\/\/chiaseklos.lt\/en\/wp-json\/wp\/v2\/product_tag?post=38736"}],"curies":[{"name":"wp","href":"https:\/\/api.w.org\/{rel}","templated":true}]}}