{"id":38732,"date":"2026-04-30T11:05:02","date_gmt":"2026-04-30T11:05:02","guid":{"rendered":"https:\/\/chiaseklos.lt\/?post_type=product&#038;p=38732"},"modified":"2026-04-30T11:05:02","modified_gmt":"2026-04-30T11:05:02","slug":"kvepavimo-takams-zoleliu-arbata-dr-e-simkunaites-15-pakeliu","status":"publish","type":"product","link":"https:\/\/chiaseklos.lt\/en\/product\/kvepavimo-takams-zoleliu-arbata-dr-e-simkunaites-15-pakeliu\/","title":{"rendered":"Kv\u0117pavimo takams, \u017eoleli\u0173 arbata, Dr. E. \u0160imk\u016bnait\u0117s, 15 pakeli\u0173"},"content":{"rendered":"<p class=\"h1\">Kv\u0117pavimo takams, \u017eoleli\u0173 arbata, Dr. E. \u0160imk\u016bnait\u0117s, 15 pakeli\u0173<\/p>\n<p style=\"font-weight: 400;\">Arbata Kv\u0117pavimo takams Dr. E. \u0160imk\u016bnait\u0117s\u00a0pagal \u017eolinink\u0117s Dr. Eugenijos \u0160imk\u016bnait\u0117s receptus<\/p>\n<ul style=\"font-weight: 400;\">\n<li><strong>Gyslo\u010di\u0173 lapai, \u010diobreli\u0173 \u017eol\u0117 ir \u0161alavij\u0173 lapai gali pad\u0117ti palaikyti vir\u0161utini\u0173 kv\u0117pavimo tak\u0173 funkcij\u0105.<\/strong><\/li>\n<\/ul>\n<p style=\"font-weight: 400;\"><strong>&#8211; Gyslo\u010di\u0173 lapai, \u010diobreli\u0173 \u017eol\u0117 ir \u0161alavij\u0173 lapai gali pad\u0117ti palaikyti vir\u0161utini\u0173 kv\u0117pavimo tak\u0173 funkcij\u0105.<\/strong><\/p>\n<p><span style=\"font-weight: 400;\"><i> Paruo\u0161imo ir vartojimo b\u016bdas: 1 pakel\u012f (2g) arbatos u\u017epilkite 200 ml verdan\u010dio vandens ir u\u017edenkite. Palaikykite 10 minu\u010di\u0173, nuspauskite. Gerkite po stiklin\u0119 arbatos 3 kartus per dien\u0105.<\/i><\/span><\/p>\n<p style=\"font-weight: 400;\"><strong>Sudedamosios dalys:<\/strong>\u00a0gyslo\u010di\u0173 lapai, \u010diobreli\u0173 \u017eol\u0117, svilaro\u017ei\u0173 lapai, sald\u017ei\u0173j\u0173 pankoli\u0173 vaisiai, trispalvi\u0173 na\u0161lai\u010di\u0173 \u017eol\u0117 su \u017eiedais, rakta\u017eoli\u0173 \u017eiedai, \u0161alavij\u0173 lapai.<\/p>\n<table style=\"font-weight: 400;\">\n<tbody>\n<tr>\n<td><\/td>\n<td>100 ml paruo\u0161tos arbatos\/<br \/>\n100 ml prepared tea<\/td>\n<td>600 ml paruo\u0161tos arbatos \/paros norma\/<br \/>\n600 ml prepared tea\/ daily intake<\/td>\n<\/tr>\n<tr>\n<td>Energin\u0117 vert\u0117\/ Energy value<\/td>\n<td>&lt;0,1 kJ\/kcal<\/td>\n<td>&lt;0,6 kJ\/kcal<\/td>\n<\/tr>\n<tr>\n<td>Riebalai\/ fat<\/td>\n<td>&lt;0,1 g<\/td>\n<td>&lt;0,6 g<\/td>\n<\/tr>\n<tr>\n<td>Angliavandeniai\/ carbohydrates<\/td>\n<td>&lt;0,1 g<\/td>\n<td>&lt;0,6 g<\/td>\n<\/tr>\n<tr>\n<td>Baltymai\/ proteins<\/td>\n<td>&lt;0,1 g<\/td>\n<td>&lt;0,6 g<\/td>\n<\/tr>\n<tr>\n<td>Druska\/ salt<\/td>\n<td>1,4 g<\/td>\n<td>8,4 g<\/td>\n<\/tr>\n<\/tbody>\n<\/table>\n<p style=\"font-weight: 400;\">15 pakeli\u0173<\/p>","protected":false},"excerpt":{"rendered":"<p>Kv\u0117pavimo takams, \u017eoleli\u0173 arbata, Dr. E. \u0160imk\u016bnait\u0117s, 15 pakeli\u0173 Arbata Kv\u0117pavimo takams Dr. E. \u0160imk\u016bnait\u0117s\u00a0pagal \u017eolinink\u0117s Dr. Eugenijos \u0160imk\u016bnait\u0117s receptus Gyslo\u010di\u0173 lapai, \u010diobreli\u0173 \u017eol\u0117 ir \u0161alavij\u0173 lapai gali pad\u0117ti palaikyti vir\u0161utini\u0173 kv\u0117pavimo tak\u0173 funkcij\u0105. &#8211; Gyslo\u010di\u0173 lapai, \u010diobreli\u0173 \u017eol\u0117 ir \u0161alavij\u0173 lapai gali pad\u0117ti palaikyti vir\u0161utini\u0173 kv\u0117pavimo tak\u0173 funkcij\u0105. Paruo\u0161imo ir vartojimo b\u016bdas: 1 pakel\u012f&#8230;<\/p>","protected":false},"featured_media":38733,"template":"","meta":{"_acf_changed":false},"product_brand":[],"product_cat":[63],"product_tag":[],"class_list":{"0":"post-38732","1":"product","2":"type-product","3":"status-publish","4":"has-post-thumbnail","6":"product_cat-arbatos","7":"nt-post-class","8":"","9":"masonry-item","10":"col-lg-6","14":"excerpt-none","18":"first","19":"instock","20":"taxable","21":"shipping-taxable","22":"purchasable","23":"product-type-simple","24":"add-to-wishlist-after_add_to_cart"},"acf":[],"_links":{"self":[{"href":"https:\/\/chiaseklos.lt\/en\/wp-json\/wp\/v2\/product\/38732","targetHints":{"allow":["GET"]}}],"collection":[{"href":"https:\/\/chiaseklos.lt\/en\/wp-json\/wp\/v2\/product"}],"about":[{"href":"https:\/\/chiaseklos.lt\/en\/wp-json\/wp\/v2\/types\/product"}],"wp:featuredmedia":[{"embeddable":true,"href":"https:\/\/chiaseklos.lt\/en\/wp-json\/wp\/v2\/media\/38733"}],"wp:attachment":[{"href":"https:\/\/chiaseklos.lt\/en\/wp-json\/wp\/v2\/media?parent=38732"}],"wp:term":[{"taxonomy":"product_brand","embeddable":true,"href":"https:\/\/chiaseklos.lt\/en\/wp-json\/wp\/v2\/product_brand?post=38732"},{"taxonomy":"product_cat","embeddable":true,"href":"https:\/\/chiaseklos.lt\/en\/wp-json\/wp\/v2\/product_cat?post=38732"},{"taxonomy":"product_tag","embeddable":true,"href":"https:\/\/chiaseklos.lt\/en\/wp-json\/wp\/v2\/product_tag?post=38732"}],"curies":[{"name":"wp","href":"https:\/\/api.w.org\/{rel}","templated":true}]}}