{"id":38729,"date":"2026-04-30T11:02:09","date_gmt":"2026-04-30T11:02:09","guid":{"rendered":"https:\/\/chiaseklos.lt\/?post_type=product&#038;p=38729"},"modified":"2026-04-30T11:02:10","modified_gmt":"2026-04-30T11:02:10","slug":"nervu-sistemai-zoleliu-arbata-dr-e-simkunaite-15-pakeliu","status":"publish","type":"product","link":"https:\/\/chiaseklos.lt\/en\/product\/nervu-sistemai-zoleliu-arbata-dr-e-simkunaite-15-pakeliu\/","title":{"rendered":"Nerv\u0173 sistemai, \u017eoleli\u0173 arbata, Dr. E. \u0160imk\u016bnait\u0117, 15 pakeli\u0173"},"content":{"rendered":"<p class=\"h1\">Nerv\u0173 sistemai, \u017eoleli\u0173 arbata, Dr. E. \u0160imk\u016bnait\u0117, 15 pakeli\u0173<\/p>\n<p style=\"font-weight: 400;\">\u017doleli\u0173 arbata Nerv\u0173 sistemai pagal \u017eolinink\u0117s Dr. Eugenijos \u0160imk\u016bnait\u0117s receptus.<\/p>\n<ul style=\"font-weight: 400;\">\n<li><strong>Melis\u0173 lapai gali pad\u0117ti palaikyti nerv\u0173 sistemos funkcij\u0105. Apyni\u0173 spurgai gali pad\u0117ti palaikyti vir\u0161kinamojo trakto ir nerv\u0173 sistemos funkcij\u0105, gerinti miego kokyb\u0119.<\/strong><\/li>\n<\/ul>\n<p style=\"font-weight: 400;\"><strong>\u00a0Melis\u0173 lapai gali pad\u0117ti palaikyti nerv\u0173 sistemos funkcij\u0105. Apyni\u0173 spurgai gali pad\u0117ti palaikyti vir\u0161kinamojo trakto ir nerv\u0173 sistemos funkcij\u0105, gerinti miego kokyb\u0119.<\/strong><\/p>\n<p><i><span style=\"font-weight: 400;\"> <strong>Paruo\u0161imo ir vartojimo b\u016bdas:<\/strong>\u00a01 pakel\u012f (2g) arbatos u\u017epilkite 200 ml verdan\u010dio vandens ir u\u017edenkite. Palaikykite 10 minu\u010di\u0173, nuspauskite. Gerkite po stiklin\u0119 arbatos 3 kartus per dien\u0105.<\/span><\/i><\/p>\n<p style=\"font-weight: 400;\"><strong>Sudedamosios dalys:<\/strong>\u00a0raudon\u017eied\u017ei\u0173 pasiflor\u0173 \u017eol\u0117, melis\u0173 lapai, s\u0117jam\u0173j\u0173 avi\u017e\u0173 \u017eol\u0117, pipirm\u0117\u010di\u0173 lapai, levand\u0173 \u017eiedai, apyni\u0173 spurgai, sukat\u017eoli\u0173 \u017eol\u0117.<\/p>\n<table style=\"font-weight: 400; height: 336px;\" width=\"389\">\n<tbody>\n<tr>\n<td width=\"229\">Energin\u0117 vert\u0117\/ Energy value<\/td>\n<td width=\"142\">100 ml paruo\u0161tos arbatos\/ 100 ml prepared tea<\/p>\n<p>&lt;0,1 kJ\/kcal<\/td>\n<td width=\"236\">600 ml paruo\u0161tos arbatos \/paros norma\/ 600 ml prepared tea\/ daily intake \u00a0\u00a0&lt;0,6 kJ\/kcal<\/td>\n<\/tr>\n<tr>\n<td width=\"229\">Riebalai\/ fat<\/td>\n<td width=\"142\">&lt;0,1g<\/td>\n<td width=\"236\">&lt;0,6g<\/td>\n<\/tr>\n<tr>\n<td width=\"229\">Angliavandeniai\/ carbohydrates<\/td>\n<td width=\"142\">&lt;0,1 g<\/td>\n<td width=\"236\">&lt;0,6 g<\/td>\n<\/tr>\n<tr>\n<td width=\"229\">Baltymai\/ proteins<\/td>\n<td width=\"142\">&lt;0,1g<\/td>\n<td width=\"236\">&lt;0,6g<\/td>\n<\/tr>\n<tr>\n<td width=\"229\">Druska\/ salt<\/td>\n<td width=\"142\">1,4 g<\/td>\n<td width=\"236\">8,4 g<\/td>\n<\/tr>\n<\/tbody>\n<\/table>","protected":false},"excerpt":{"rendered":"<p>Nerv\u0173 sistemai, \u017eoleli\u0173 arbata, Dr. E. \u0160imk\u016bnait\u0117, 15 pakeli\u0173 \u017doleli\u0173 arbata Nerv\u0173 sistemai pagal \u017eolinink\u0117s Dr. Eugenijos \u0160imk\u016bnait\u0117s receptus. Melis\u0173 lapai gali pad\u0117ti palaikyti nerv\u0173 sistemos funkcij\u0105. Apyni\u0173 spurgai gali pad\u0117ti palaikyti vir\u0161kinamojo trakto ir nerv\u0173 sistemos funkcij\u0105, gerinti miego kokyb\u0119. \u00a0Melis\u0173 lapai gali pad\u0117ti palaikyti nerv\u0173 sistemos funkcij\u0105. Apyni\u0173 spurgai gali pad\u0117ti palaikyti vir\u0161kinamojo&#8230;<\/p>","protected":false},"featured_media":38730,"template":"","meta":{"_acf_changed":false},"product_brand":[],"product_cat":[63],"product_tag":[],"class_list":{"0":"post-38729","1":"product","2":"type-product","3":"status-publish","4":"has-post-thumbnail","6":"product_cat-arbatos","7":"nt-post-class","8":"","9":"masonry-item","10":"col-lg-6","14":"excerpt-none","18":"first","19":"instock","20":"taxable","21":"shipping-taxable","22":"purchasable","23":"product-type-simple","24":"add-to-wishlist-after_add_to_cart"},"acf":[],"_links":{"self":[{"href":"https:\/\/chiaseklos.lt\/en\/wp-json\/wp\/v2\/product\/38729","targetHints":{"allow":["GET"]}}],"collection":[{"href":"https:\/\/chiaseklos.lt\/en\/wp-json\/wp\/v2\/product"}],"about":[{"href":"https:\/\/chiaseklos.lt\/en\/wp-json\/wp\/v2\/types\/product"}],"wp:featuredmedia":[{"embeddable":true,"href":"https:\/\/chiaseklos.lt\/en\/wp-json\/wp\/v2\/media\/38730"}],"wp:attachment":[{"href":"https:\/\/chiaseklos.lt\/en\/wp-json\/wp\/v2\/media?parent=38729"}],"wp:term":[{"taxonomy":"product_brand","embeddable":true,"href":"https:\/\/chiaseklos.lt\/en\/wp-json\/wp\/v2\/product_brand?post=38729"},{"taxonomy":"product_cat","embeddable":true,"href":"https:\/\/chiaseklos.lt\/en\/wp-json\/wp\/v2\/product_cat?post=38729"},{"taxonomy":"product_tag","embeddable":true,"href":"https:\/\/chiaseklos.lt\/en\/wp-json\/wp\/v2\/product_tag?post=38729"}],"curies":[{"name":"wp","href":"https:\/\/api.w.org\/{rel}","templated":true}]}}