{"id":38717,"date":"2026-04-29T18:32:18","date_gmt":"2026-04-29T18:32:18","guid":{"rendered":"https:\/\/chiaseklos.lt\/?post_type=product&#038;p=38717"},"modified":"2026-04-30T07:00:58","modified_gmt":"2026-04-30T07:00:58","slug":"svarus-organizmas-zoleliu-arbata-dr-e-simkunaite","status":"publish","type":"product","link":"https:\/\/chiaseklos.lt\/en\/product\/svarus-organizmas-zoleliu-arbata-dr-e-simkunaite\/","title":{"rendered":"\u0160varus organizmas, \u017eoleli\u0173 arbata, Dr. E. \u0160imk\u016bnait\u0117"},"content":{"rendered":"<p><span style=\"font-weight: 400;\">\u00a0<\/span>\u017doleli\u0173 arbata\u00a0pagal \u017eolinink\u0117s Dr. Eugenijos \u0160imk\u016bnait\u0117s receptus<\/p>\n<ul style=\"font-weight: 400;\">\n<li><strong>varnal\u0117\u0161\u0173 \u0161aknys<\/strong><\/li>\n<li><strong>asi\u016bkli\u0173 \u017eol\u0117<\/strong><\/li>\n<li><strong>kiaulpieni\u0173 \u0161aknys<\/strong><\/li>\n<li><strong>\u017eemuogi\u0173 lapai<\/strong><\/li>\n<\/ul>\n<p style=\"font-weight: 400;\"><strong>&#8211; Varnal\u0117\u0161\u0173 \u0161aknys gali pad\u0117ti palaikyti vir\u0161kinamojo trakto funkcij\u0105, \u0161lapimo p\u016bsl\u0117s ir \u0161lapimo tak\u0173 funkcij\u0105.<\/strong><br \/>\n<strong>&#8211; Asi\u016bkli\u0173 \u017eol\u0117 gali pad\u0117ti palaikyti \u0161lapimo p\u016bsl\u0117s ir \u0161lapimo tak\u0173 funkcij\u0105.<\/strong><\/p>\n<p style=\"font-weight: 400;\"><strong>Sudedamosios dalys:<\/strong>\u00a0kiaulpieni\u0173 \u0161aknys, juod\u0173j\u0173 serbent\u0173 lapai, varnal\u0117\u0161\u0173 \u0161aknys, trispalvi\u0173 na\u0161lai\u010di\u0173 \u017eol\u0117, \u017eemuogi\u0173 lapai, asi\u016bkli\u0173 \u017eol\u0117, ber\u017e\u0173 lapai.<\/p>\n<table style=\"font-weight: 400; height: 427px;\" width=\"435\">\n<tbody>\n<tr>\n<td width=\"229\">Energin\u0117 vert\u0117\/ Energy value<\/td>\n<td width=\"142\">100 ml paruo\u0161tos arbatos\/ 100 ml prepared tea<\/p>\n<p>&lt;0,1 kJ\/kcal<\/td>\n<td width=\"236\">600 ml paruo\u0161tos arbatos \/paros norma\/ 600 ml prepared tea\/ daily intake<\/p>\n<p>&lt;0,6 kJ\/kcal<\/td>\n<\/tr>\n<tr>\n<td width=\"229\">Riebalai\/ fat<\/td>\n<td width=\"142\">&lt;0,1 g<\/td>\n<td width=\"236\">&lt;0,6 g<\/td>\n<\/tr>\n<tr>\n<td width=\"229\">Angliavandeniai\/ carbohydrates<\/td>\n<td width=\"142\">&lt;0,1 g<\/td>\n<td width=\"236\">&lt;0,6 g<\/td>\n<\/tr>\n<tr>\n<td width=\"229\">Baltymai\/ proteins<\/td>\n<td width=\"142\">&lt;0,1 g<\/td>\n<td width=\"236\">&lt;0,6 g<\/td>\n<\/tr>\n<tr>\n<td width=\"229\">Druska\/ salt<\/td>\n<td width=\"142\">1,4 g<\/td>\n<td width=\"236\">8,4 g<\/td>\n<\/tr>\n<\/tbody>\n<\/table>\n<p style=\"font-weight: 400;\">15 pakeli\u0173<\/p>\n<p><strong>Paruo\u0161imo ir vartojimo b\u016bdas:<\/strong><br \/>\n1 pakel\u012f (2,5g) arbatos u\u017epilkite 200 ml verdan\u010dio vandens ir u\u017edenkite. Palaikykite 10 minu\u010di\u0173, nuspauskite. Gerkite po stiklin\u0119 arbatos 3 kartus per dien\u0105.<br \/>\nSvarbu \u012fvairi ir subalansuota mityba bei sveikas gyvenimo b\u016bdas. Nevartoti asmenims, jautriems arbatos sudedamosioms dalims. Laikyti sausoje, gerai v\u0117dinamoje patalpoje.<\/p>\n<p style=\"font-weight: 400;\">Gamintojas: \u0160ven\u010dioni\u0173 vaista\u017eol\u0117s<\/p>","protected":false},"excerpt":{"rendered":"<p>\u00a0\u017doleli\u0173 arbata\u00a0pagal \u017eolinink\u0117s Dr. Eugenijos \u0160imk\u016bnait\u0117s receptus varnal\u0117\u0161\u0173 \u0161aknys asi\u016bkli\u0173 \u017eol\u0117 kiaulpieni\u0173 \u0161aknys \u017eemuogi\u0173 lapai &#8211; Varnal\u0117\u0161\u0173 \u0161aknys gali pad\u0117ti palaikyti vir\u0161kinamojo trakto funkcij\u0105, \u0161lapimo p\u016bsl\u0117s ir \u0161lapimo tak\u0173 funkcij\u0105. &#8211; Asi\u016bkli\u0173 \u017eol\u0117 gali pad\u0117ti palaikyti \u0161lapimo p\u016bsl\u0117s ir \u0161lapimo tak\u0173 funkcij\u0105. Sudedamosios dalys:\u00a0kiaulpieni\u0173 \u0161aknys, juod\u0173j\u0173 serbent\u0173 lapai, varnal\u0117\u0161\u0173 \u0161aknys, trispalvi\u0173 na\u0161lai\u010di\u0173 \u017eol\u0117, \u017eemuogi\u0173 lapai,&#8230;<\/p>","protected":false},"featured_media":38718,"template":"","meta":{"_acf_changed":false},"product_brand":[],"product_cat":[88,70,63],"product_tag":[],"class_list":{"0":"post-38717","1":"product","2":"type-product","3":"status-publish","4":"has-post-thumbnail","6":"product_cat-naujiena","7":"product_cat-akcijos","8":"product_cat-arbatos","9":"nt-post-class","10":"","11":"masonry-item","12":"col-lg-6","16":"excerpt-none","20":"first","21":"instock","22":"sale","23":"taxable","24":"shipping-taxable","25":"purchasable","26":"product-type-simple","27":"add-to-wishlist-after_add_to_cart"},"acf":[],"_links":{"self":[{"href":"https:\/\/chiaseklos.lt\/en\/wp-json\/wp\/v2\/product\/38717","targetHints":{"allow":["GET"]}}],"collection":[{"href":"https:\/\/chiaseklos.lt\/en\/wp-json\/wp\/v2\/product"}],"about":[{"href":"https:\/\/chiaseklos.lt\/en\/wp-json\/wp\/v2\/types\/product"}],"wp:featuredmedia":[{"embeddable":true,"href":"https:\/\/chiaseklos.lt\/en\/wp-json\/wp\/v2\/media\/38718"}],"wp:attachment":[{"href":"https:\/\/chiaseklos.lt\/en\/wp-json\/wp\/v2\/media?parent=38717"}],"wp:term":[{"taxonomy":"product_brand","embeddable":true,"href":"https:\/\/chiaseklos.lt\/en\/wp-json\/wp\/v2\/product_brand?post=38717"},{"taxonomy":"product_cat","embeddable":true,"href":"https:\/\/chiaseklos.lt\/en\/wp-json\/wp\/v2\/product_cat?post=38717"},{"taxonomy":"product_tag","embeddable":true,"href":"https:\/\/chiaseklos.lt\/en\/wp-json\/wp\/v2\/product_tag?post=38717"}],"curies":[{"name":"wp","href":"https:\/\/api.w.org\/{rel}","templated":true}]}}