{"id":38712,"date":"2026-04-29T18:25:20","date_gmt":"2026-04-29T18:25:20","guid":{"rendered":"https:\/\/chiaseklos.lt\/?post_type=product&#038;p=38712"},"modified":"2026-04-30T07:02:13","modified_gmt":"2026-04-30T07:02:13","slug":"sveikatingumo-arbatos-rinkinys-acorus-60-pakeliu-6-skoniai","status":"publish","type":"product","link":"https:\/\/chiaseklos.lt\/en\/product\/sveikatingumo-arbatos-rinkinys-acorus-60-pakeliu-6-skoniai\/","title":{"rendered":"Sveikatingumo arbatos rinkinys, Acorus, 60 pakeli\u0173, 6 skoniai"},"content":{"rendered":"<p class=\"h1\">Sveikatingumo arbatos rinkinys, Acorus, 60 pakeli\u0173, 6 skoniai<\/p>\n<p>\u0160iame arbatos rinkinyje rasite visas arbatas, kuri\u0173 gali prireikti \u2013 nuo organizm\u0105 valan\u010dios iki imunitet\u0105 stiprinan\u010dios. Suk\u016br\u0117me rinkin\u012f, kuris gali prisid\u0117ti prie geros savijautos ar pad\u0117ti spr\u0119sti sveikatos problemas.<\/p>\n<p><strong>I\u0161samus apra\u0161ymas:<\/strong><\/p>\n<p>Brainstorm \u2013 vaista\u017eoli\u0173 arbata<br \/>\n<strong>Sud\u0117tis:<\/strong>\u00a0ginkmed\u017eio (Ginkgo biloba) lapai, \u0161alavijo (Salvia officinalis) lapai, kiaulpieni\u0173 (Taraxacum officinale) lapai, pipirm\u0117\u010di\u0173 (Mentha piperita) lapai, rozmarin\u0173 (Rosmarinus officinalis) lapai, cinko citratas, cianokobalaminas (vitaminas B12).<\/p>\n<p>Vaista\u017eoli\u0173 arbata \u2013 \u201eSleep Well\u201c<br \/>\n<strong>Sud\u0117tis:<\/strong>\u00a0valerijono (Valeriana officinalis) \u0161aknys, apyni\u0173 (Humulus lupulus) spurgai, melis\u0173 (Melissa officinalis) lapai, pipirm\u0117\u010di\u0173 (Mentha piperita) lapai.<\/p>\n<p>Vaista\u017eoli\u0173 arbata \u2013 \u201epH Balance\u201c<br \/>\n<strong>Sud\u0117tis:<\/strong>\u00a0\u017ealioji arbata (Camellia sinensis non fermentata folium), liucerna (Medicago sativa), imbiero (Zingiber officinale) \u0161aknys, pipirm\u0117\u010di\u0173 (Mentha piperita) lapai, avi\u017e\u0173 (Avena sativa) \u017eol\u0117, juodieji pipirai (Piper nigrum), raudonieji pipirai (Capsicum annuum), varnal\u0117\u0161\u0173 (Arctium) \u0161aknys, m\u0117lyni\u0173 (Vaccinium myrtillus) lapai, lauro (Laurus nobilis) lapai, \u0161eivamed\u017eio (Sambucus nigra) \u017eiedai, kardamonas (Elettaria cardamomum), arti\u0161oko (Cynara scolymus) lap\u0173 sausasis ekstraktas, kordiceps\u0173 (Cordyceps) sausasis ekstraktas, cinko citratas.<\/p>\n<p>Vaista\u017eoli\u0173 arbata \u2013 \u201eMetabolism\u201c<br \/>\n<strong>Sud\u0117tis:<\/strong>\u00a0er\u0161k\u0117tuogi\u0173 (Rosa canina L.) vaisiai, kiaulpieni\u0173 (Taraxacum officinale) \u0161aknys, \u0161eivamed\u017eio (Sambucus nigra) vaisiai, kalendr\u0173 (Coriandrum sativum) vaisiai, \u0161ermuk\u0161ni\u0173 (Sorbus aucuparia) vaisiai, krauja\u017eoli\u0173 (Achillea millefolium) \u017eol\u0117, saldymed\u017eio (Glycyrrhiza glabra) \u0161aknys.<br \/>\n<strong>Sud\u0117tyje yra saldymed\u017eio \u2013 \u017emon\u0117ms, sergantiems hipertenzija, nerekomenduojama vartoti dideliais kiekiais.<\/strong><\/p>\n<p>Vaista\u017eoli\u0173 arbata \u2013 \u201eImmune\u201c<br \/>\n<strong>Sud\u0117tis:<\/strong>\u00a0ramun\u0117li\u0173 (Matricaria recutita) \u017eiedai, liep\u0173 (Tilia) \u017eiedai, imbiero (Zingiber officinale) \u0161akniastiebiai, citrin\u017eol\u0117 (Cymbopogon flexuosus), \u010diobreli\u0173 (Thymus vulgaris) \u017eol\u0117.<\/p>\n<p>Vaista\u017eoli\u0173 arbata \u2013 \u201eDetox\u201c<br \/>\n<strong>Sud\u0117tis:<\/strong>\u00a0margaini\u0173 (Silybum marianum) vaisiai, \u017ealioji arbata (Camellia sinensis non fermentata), pipirm\u0117\u010di\u0173 (Mentha piperita) lapai, varnal\u0117\u0161\u0173 (Arctium) \u0161aknys, kiaulpieni\u0173 (Taraxacum officinale) \u0161aknys.<\/p>\n<p><strong>Paruo\u0161imas ir vartojimas:\u00a0<\/strong>\u012e puodel\u012f \u012fd\u0117kite 1 arbatos pakel\u012f, u\u017epilkite 150 ml verdan\u010dio vandens ir u\u017edenkite. Palikite 3\u20135 minutes, kad atsiskleist\u0173 geriausios arbatos savyb\u0117s, tuomet i\u0161imkite pakel\u012f.<\/p>\n<p>Nevartoti \u017emon\u0117ms, jautriems arbatos sudedamosioms dalims.<br \/>\nLaikyti sausoje ir gerai v\u0117dinamoje patalpoje.<\/p>\n<p><strong>Matmenys:<\/strong>\u00a021 cm \u00d7 18,5 cm \u00d7 7 cm<br \/>\n<strong>Arbatos pakeli\u0173 kiekis:<\/strong>\u00a060 vnt.<br \/>\n<strong>Grynasis svoris:<\/strong>\u00a0105 g<\/p>\n<p><strong>Gamintojas:<\/strong>\u00a0UAB \u201e\u0160ven\u010dioni\u0173 vaista\u017eol\u0117s\u201c, Lietuva.<\/p>","protected":false},"excerpt":{"rendered":"<p>Sveikatingumo arbatos rinkinys, Acorus, 60 pakeli\u0173, 6 skoniai \u0160iame arbatos rinkinyje rasite visas arbatas, kuri\u0173 gali prireikti \u2013 nuo organizm\u0105 valan\u010dios iki imunitet\u0105 stiprinan\u010dios. Suk\u016br\u0117me rinkin\u012f, kuris gali prisid\u0117ti prie geros savijautos ar pad\u0117ti spr\u0119sti sveikatos problemas. I\u0161samus apra\u0161ymas: Brainstorm \u2013 vaista\u017eoli\u0173 arbata Sud\u0117tis:\u00a0ginkmed\u017eio (Ginkgo biloba) lapai, \u0161alavijo (Salvia officinalis) lapai, kiaulpieni\u0173 (Taraxacum officinale) lapai,&#8230;<\/p>","protected":false},"featured_media":38715,"template":"","meta":{"_acf_changed":false},"product_brand":[],"product_cat":[88,70,63],"product_tag":[],"class_list":{"0":"post-38712","1":"product","2":"type-product","3":"status-publish","4":"has-post-thumbnail","6":"product_cat-naujiena","7":"product_cat-akcijos","8":"product_cat-arbatos","9":"nt-post-class","10":"","11":"masonry-item","12":"col-lg-6","16":"excerpt-none","20":"first","21":"instock","22":"sale","23":"taxable","24":"shipping-taxable","25":"purchasable","26":"product-type-simple","27":"add-to-wishlist-after_add_to_cart"},"acf":[],"_links":{"self":[{"href":"https:\/\/chiaseklos.lt\/en\/wp-json\/wp\/v2\/product\/38712","targetHints":{"allow":["GET"]}}],"collection":[{"href":"https:\/\/chiaseklos.lt\/en\/wp-json\/wp\/v2\/product"}],"about":[{"href":"https:\/\/chiaseklos.lt\/en\/wp-json\/wp\/v2\/types\/product"}],"wp:featuredmedia":[{"embeddable":true,"href":"https:\/\/chiaseklos.lt\/en\/wp-json\/wp\/v2\/media\/38715"}],"wp:attachment":[{"href":"https:\/\/chiaseklos.lt\/en\/wp-json\/wp\/v2\/media?parent=38712"}],"wp:term":[{"taxonomy":"product_brand","embeddable":true,"href":"https:\/\/chiaseklos.lt\/en\/wp-json\/wp\/v2\/product_brand?post=38712"},{"taxonomy":"product_cat","embeddable":true,"href":"https:\/\/chiaseklos.lt\/en\/wp-json\/wp\/v2\/product_cat?post=38712"},{"taxonomy":"product_tag","embeddable":true,"href":"https:\/\/chiaseklos.lt\/en\/wp-json\/wp\/v2\/product_tag?post=38712"}],"curies":[{"name":"wp","href":"https:\/\/api.w.org\/{rel}","templated":true}]}}