{"id":38681,"date":"2026-04-28T18:24:36","date_gmt":"2026-04-28T18:24:36","guid":{"rendered":"https:\/\/chiaseklos.lt\/?post_type=product&#038;p=38681"},"modified":"2026-04-28T18:24:37","modified_gmt":"2026-04-28T18:24:37","slug":"fibr-lipniojo-pyrago-batone%cc%87lis-25g","status":"publish","type":"product","link":"https:\/\/chiaseklos.lt\/en\/product\/fibr-lipniojo-pyrago-batone%cc%87lis-25g\/","title":{"rendered":"FIBR lipniojo pyrago batone\u0307lis 25g"},"content":{"rendered":"<p class=\"wt-product__name\">FIBR lipniojo pyrago batone\u0307lis 25g<\/p>\n<ul>\n<li>\u0160is baton\u0117lis atkartoja \u0161okoladinio, burnoje tirpstan\u010dio lipniojo \u0161vedi\u0161ko pyrago skon\u012f.<\/li>\n<li>Geriausia, kad atkartotas tik skonis, o sud\u0117tis \u2013 nat\u016brali ir vertinga, tad paver\u010dia baton\u0117l\u012f sveiku ir lengvu u\u017ekand\u017eiu.<\/li>\n<li>Jame n\u0117ra nei glitimo, nei rie\u0161ut\u0173, nei pieno produkt\u0173, tad juo m\u0117gautis gali visi. Jame daug skaidul\u0173 (19g\/100g), o \u0161veln\u0173 saldum\u0105 suteikia ber\u017e\u0173 cukrus (vos 2g\/100g).<\/li>\n<\/ul>\n<p>Sudedamosios dalys: Avi\u017eos be glitimo, kukur\u016bz\u0173 skaidulos, saldiklis: ksilitolis, kokos\u0173 aliejus, kakava, druska.<\/p>\n<p>Maistin\u0117 vert\u0117 (100 g): energin\u0117 vert\u0117 1450 kJ \/347 kcal, riebalai 13 g, i\u0161 kuri\u0173 so\u010di\u0173j\u0173 riebal\u0173 r\u016bg\u0161\u010di\u0173 9,6 g,<br \/>\nangliavandeniai 49 g, i\u0161 j\u0173 cukr\u0173 2 g, skaidulos 19 g, baltymai 6,3 g, druska 0,3 g.<\/p>\n<p>Fibr baton\u0117liuose naudojami ingredientai yra pritaikyti ir puikiai tinka \u017emon\u0117ms kurie netoleruoja tam tikr\u0173 produkt\u0173. Sud\u0117tyje n\u0117ra glitimo, pieno, rie\u0161ut\u0173, migdol\u0173, kiau\u0161ini\u0173, \u017eem\u0117s rie\u0161ut\u0173 ir soj\u0173.<\/p>\n<p>Fibr baton\u0117liai turi ma\u017eai cukraus ir yra saldinti suomi\u0161ku ber\u017e\u0173 cukrumi, dar vadinamu ksilitoliu.<br \/>\nTai nat\u016bralus saldiklis, i\u0161gaunamas i\u0161 medienos, pasi\u017eymintis lengvu, subtiliu saldumu.<br \/>\nBer\u017e\u0173 cukrus daro minimal\u0173 poveik\u012f gliukoz\u0117s kiekiui kraujyje, tod\u0117l tai padeda i\u0161vengti cukraus \u0161uolio kraujyje. Taip pat \u0161is saldiklis yra \u0161velnesnis dantims, palyginti su \u012fprastais cukrais.<\/p>\n<p>&nbsp;<\/p>","protected":false},"excerpt":{"rendered":"<p>FIBR lipniojo pyrago batone\u0307lis 25g \u0160is baton\u0117lis atkartoja \u0161okoladinio, burnoje tirpstan\u010dio lipniojo \u0161vedi\u0161ko pyrago skon\u012f. Geriausia, kad atkartotas tik skonis, o sud\u0117tis \u2013 nat\u016brali ir vertinga, tad paver\u010dia baton\u0117l\u012f sveiku ir lengvu u\u017ekand\u017eiu. Jame n\u0117ra nei glitimo, nei rie\u0161ut\u0173, nei pieno produkt\u0173, tad juo m\u0117gautis gali visi. Jame daug skaidul\u0173 (19g\/100g), o \u0161veln\u0173 saldum\u0105 suteikia&#8230;<\/p>","protected":false},"featured_media":38682,"template":"","meta":{"_acf_changed":false},"product_brand":[],"product_cat":[93,88],"product_tag":[],"class_list":{"0":"post-38681","1":"product","2":"type-product","3":"status-publish","4":"has-post-thumbnail","6":"product_cat-batoneliai-sokoladas","7":"product_cat-naujiena","8":"nt-post-class","9":"","10":"masonry-item","11":"col-lg-6","15":"excerpt-none","19":"first","20":"instock","21":"taxable","22":"shipping-taxable","23":"purchasable","24":"product-type-simple","25":"add-to-wishlist-after_add_to_cart"},"acf":[],"_links":{"self":[{"href":"https:\/\/chiaseklos.lt\/en\/wp-json\/wp\/v2\/product\/38681","targetHints":{"allow":["GET"]}}],"collection":[{"href":"https:\/\/chiaseklos.lt\/en\/wp-json\/wp\/v2\/product"}],"about":[{"href":"https:\/\/chiaseklos.lt\/en\/wp-json\/wp\/v2\/types\/product"}],"wp:featuredmedia":[{"embeddable":true,"href":"https:\/\/chiaseklos.lt\/en\/wp-json\/wp\/v2\/media\/38682"}],"wp:attachment":[{"href":"https:\/\/chiaseklos.lt\/en\/wp-json\/wp\/v2\/media?parent=38681"}],"wp:term":[{"taxonomy":"product_brand","embeddable":true,"href":"https:\/\/chiaseklos.lt\/en\/wp-json\/wp\/v2\/product_brand?post=38681"},{"taxonomy":"product_cat","embeddable":true,"href":"https:\/\/chiaseklos.lt\/en\/wp-json\/wp\/v2\/product_cat?post=38681"},{"taxonomy":"product_tag","embeddable":true,"href":"https:\/\/chiaseklos.lt\/en\/wp-json\/wp\/v2\/product_tag?post=38681"}],"curies":[{"name":"wp","href":"https:\/\/api.w.org\/{rel}","templated":true}]}}