{"id":38678,"date":"2026-04-28T18:13:25","date_gmt":"2026-04-28T18:13:25","guid":{"rendered":"https:\/\/chiaseklos.lt\/?post_type=product&#038;p=38678"},"modified":"2026-05-01T15:54:15","modified_gmt":"2026-05-01T15:54:15","slug":"fibr-sokoladine%cc%87s-bombos-batone%cc%87lis-25g","status":"publish","type":"product","link":"https:\/\/chiaseklos.lt\/en\/product\/fibr-sokoladine%cc%87s-bombos-batone%cc%87lis-25g\/","title":{"rendered":"FIBR s\u030cokoladine\u0307s bombos batone\u0307lis 25g"},"content":{"rendered":"<p class=\"wt-product__name\">FIBR s\u030cokoladine\u0307s bombos batone\u0307lis 25g<\/p>\n<ul>\n<li>Tai baton\u0117lis, kuris lyg ma\u017ea \u0161okolado bomba kokybi\u0161kai papildys tavo kasdienyb\u0119 be joki\u0173 gliukoz\u0117s \u0161uoli\u0173.<\/li>\n<li>Prie\u0161ingai tradiciniam desertui, \u0161io nat\u016bralaus u\u017ekand\u017eio saldum\u0105 sudaro vos 1,9g\/100g ber\u017e\u0173 cukraus, o maistingum\u0105 \u2013 daug skaidul\u0173, net 17g\/100g.<\/li>\n<li>Jis puikiai tiks po treniruot\u0117s, kelyje ar biure, kai reikia greito ir efektyvaus energijos papildymo.<\/li>\n<\/ul>\n<p>Sudedamosios dalys: Avi\u017eos be glitimo, kukur\u016bz\u0173 skaidulos, saldiklis: ksilitolis, kokos\u0173 aliejus, kakava (2%), kava, nat\u016brali kvapioji med\u017eiaga, druska.<\/p>\n<p>Maistin\u0117 vert\u0117 (100 g): energin\u0117 vert\u0117 1453 kJ \/347 kcal, riebalai 13 g, i\u0161 kuri\u0173 so\u010di\u0173j\u0173 riebal\u0173 r\u016bg\u0161\u010di\u0173 9,5 g,<br \/>\nangliavandeniai 50 g, i\u0161 j\u0173 cukr\u0173 1,9 g, skaidulos 17 g, baltymai 6,3 g, druska 0,08 g.<\/p>\n<p>Fibr baton\u0117liuose naudojami ingredientai yra pritaikyti ir puikiai tinka \u017emon\u0117ms kurie netoleruoja tam tikr\u0173 produkt\u0173. Sud\u0117tyje n\u0117ra glitimo, pieno, rie\u0161ut\u0173, migdol\u0173, kiau\u0161ini\u0173, \u017eem\u0117s rie\u0161ut\u0173 ir soj\u0173.<\/p>\n<p>Fibr baton\u0117liai turi ma\u017eai cukraus ir yra saldinti suomi\u0161ku ber\u017e\u0173 cukrumi, dar vadinamu ksilitoliu.<br \/>\nTai nat\u016bralus saldiklis, i\u0161gaunamas i\u0161 medienos, pasi\u017eymintis lengvu, subtiliu saldumu.<br \/>\nBer\u017e\u0173 cukrus daro minimal\u0173 poveik\u012f gliukoz\u0117s kiekiui kraujyje, tod\u0117l tai padeda i\u0161vengti cukraus \u0161uolio kraujyje. Taip pat \u0161is saldiklis yra \u0161velnesnis dantims, palyginti su \u012fprastais cukrais.<\/p>","protected":false},"excerpt":{"rendered":"<p>FIBR s\u030cokoladine\u0307s bombos batone\u0307lis 25g Tai baton\u0117lis, kuris lyg ma\u017ea \u0161okolado bomba kokybi\u0161kai papildys tavo kasdienyb\u0119 be joki\u0173 gliukoz\u0117s \u0161uoli\u0173. Prie\u0161ingai tradiciniam desertui, \u0161io nat\u016bralaus u\u017ekand\u017eio saldum\u0105 sudaro vos 1,9g\/100g ber\u017e\u0173 cukraus, o maistingum\u0105 \u2013 daug skaidul\u0173, net 17g\/100g. Jis puikiai tiks po treniruot\u0117s, kelyje ar biure, kai reikia greito ir efektyvaus energijos papildymo. Sudedamosios&#8230;<\/p>","protected":false},"featured_media":38679,"template":"","meta":{"_acf_changed":false},"product_brand":[],"product_cat":[93,88],"product_tag":[],"class_list":{"0":"post-38678","1":"product","2":"type-product","3":"status-publish","4":"has-post-thumbnail","6":"product_cat-batoneliai-sokoladas","7":"product_cat-naujiena","8":"nt-post-class","9":"","10":"masonry-item","11":"col-lg-6","15":"excerpt-none","19":"first","20":"instock","21":"taxable","22":"shipping-taxable","23":"purchasable","24":"product-type-simple","25":"add-to-wishlist-after_add_to_cart"},"acf":[],"_links":{"self":[{"href":"https:\/\/chiaseklos.lt\/en\/wp-json\/wp\/v2\/product\/38678","targetHints":{"allow":["GET"]}}],"collection":[{"href":"https:\/\/chiaseklos.lt\/en\/wp-json\/wp\/v2\/product"}],"about":[{"href":"https:\/\/chiaseklos.lt\/en\/wp-json\/wp\/v2\/types\/product"}],"wp:featuredmedia":[{"embeddable":true,"href":"https:\/\/chiaseklos.lt\/en\/wp-json\/wp\/v2\/media\/38679"}],"wp:attachment":[{"href":"https:\/\/chiaseklos.lt\/en\/wp-json\/wp\/v2\/media?parent=38678"}],"wp:term":[{"taxonomy":"product_brand","embeddable":true,"href":"https:\/\/chiaseklos.lt\/en\/wp-json\/wp\/v2\/product_brand?post=38678"},{"taxonomy":"product_cat","embeddable":true,"href":"https:\/\/chiaseklos.lt\/en\/wp-json\/wp\/v2\/product_cat?post=38678"},{"taxonomy":"product_tag","embeddable":true,"href":"https:\/\/chiaseklos.lt\/en\/wp-json\/wp\/v2\/product_tag?post=38678"}],"curies":[{"name":"wp","href":"https:\/\/api.w.org\/{rel}","templated":true}]}}