{"id":38674,"date":"2026-04-28T18:04:18","date_gmt":"2026-04-28T18:04:18","guid":{"rendered":"https:\/\/chiaseklos.lt\/?post_type=product&#038;p=38674"},"modified":"2026-04-28T18:06:23","modified_gmt":"2026-04-28T18:06:23","slug":"fibr-me%cc%87lyniu%cc%a8-pyrago-batone%cc%87lis-25g","status":"publish","type":"product","link":"https:\/\/chiaseklos.lt\/en\/product\/fibr-me%cc%87lyniu%cc%a8-pyrago-batone%cc%87lis-25g\/","title":{"rendered":"FIBR me\u0307lyniu\u0328 pyrago batone\u0307lis 25g"},"content":{"rendered":"<p class=\"wt-product__name\">FIBR me\u0307lyniu\u0328 pyrago batone\u0307lis 25g<\/p>\n<ul>\n<li>Tai baton\u0117lis, kurio skonis primena \u0161vie\u017eiai kepto m\u0117lyni\u0173 pyrago gabal\u0117l\u012f.<\/li>\n<li>\u0160is sveikas ir lengvas u\u017ekandis, sukurtas dietologo, be alergen\u0173 puikiai papildo tavo kasdienyb\u0119.<\/li>\n<li>Tarsi mo\u010diut\u0117s keptas desertas, tik \u0161velnesis m\u016bs\u0173 sveikatai &#8211; \u0161io nat\u016bralaus u\u017ekand\u017eio saldum\u0105 sudaro vos 2,7g\/100g ber\u017e\u0173 cukraus, o maistingum\u0105 \u2013 daug skaidul\u0173, net 18g\/100g.<\/li>\n<li>Jis puikiai tiks po treniruot\u0117s, kelyje ar biure, kai reikia greito ir efektyvaus energijos papildymo, bet joki\u0173 gliukoz\u0117s \u0161uoli\u0173.<\/li>\n<\/ul>\n<p>Sudedamosios dalys: Avi\u017eos be glitimo, kukur\u016bz\u0173 skaidulos, saldiklis: ksilitolis (ber\u017e\u0173 cukrus), kokos\u0173 aliejus, obuoliai (3 %), cinamonas, nat\u016bralus aromatas, druska.<\/p>\n<p>Maistin\u0117 vert\u0117 100g: kalorijos 352kcal; Riebalai 13g; i\u0161 j\u0173 so\u010di\u0173j\u0173 riebal\u0173 9,4g; angliavandeniai 52g, i\u0161 j\u0173 cukr\u0173<br \/>\n1,9g; skaidulos 17g; baltymai 6,3g; druska 0,2g<\/p>\n<p>Fibr baton\u0117liuose naudojami ingredientai yra pritaikyti ir puikiai tinka \u017emon\u0117ms kurie netoleruoja tam tikr\u0173 produkt\u0173. Sud\u0117tyje n\u0117ra glitimo, pieno, rie\u0161ut\u0173, migdol\u0173, kiau\u0161ini\u0173, \u017eem\u0117s rie\u0161ut\u0173 ir soj\u0173.<\/p>\n<p>Fibr baton\u0117liai turi ma\u017eai cukraus ir yra saldinti suomi\u0161ku ber\u017e\u0173 cukrumi, dar vadinamu ksilitoliu.<br \/>\nTai nat\u016bralus saldiklis, i\u0161gaunamas i\u0161 medienos, pasi\u017eymintis lengvu, subtiliu saldumu.<br \/>\nBer\u017e\u0173 cukrus daro minimal\u0173 poveik\u012f gliukoz\u0117s kiekiui kraujyje, tod\u0117l tai padeda i\u0161vengti cukraus \u0161uolio kraujyje. Taip pat \u0161is saldiklis yra \u0161velnesnis dantims, palyginti su \u012fprastais cukrais.<\/p>","protected":false},"excerpt":{"rendered":"<p>FIBR me\u0307lyniu\u0328 pyrago batone\u0307lis 25g Tai baton\u0117lis, kurio skonis primena \u0161vie\u017eiai kepto m\u0117lyni\u0173 pyrago gabal\u0117l\u012f. \u0160is sveikas ir lengvas u\u017ekandis, sukurtas dietologo, be alergen\u0173 puikiai papildo tavo kasdienyb\u0119. Tarsi mo\u010diut\u0117s keptas desertas, tik \u0161velnesis m\u016bs\u0173 sveikatai &#8211; \u0161io nat\u016bralaus u\u017ekand\u017eio saldum\u0105 sudaro vos 2,7g\/100g ber\u017e\u0173 cukraus, o maistingum\u0105 \u2013 daug skaidul\u0173, net 18g\/100g. Jis puikiai&#8230;<\/p>","protected":false},"featured_media":38676,"template":"","meta":{"_acf_changed":false},"product_brand":[],"product_cat":[93,88],"product_tag":[],"class_list":{"0":"post-38674","1":"product","2":"type-product","3":"status-publish","4":"has-post-thumbnail","6":"product_cat-batoneliai-sokoladas","7":"product_cat-naujiena","8":"nt-post-class","9":"","10":"masonry-item","11":"col-lg-6","15":"excerpt-none","19":"first","20":"instock","21":"taxable","22":"shipping-taxable","23":"purchasable","24":"product-type-simple","25":"add-to-wishlist-after_add_to_cart"},"acf":[],"_links":{"self":[{"href":"https:\/\/chiaseklos.lt\/en\/wp-json\/wp\/v2\/product\/38674","targetHints":{"allow":["GET"]}}],"collection":[{"href":"https:\/\/chiaseklos.lt\/en\/wp-json\/wp\/v2\/product"}],"about":[{"href":"https:\/\/chiaseklos.lt\/en\/wp-json\/wp\/v2\/types\/product"}],"wp:featuredmedia":[{"embeddable":true,"href":"https:\/\/chiaseklos.lt\/en\/wp-json\/wp\/v2\/media\/38676"}],"wp:attachment":[{"href":"https:\/\/chiaseklos.lt\/en\/wp-json\/wp\/v2\/media?parent=38674"}],"wp:term":[{"taxonomy":"product_brand","embeddable":true,"href":"https:\/\/chiaseklos.lt\/en\/wp-json\/wp\/v2\/product_brand?post=38674"},{"taxonomy":"product_cat","embeddable":true,"href":"https:\/\/chiaseklos.lt\/en\/wp-json\/wp\/v2\/product_cat?post=38674"},{"taxonomy":"product_tag","embeddable":true,"href":"https:\/\/chiaseklos.lt\/en\/wp-json\/wp\/v2\/product_tag?post=38674"}],"curies":[{"name":"wp","href":"https:\/\/api.w.org\/{rel}","templated":true}]}}