{"id":38670,"date":"2026-04-28T18:02:08","date_gmt":"2026-04-28T18:02:08","guid":{"rendered":"https:\/\/chiaseklos.lt\/?post_type=product&#038;p=38670"},"modified":"2026-04-28T18:02:08","modified_gmt":"2026-04-28T18:02:08","slug":"fibr-karameles-skonio-batone%cc%87lis-25g","status":"publish","type":"product","link":"https:\/\/chiaseklos.lt\/en\/product\/fibr-karameles-skonio-batone%cc%87lis-25g\/","title":{"rendered":"FIBR karamel\u0117s skonio batone\u0307lis 25g"},"content":{"rendered":"<p class=\"wt-product__name\">FIBR karamel\u0117s skonio batone\u0307lis 25g<\/p>\n<p>Tai baton\u0117lis, kuris primins mink\u0161t\u0105, burnoje tirpstan\u010di\u0105 karamel\u0119 Nors skonis \u2013 lyg desertas, sud\u0117tis visai kitokia: nat\u016brali, be glitimo, be pieno ir be rie\u0161ut\u0173. Tik avi\u017eos, skaidulos, ber\u017e\u0173 cukrus (vos 1,9g\/100 g) ir \u0161velni karamel\u0117s nata. Maistinga, subalansuota ir tinkama visiems \u2013 net ir turintiems alergij\u0173. Tai puikus u\u017ekandis po treniruot\u0117s, kelyje ar biure, kai norisi energijos be gliukoz\u0117s \u0161uoli\u0173.<\/p>\n<p>Sudedamosios dalys: avi\u017eos be glitimo, kukur\u016bz\u0173 skaidulos, saldiklis: ksilitolis (ber\u017e\u0173 cukrus), kokos\u0173 aliejus, nat\u016bralus aromatas, druska.<\/p>\n<p>Maistin\u0117 vert\u0117 (100 g): 1448 kJ \/ 346 kcal, riebalai 13 g (i\u0161 j\u0173 so\u010di\u0173j\u0173 9,2 g), angliavandeniai 51 g (i\u0161 j\u0173 cukr\u0173 1,9 g), skaidulos 17 g, baltymai 6,1 g, druska 0,50 g<\/p>\n<p>Fibr baton\u0117liai turi ma\u017eai cukraus ir yra saldinti suomi\u0161ku ber\u017e\u0173 cukrumi, dar vadinamu ksilitoliu.<br \/>\nTai nat\u016bralus saldiklis, i\u0161gaunamas i\u0161 medienos, pasi\u017eymintis lengvu, subtiliu saldumu.<br \/>\nBer\u017e\u0173 cukrus daro minimal\u0173 poveik\u012f gliukoz\u0117s kiekiui kraujyje, tod\u0117l tai padeda i\u0161vengti cukraus \u0161uolio kraujyje. Taip pat \u0161is saldiklis yra \u0161velnesnis dantims, palyginti su \u012fprastais cukrais.<\/p>","protected":false},"excerpt":{"rendered":"<p>FIBR karamel\u0117s skonio batone\u0307lis 25g Tai baton\u0117lis, kuris primins mink\u0161t\u0105, burnoje tirpstan\u010di\u0105 karamel\u0119 Nors skonis \u2013 lyg desertas, sud\u0117tis visai kitokia: nat\u016brali, be glitimo, be pieno ir be rie\u0161ut\u0173. Tik avi\u017eos, skaidulos, ber\u017e\u0173 cukrus (vos 1,9g\/100 g) ir \u0161velni karamel\u0117s nata. Maistinga, subalansuota ir tinkama visiems \u2013 net ir turintiems alergij\u0173. Tai puikus u\u017ekandis po&#8230;<\/p>","protected":false},"featured_media":38672,"template":"","meta":{"_acf_changed":false},"product_brand":[],"product_cat":[88,93],"product_tag":[],"class_list":{"0":"post-38670","1":"product","2":"type-product","3":"status-publish","4":"has-post-thumbnail","6":"product_cat-naujiena","7":"product_cat-batoneliai-sokoladas","8":"nt-post-class","9":"","10":"masonry-item","11":"col-lg-6","15":"excerpt-none","19":"first","20":"instock","21":"taxable","22":"shipping-taxable","23":"purchasable","24":"product-type-simple","25":"add-to-wishlist-after_add_to_cart"},"acf":[],"_links":{"self":[{"href":"https:\/\/chiaseklos.lt\/en\/wp-json\/wp\/v2\/product\/38670","targetHints":{"allow":["GET"]}}],"collection":[{"href":"https:\/\/chiaseklos.lt\/en\/wp-json\/wp\/v2\/product"}],"about":[{"href":"https:\/\/chiaseklos.lt\/en\/wp-json\/wp\/v2\/types\/product"}],"wp:featuredmedia":[{"embeddable":true,"href":"https:\/\/chiaseklos.lt\/en\/wp-json\/wp\/v2\/media\/38672"}],"wp:attachment":[{"href":"https:\/\/chiaseklos.lt\/en\/wp-json\/wp\/v2\/media?parent=38670"}],"wp:term":[{"taxonomy":"product_brand","embeddable":true,"href":"https:\/\/chiaseklos.lt\/en\/wp-json\/wp\/v2\/product_brand?post=38670"},{"taxonomy":"product_cat","embeddable":true,"href":"https:\/\/chiaseklos.lt\/en\/wp-json\/wp\/v2\/product_cat?post=38670"},{"taxonomy":"product_tag","embeddable":true,"href":"https:\/\/chiaseklos.lt\/en\/wp-json\/wp\/v2\/product_tag?post=38670"}],"curies":[{"name":"wp","href":"https:\/\/api.w.org\/{rel}","templated":true}]}}