{"id":38662,"date":"2026-04-28T17:26:46","date_gmt":"2026-04-28T17:26:46","guid":{"rendered":"https:\/\/chiaseklos.lt\/?post_type=product&#038;p=38662"},"modified":"2026-04-28T17:26:46","modified_gmt":"2026-04-28T17:26:46","slug":"fibr-cinamonine%cc%87s-bandele%cc%87s-batone%cc%87lis-25g","status":"publish","type":"product","link":"https:\/\/chiaseklos.lt\/en\/product\/fibr-cinamonine%cc%87s-bandele%cc%87s-batone%cc%87lis-25g\/","title":{"rendered":"FIBR cinamonine\u0307s bandele\u0307s batone\u0307lis 25g"},"content":{"rendered":"<p class=\"wt-product__name\">FIBR cinamonine\u0307s bandele\u0307s batone\u0307lis 25g<\/p>\n<ul>\n<li>\u0160is baton\u0117lis primins k\u0105 tik i\u0161 orkait\u0117s i\u0161trauktas cinamonines bandeles.<\/li>\n<li>Tai lengvas, maistingas u\u017ekandis, sukurtas dietologo, pagamintas i\u0161 nat\u016brali\u0173, gerai pa\u017e\u012fstam\u0173 ingredient\u0173.<\/li>\n<li>Jis puikiai tinka nuotaikai praskaidrinti ar greitam energijos papildymui. Be glitimo, be pieno, be rie\u0161ut\u0173.<\/li>\n<li>Praturintas skaidul\u0173 gausa (18g\/100g) ir turintis \u0161iek tiek saldumo i\u0161 ber\u017e\u0173 cukraus \u2013 tik 2g\/100g.<\/li>\n<\/ul>\n<p>Sudedamosios dalys: Avi\u017eos be glitimo, kukur\u016bz\u0173 skaidulos, saldiklis: ksilitolis, kokos\u0173 aliejus, cinamonas 1,2%, nat\u016brali kvapioji med\u017eiaga, druska.<\/p>\n<p>Maistin\u0117 vert\u0117 (100 g): energin\u0117 vert\u0117 1485 kJ \/ 355 kcal, riebalai 13 g, i\u0161 kuri\u0173 so\u010di\u0173j\u0173 riebal\u0173 r\u016bg\u0161\u010di\u0173 9,2 g,<br \/>\nangliavandeniai 52 g, i\u0161 j\u0173 cukr\u0173 2 g, skaidulos 18 g, baltymai 6,3 g, druska 0,2 g.<\/p>\n<p>Fibr baton\u0117liuose naudojami ingredientai yra pritaikyti ir puikiai tinka \u017emon\u0117ms kurie netoleruoja tam tikr\u0173 produkt\u0173. Sud\u0117tyje n\u0117ra glitimo, pieno, rie\u0161ut\u0173, migdol\u0173, kiau\u0161ini\u0173, \u017eem\u0117s rie\u0161ut\u0173 ir soj\u0173.<\/p>\n<p>Fibr baton\u0117liai turi ma\u017eai cukraus ir yra saldinti suomi\u0161ku ber\u017e\u0173 cukrumi, dar vadinamu ksilitoliu.<br \/>\nTai nat\u016bralus saldiklis, i\u0161gaunamas i\u0161 medienos, pasi\u017eymintis lengvu, subtiliu saldumu.<br \/>\nBer\u017e\u0173 cukrus daro minimal\u0173 poveik\u012f gliukoz\u0117s kiekiui kraujyje, tod\u0117l tai padeda i\u0161vengti cukraus \u0161uolio kraujyje. Taip pat \u0161is saldiklis yra \u0161velnesnis dantims, palyginti su \u012fprastais cukrais.<\/p>\n<p>&nbsp;<\/p>","protected":false},"excerpt":{"rendered":"<p>FIBR cinamonine\u0307s bandele\u0307s batone\u0307lis 25g \u0160is baton\u0117lis primins k\u0105 tik i\u0161 orkait\u0117s i\u0161trauktas cinamonines bandeles. Tai lengvas, maistingas u\u017ekandis, sukurtas dietologo, pagamintas i\u0161 nat\u016brali\u0173, gerai pa\u017e\u012fstam\u0173 ingredient\u0173. Jis puikiai tinka nuotaikai praskaidrinti ar greitam energijos papildymui. Be glitimo, be pieno, be rie\u0161ut\u0173. Praturintas skaidul\u0173 gausa (18g\/100g) ir turintis \u0161iek tiek saldumo i\u0161 ber\u017e\u0173 cukraus \u2013&#8230;<\/p>","protected":false},"featured_media":38664,"template":"","meta":{"_acf_changed":false},"product_brand":[],"product_cat":[93,88],"product_tag":[],"class_list":{"0":"post-38662","1":"product","2":"type-product","3":"status-publish","4":"has-post-thumbnail","6":"product_cat-batoneliai-sokoladas","7":"product_cat-naujiena","8":"nt-post-class","9":"","10":"masonry-item","11":"col-lg-6","15":"excerpt-none","19":"first","20":"instock","21":"taxable","22":"shipping-taxable","23":"purchasable","24":"product-type-simple","25":"add-to-wishlist-after_add_to_cart"},"acf":[],"_links":{"self":[{"href":"https:\/\/chiaseklos.lt\/en\/wp-json\/wp\/v2\/product\/38662","targetHints":{"allow":["GET"]}}],"collection":[{"href":"https:\/\/chiaseklos.lt\/en\/wp-json\/wp\/v2\/product"}],"about":[{"href":"https:\/\/chiaseklos.lt\/en\/wp-json\/wp\/v2\/types\/product"}],"wp:featuredmedia":[{"embeddable":true,"href":"https:\/\/chiaseklos.lt\/en\/wp-json\/wp\/v2\/media\/38664"}],"wp:attachment":[{"href":"https:\/\/chiaseklos.lt\/en\/wp-json\/wp\/v2\/media?parent=38662"}],"wp:term":[{"taxonomy":"product_brand","embeddable":true,"href":"https:\/\/chiaseklos.lt\/en\/wp-json\/wp\/v2\/product_brand?post=38662"},{"taxonomy":"product_cat","embeddable":true,"href":"https:\/\/chiaseklos.lt\/en\/wp-json\/wp\/v2\/product_cat?post=38662"},{"taxonomy":"product_tag","embeddable":true,"href":"https:\/\/chiaseklos.lt\/en\/wp-json\/wp\/v2\/product_tag?post=38662"}],"curies":[{"name":"wp","href":"https:\/\/api.w.org\/{rel}","templated":true}]}}