{"id":38502,"date":"2026-04-21T12:15:20","date_gmt":"2026-04-21T12:15:20","guid":{"rendered":"https:\/\/chiaseklos.lt\/?post_type=product&#038;p=38502"},"modified":"2026-04-21T12:15:21","modified_gmt":"2026-04-21T12:15:21","slug":"grikiniai-makaronai-fusilli-250-g","status":"publish","type":"product","link":"https:\/\/chiaseklos.lt\/en\/product\/grikiniai-makaronai-fusilli-250-g\/","title":{"rendered":"Grikiniai makaronai \u201eFusilli\u201c, 250 g"},"content":{"rendered":"<p class=\"item-title page-title text-black\">Grikiniai makaronai \u201eFusilli\u201c<\/p>\n<p data-start=\"89\" data-end=\"295\"><strong data-start=\"167\" data-end=\"201\">Griki\u0173 milt\u0173 makaronai <\/strong>\u2013 puikus pasirinkimas kasdieniams patiekalams, kai norisi \u012fvairov\u0117s ir subalansuotos mitybos.<\/p>\n<p data-start=\"297\" data-end=\"601\">\u0160ie makaronai gaminami i\u0161 griki\u0173 milt\u0173, tod\u0117l nat\u016braliai i\u0161siskiria savo maistine sud\u0117timi. Grikiai vertinami d\u0117l juose esan\u010di\u0173 B grup\u0117s vitamin\u0173, taip pat mineralini\u0173 med\u017eiag\u0173 \u2013 kalio, magnio, gele\u017eies. \u012etraukus juos \u012f kasdien\u0119 mityb\u0105, galima pa\u012fvairinti racion\u0105 ir papildyti j\u012f vertingomis med\u017eiagomis.<\/p>\n<p data-start=\"603\" data-end=\"646\"><strong data-start=\"603\" data-end=\"646\">Griki\u0173 makaronai \u2013 puikus pasirinkimas:<\/strong><\/p>\n<ul data-start=\"647\" data-end=\"866\">\n<li data-section-id=\"17nighl\" data-start=\"647\" data-end=\"742\">\u017emon\u0117ms, kurie vengia glitimo turin\u010di\u0173 produkt\u0173 (svarbu: visada tikrinkite sud\u0117t\u012f etiket\u0117je),<\/li>\n<li data-section-id=\"w6rzvp\" data-start=\"743\" data-end=\"793\">ie\u0161kantiems lengvesnio, ta\u010diau sotaus patiekalo,<\/li>\n<li data-section-id=\"1jvotez\" data-start=\"794\" data-end=\"866\">norintiems i\u0161bandyti naujus skonius ar pa\u012fvairinti \u0161eimos valgiara\u0161t\u012f.<\/li>\n<\/ul>\n<p data-start=\"868\" data-end=\"1183\">Makaronai lengvai paruo\u0161iami ir puikiai dera su dar\u017eov\u0117mis, m\u0117sa ar augaliniais pada\u017eais. D\u0117l savo \u0161velnaus, \u0161iek tiek rie\u0161utinio skonio jie tinka tiek tradiciniams, tiek modernesniems receptams. \u0160ios formos makaronai da\u017enai patinka ir vaikams \u2013 juos smagu valgyti bei derinti su m\u0117gstamais ingredientais.<\/p>\n<p data-start=\"1185\" data-end=\"1475\"><strong data-start=\"1185\" data-end=\"1226\">Kod\u0117l verta rinktis griki\u0173 makaronus?<\/strong><br data-start=\"1226\" data-end=\"1229\" \/>Grikiai nuo seno vertinami \u012fvairiose pasaulio virtuv\u0117se. Tai nat\u016brali \u017ealiava, leid\u017eianti sukurti paprastus, bet maistingus patiekalus. \u012etraukdami griki\u0173 makaronus \u012f savo mityb\u0105, galite lengvai pa\u012fvairinti kasdien\u012f meniu be sud\u0117tingo pasiruo\u0161imo.<\/p>\n<h5 class=\"description_title\">Sud\u0117tis \/ Energin\u0117 vert\u0117<\/h5>\n<div class=\"item-text text-justify\">\n<p><strong>Sudedamosios dalys:\u00a0<\/strong>100% grikiniai miltai, vanduo.<\/p>\n<table class=\"table table-sm\">\n<tbody>\n<tr>\n<td>Energetin\u0117 vert\u0117 100 g<\/td>\n<td>1439 kJ\/ 341 kcal<\/td>\n<\/tr>\n<tr>\n<td>Riebalai<\/td>\n<td>3,1 g<\/td>\n<\/tr>\n<tr>\n<td>i\u0161 kuri\u0173 so\u010di\u0173j\u0173 riebal\u0173<\/td>\n<td>0,7 g<\/td>\n<\/tr>\n<tr>\n<td>Angliavandeniai<\/td>\n<td>60,6 g<\/td>\n<\/tr>\n<tr>\n<td>I\u0161 kuri\u0173 cukr\u0173<\/td>\n<td>2,6 g<\/td>\n<\/tr>\n<tr>\n<td>Skaidulin\u0117s med\u017eiagos<\/td>\n<td>10 g<\/td>\n<\/tr>\n<tr>\n<td>Baltymai<\/td>\n<td>12,6 g<\/td>\n<\/tr>\n<tr>\n<td>Druska<\/td>\n<td>0,03 g*<\/td>\n<\/tr>\n<\/tbody>\n<\/table>\n<\/div>","protected":false},"excerpt":{"rendered":"<p>Grikiniai makaronai \u201eFusilli\u201c Griki\u0173 milt\u0173 makaronai \u2013 puikus pasirinkimas kasdieniams patiekalams, kai norisi \u012fvairov\u0117s ir subalansuotos mitybos. \u0160ie makaronai gaminami i\u0161 griki\u0173 milt\u0173, tod\u0117l nat\u016braliai i\u0161siskiria savo maistine sud\u0117timi. Grikiai vertinami d\u0117l juose esan\u010di\u0173 B grup\u0117s vitamin\u0173, taip pat mineralini\u0173 med\u017eiag\u0173 \u2013 kalio, magnio, gele\u017eies. \u012etraukus juos \u012f kasdien\u0119 mityb\u0105, galima pa\u012fvairinti racion\u0105 ir papildyti&#8230;<\/p>","protected":false},"featured_media":38503,"template":"","meta":{"_acf_changed":false},"product_brand":[],"product_cat":[88,100,113],"product_tag":[],"class_list":{"0":"post-38502","1":"product","2":"type-product","3":"status-publish","4":"has-post-thumbnail","6":"product_cat-naujiena","7":"product_cat-kruopos","8":"product_cat-sausi-pusryciai","9":"nt-post-class","10":"","11":"masonry-item","12":"col-lg-6","16":"excerpt-none","20":"first","21":"instock","22":"taxable","23":"shipping-taxable","24":"purchasable","25":"product-type-simple","26":"add-to-wishlist-after_add_to_cart"},"acf":[],"_links":{"self":[{"href":"https:\/\/chiaseklos.lt\/en\/wp-json\/wp\/v2\/product\/38502","targetHints":{"allow":["GET"]}}],"collection":[{"href":"https:\/\/chiaseklos.lt\/en\/wp-json\/wp\/v2\/product"}],"about":[{"href":"https:\/\/chiaseklos.lt\/en\/wp-json\/wp\/v2\/types\/product"}],"wp:featuredmedia":[{"embeddable":true,"href":"https:\/\/chiaseklos.lt\/en\/wp-json\/wp\/v2\/media\/38503"}],"wp:attachment":[{"href":"https:\/\/chiaseklos.lt\/en\/wp-json\/wp\/v2\/media?parent=38502"}],"wp:term":[{"taxonomy":"product_brand","embeddable":true,"href":"https:\/\/chiaseklos.lt\/en\/wp-json\/wp\/v2\/product_brand?post=38502"},{"taxonomy":"product_cat","embeddable":true,"href":"https:\/\/chiaseklos.lt\/en\/wp-json\/wp\/v2\/product_cat?post=38502"},{"taxonomy":"product_tag","embeddable":true,"href":"https:\/\/chiaseklos.lt\/en\/wp-json\/wp\/v2\/product_tag?post=38502"}],"curies":[{"name":"wp","href":"https:\/\/api.w.org\/{rel}","templated":true}]}}