{"id":38392,"date":"2026-04-16T12:32:28","date_gmt":"2026-04-16T12:32:28","guid":{"rendered":"https:\/\/chiaseklos.lt\/?post_type=product&#038;p=38392"},"modified":"2026-04-16T12:32:29","modified_gmt":"2026-04-16T12:32:29","slug":"zuvies-prieskoniai-su-cesnaku-100g","status":"publish","type":"product","link":"https:\/\/chiaseklos.lt\/en\/product\/zuvies-prieskoniai-su-cesnaku-100g\/","title":{"rendered":"\u017duvies prieskoniai su \u010desnaku 100g"},"content":{"rendered":"<p>\u017duvies prieskoniai su \u010desnaku 100g<\/p>\n<p>Rekomenduojama naudoti \u012fvairiai \u017euviai gardinti.<\/p>\n<div class=\"title\">Sudedamosios dalys:\u00a0\u010cesnakai, juodieji pipirai, kalendra, kmynai, svog\u016bnai, lauro lapai.<\/div>\n<div>\n<div class=\"title\">Maistingumo informacija 100 g produkto Energin\u0117 vert\u0117 1541 kJ \/ 365 kcal Riebalai 2,5 g I\u0161 j\u0173 so\u010di\u0173j\u0173 riebal\u0173 r\u016bg\u0161\u010di\u0173 0,3 g Angliavandeniai 67,5 g -i\u0161 kuri\u0173 cukr\u0173 17,9 g<\/div>\n<div class=\"description\">\n<p>Skaidulin\u0117s med\u017eiagos 10,6 g\u00a0Baltymai 12,6 g\u00a0Druska 0,1 g<\/p>\n<div class=\"title\">Alergenai\u00a0Gali tur\u0117ti GLITIMO, GARSTY\u010cI\u0172, SALIER\u0172, SEZAM\u0172, \u017dEM\u0116S RIE\u0160UT\u0172 p\u0117dsak\u0173.<\/div>\n<\/div>\n<div class=\"title\">Kilm\u0117s \u0161alis\u00a0Lietuva<\/div>\n<div class=\"title\">Laikymo s\u0105lygos\u00a0V\u0117sioje ir sausoje aplinkoje.<\/div>\n<\/div>","protected":false},"excerpt":{"rendered":"<p>\u017duvies prieskoniai su \u010desnaku 100g Rekomenduojama naudoti \u012fvairiai \u017euviai gardinti. Sudedamosios dalys:\u00a0\u010cesnakai, juodieji pipirai, kalendra, kmynai, svog\u016bnai, lauro lapai. Maistingumo informacija 100 g produkto Energin\u0117 vert\u0117 1541 kJ \/ 365 kcal Riebalai 2,5 g I\u0161 j\u0173 so\u010di\u0173j\u0173 riebal\u0173 r\u016bg\u0161\u010di\u0173 0,3 g Angliavandeniai 67,5 g -i\u0161 kuri\u0173 cukr\u0173 17,9 g Skaidulin\u0117s med\u017eiagos 10,6 g\u00a0Baltymai 12,6 g\u00a0Druska&#8230;<\/p>","protected":false},"featured_media":38393,"template":"","meta":{"_acf_changed":false},"product_brand":[],"product_cat":[68,88],"product_tag":[],"class_list":{"0":"post-38392","1":"product","2":"type-product","3":"status-publish","4":"has-post-thumbnail","6":"product_cat-prieskoniai","7":"product_cat-naujiena","8":"nt-post-class","9":"","10":"masonry-item","11":"col-lg-6","15":"excerpt-none","19":"first","20":"instock","21":"taxable","22":"shipping-taxable","23":"purchasable","24":"product-type-simple","25":"add-to-wishlist-after_add_to_cart"},"acf":[],"_links":{"self":[{"href":"https:\/\/chiaseklos.lt\/en\/wp-json\/wp\/v2\/product\/38392","targetHints":{"allow":["GET"]}}],"collection":[{"href":"https:\/\/chiaseklos.lt\/en\/wp-json\/wp\/v2\/product"}],"about":[{"href":"https:\/\/chiaseklos.lt\/en\/wp-json\/wp\/v2\/types\/product"}],"wp:featuredmedia":[{"embeddable":true,"href":"https:\/\/chiaseklos.lt\/en\/wp-json\/wp\/v2\/media\/38393"}],"wp:attachment":[{"href":"https:\/\/chiaseklos.lt\/en\/wp-json\/wp\/v2\/media?parent=38392"}],"wp:term":[{"taxonomy":"product_brand","embeddable":true,"href":"https:\/\/chiaseklos.lt\/en\/wp-json\/wp\/v2\/product_brand?post=38392"},{"taxonomy":"product_cat","embeddable":true,"href":"https:\/\/chiaseklos.lt\/en\/wp-json\/wp\/v2\/product_cat?post=38392"},{"taxonomy":"product_tag","embeddable":true,"href":"https:\/\/chiaseklos.lt\/en\/wp-json\/wp\/v2\/product_tag?post=38392"}],"curies":[{"name":"wp","href":"https:\/\/api.w.org\/{rel}","templated":true}]}}