{"id":38385,"date":"2026-04-16T11:28:12","date_gmt":"2026-04-16T11:28:12","guid":{"rendered":"https:\/\/chiaseklos.lt\/?post_type=product&#038;p=38385"},"modified":"2026-04-16T11:28:14","modified_gmt":"2026-04-16T11:28:14","slug":"zirniu-baltymu-izoliatas-80","status":"publish","type":"product","link":"https:\/\/chiaseklos.lt\/en\/product\/zirniu-baltymu-izoliatas-80\/","title":{"rendered":"\u017dirni\u0173 baltym\u0173 izoliatas 80 % bekvapis"},"content":{"rendered":"<div class=\"flex flex-col text-sm pb-25\">\n<section class=\"text-token-text-primary w-full focus:outline-none [--shadow-height:45px] has-data-writing-block:pointer-events-none has-data-writing-block:-mt-(--shadow-height) has-data-writing-block:pt-(--shadow-height) [&amp;:has([data-writing-block])&gt;*]:pointer-events-auto [content-visibility:auto] supports-[content-visibility:auto]:[contain-intrinsic-size:auto_100lvh] scroll-mt-[calc(var(--header-height)+min(200px,max(70px,20svh)))]\" dir=\"auto\" data-turn-id=\"c3a57a71-3c53-4c60-90a5-570bc7190d82\" data-testid=\"conversation-turn-8\" data-scroll-anchor=\"true\" data-turn=\"assistant\">\n<div class=\"text-base my-auto mx-auto pb-10 [--thread-content-margin:var(--thread-content-margin-xs,calc(var(--spacing)*4))] @w-sm\/main:[--thread-content-margin:var(--thread-content-margin-sm,calc(var(--spacing)*6))] @w-lg\/main:[--thread-content-margin:var(--thread-content-margin-lg,calc(var(--spacing)*16))] px-(--thread-content-margin)\">\n<div class=\"[--thread-content-max-width:40rem] @w-lg\/main:[--thread-content-max-width:48rem] mx-auto max-w-(--thread-content-max-width) flex-1 group\/turn-messages focus-visible:outline-hidden relative flex w-full min-w-0 flex-col agent-turn\">\n<div class=\"flex max-w-full flex-col gap-4 grow\">\n<div class=\"min-h-8 text-message relative flex w-full flex-col items-end gap-2 text-start break-words whitespace-normal outline-none keyboard-focused:focus-ring [.text-message+&amp;]:mt-1\" dir=\"auto\" tabindex=\"0\" data-message-author-role=\"assistant\" data-message-id=\"c3a57a71-3c53-4c60-90a5-570bc7190d82\" data-turn-start-message=\"true\" data-message-model-slug=\"gpt-5-3\">\n<div class=\"flex w-full flex-col gap-1 empty:hidden\">\n<div class=\"markdown prose dark:prose-invert w-full wrap-break-word light markdown-new-styling\">\n<p data-start=\"0\" data-end=\"490\">\u017dirni\u0173 baltym\u0173 izoliatas 80 %<\/p>\n<p data-start=\"0\" data-end=\"490\">\u017dirni\u0173 baltym\u0173 izoliatas 80 % \u2013 tai auk\u0161tos kokyb\u0117s, augalin\u0117s kilm\u0117s baltym\u0173 \u0161altinis, pagamintas i\u0161 gelton\u0173j\u0173 \u017eirni\u0173. \u0160is produktas pasi\u017eymi dideliu baltym\u0173 kiekiu, geru \u012fsisavinimu ir neutraliu skoniu, tod\u0117l puikiai tinka tiek kasdien\u0117s mitybos praturtinimui, tiek aktyviai sportuojantiems ar sveik\u0105 gyvenimo b\u016bd\u0105 puosel\u0117jantiems \u017emon\u0117ms. D\u0117l savo sud\u0117ties jis yra tinkamas veganams ir vegetarams, neturi laktoz\u0117s ir glitimo, tod\u0117l gali b\u016bti puiki alternatyva gyv\u016bnin\u0117s kilm\u0117s baltymams.<\/p>\n<p data-start=\"492\" data-end=\"806\">\u017dirni\u0173 baltym\u0173 izoliatas pasi\u017eymi geru tirpumu, tod\u0117l lengvai mai\u0161osi su vandeniu, augaliniais g\u0117rimais ar kitais skys\u010diais. Jis puikiai tinka \u012fvairiems kokteiliams, glotnu\u010diams, taip pat gali b\u016bti naudojamas kepiniuose, baltyminiuose baton\u0117liuose, ko\u0161\u0117se ar net sriubose, siekiant padidinti baltym\u0173 kiek\u012f racione.<\/p>\n<p data-start=\"808\" data-end=\"1254\">\u0160is produktas ypa\u010d vertinamas d\u0117l savo universalumo ir paprasto pritaikymo kasdien\u0117je mityboje. Neutralus skonis leid\u017eia j\u012f derinti tiek su sald\u017eiais, tiek su s\u016briais patiekalais, tod\u0117l lengva \u012ftraukti \u012f \u012fvairius receptus. Tai patogus pasirinkimas tiems, kurie nori papildyti savo mityb\u0105 baltymais be sud\u0117tingo pasiruo\u0161imo. Be to, augaliniai baltymai vis da\u017eniau pasirenkami d\u0117l subalansuotos mitybos, \u012fvairov\u0117s racione bei lengvesnio vir\u0161kinimo.<\/p>\n<p data-start=\"1256\" data-end=\"1859\" data-is-last-node=\"\" data-is-only-node=\"\">\u017dirni\u0173 baltym\u0173 izoliatas gali b\u016bti naudojamas ne tik sportuojantiems, bet ir \u017emon\u0117ms, kurie siekia palaikyti normal\u0173 k\u016bno svor\u012f ar didinti baltym\u0173 kiek\u012f kasdien\u0117je mityboje. Tai puikus pasirinkimas ruo\u0161iant greitus ir maistingus patiekalus namuose ar darbe. Produktas yra <strong data-start=\"1528\" data-end=\"1548\">grynas, bekvapis<\/strong>, tod\u0117l neturi jokio pa\u0161alinio aromato ir nekei\u010dia patiekal\u0173 skonio, tik praturtina juos baltymais. D\u0117l \u0161ios savyb\u0117s jis itin universalus ir lengvai pritaikomas tiek sald\u017eiuose, tiek s\u016briuose receptuose. Produktas lengvai dozuojamas, tod\u0117l j\u012f patogu naudoti tiek pradedantiesiems, tiek pa\u017eengusiems vartotojams.<\/p>\n<p data-start=\"1809\" data-end=\"2024\">Rekomenduojama vartoti apie 20\u201330 g per dien\u0105: \u012fberti \u012f 200\u2013250 ml vandens arba pieno ir gerai i\u0161mai\u0161yti. Vartoti atsi\u017evelgiant \u012f individualius poreikius, fizin\u012f aktyvum\u0105 bei mitybos \u012fpro\u010dius. Kiekis gali b\u016bti koreguojamas pagal asmeninius tikslus ar mitybos plan\u0105.<\/p>\n<p data-start=\"2026\" data-end=\"2287\">Energin\u0117 ir maistin\u0117 vert\u0117: 100 g produkto yra apie 1600 kJ \/ 380 kcal energin\u0117s vert\u0117s, 80 g baltym\u0173, ~6\u20138 g riebal\u0173, ~3\u20135 g angliavandeni\u0173 ir ~1\u20132 g druskos. Tai leid\u017eia lengvai apskai\u010diuoti suvartojam\u0173 baltym\u0173 kiek\u012f ir pritaikyti produkt\u0105 pagal savo tikslus.<\/p>\n<p data-start=\"2289\" data-end=\"2340\">Sudedamosios dalys: 100 % \u017eirni\u0173 baltym\u0173 izoliatas.<\/p>\n<p data-start=\"2342\" data-end=\"2424\">Laikymo s\u0105lygos: laikyti sausoje, v\u0117sioje vietoje, sandariai u\u017edarytoje pakuot\u0117je.<\/p>\n<p data-start=\"2426\" data-end=\"2448\">Kilm\u0117s \u0161alis: Lenkija.<\/p>\n<p data-start=\"2450\" data-end=\"2535\" data-is-last-node=\"\" data-is-only-node=\"\">Produktas neturi pakeisti \u012fvairios ir subalansuotos mitybos bei sveiko gyvenimo b\u016bdo.<\/p>\n<\/div>\n<\/div>\n<\/div>\n<\/div>\n<\/div>\n<\/div>\n<\/section>\n<\/div>\n<div class=\"pointer-events-none h-px w-px absolute bottom-0\" aria-hidden=\"true\" data-edge=\"true\"><\/div>\n","protected":false},"excerpt":{"rendered":"<p>\u017dirni\u0173 baltym\u0173 izoliatas 80 % \u017dirni\u0173 baltym\u0173 izoliatas 80 % \u2013 tai auk\u0161tos kokyb\u0117s, augalin\u0117s kilm\u0117s baltym\u0173 \u0161altinis, pagamintas i\u0161 gelton\u0173j\u0173 \u017eirni\u0173. \u0160is produktas pasi\u017eymi dideliu baltym\u0173 kiekiu, geru \u012fsisavinimu ir neutraliu skoniu, tod\u0117l puikiai tinka tiek kasdien\u0117s mitybos praturtinimui, tiek aktyviai sportuojantiems ar sveik\u0105 gyvenimo b\u016bd\u0105 puosel\u0117jantiems \u017emon\u0117ms. D\u0117l savo sud\u0117ties jis yra tinkamas&#8230;<\/p>","protected":false},"featured_media":38391,"template":"","meta":{"_acf_changed":false},"product_brand":[],"product_cat":[88,65],"product_tag":[],"class_list":{"0":"post-38385","1":"product","2":"type-product","3":"status-publish","4":"has-post-thumbnail","6":"product_cat-naujiena","7":"product_cat-supermaistas","8":"nt-post-class","9":"","10":"masonry-item","11":"col-lg-6","15":"excerpt-none","19":"first","20":"instock","21":"taxable","22":"shipping-taxable","23":"purchasable","24":"product-type-variable","25":"add-to-wishlist-after_add_to_cart"},"acf":[],"_links":{"self":[{"href":"https:\/\/chiaseklos.lt\/en\/wp-json\/wp\/v2\/product\/38385","targetHints":{"allow":["GET"]}}],"collection":[{"href":"https:\/\/chiaseklos.lt\/en\/wp-json\/wp\/v2\/product"}],"about":[{"href":"https:\/\/chiaseklos.lt\/en\/wp-json\/wp\/v2\/types\/product"}],"wp:featuredmedia":[{"embeddable":true,"href":"https:\/\/chiaseklos.lt\/en\/wp-json\/wp\/v2\/media\/38391"}],"wp:attachment":[{"href":"https:\/\/chiaseklos.lt\/en\/wp-json\/wp\/v2\/media?parent=38385"}],"wp:term":[{"taxonomy":"product_brand","embeddable":true,"href":"https:\/\/chiaseklos.lt\/en\/wp-json\/wp\/v2\/product_brand?post=38385"},{"taxonomy":"product_cat","embeddable":true,"href":"https:\/\/chiaseklos.lt\/en\/wp-json\/wp\/v2\/product_cat?post=38385"},{"taxonomy":"product_tag","embeddable":true,"href":"https:\/\/chiaseklos.lt\/en\/wp-json\/wp\/v2\/product_tag?post=38385"}],"curies":[{"name":"wp","href":"https:\/\/api.w.org\/{rel}","templated":true}]}}