{"id":38379,"date":"2026-04-16T10:08:37","date_gmt":"2026-04-16T10:08:37","guid":{"rendered":"https:\/\/chiaseklos.lt\/?post_type=product&#038;p=38379"},"modified":"2026-04-16T10:09:36","modified_gmt":"2026-04-16T10:09:36","slug":"keltu-juros-druska-celtic-pilka-stambi-2-4-mm","status":"publish","type":"product","link":"https:\/\/chiaseklos.lt\/en\/product\/keltu-juros-druska-celtic-pilka-stambi-2-4-mm\/","title":{"rendered":"Kelt\u0173 druska (celtic) Pilka stambi j\u016bros druska maistui 2-4 mm"},"content":{"rendered":"<p data-start=\"593\" data-end=\"648\"><strong data-start=\"593\" data-end=\"648\">Kelt\u0173 j\u016bros druska (Celtic) \u2013 pilka, stambi, 2\u20134 mm<\/strong><\/p>\n<p data-start=\"650\" data-end=\"879\">Kelt\u0173 j\u016bros druska (Celtic) \u2013 pilka, stambi, 2\u20134 mm &#8211; auk\u0161\u010diausios kokyb\u0117s nat\u016brali kelt\u0173 j\u016bros druska i\u0161 Bretan\u0117s (Pranc\u016bzija), dar \u017einoma kaip \u201eSel de Gu\u00e9rande\u201c. Tradici\u0161kai rankomis surenkama druska vertinama d\u0117l savo nat\u016bralios kilm\u0117s, mineralin\u0117s sud\u0117ties ir i\u0161rai\u0161kingo skonio.<\/p>\n<p data-start=\"881\" data-end=\"1128\">\u0160i nerafinuota j\u016bros druska i\u0161gaunama senoviniu b\u016bdu molio baseinuose, kuriuose nat\u016braliai susiformuoja mineralais praturtinti kristalai. D\u0117l \u0161ios prie\u017easties druska pasi\u017eymi b\u016bdinga pilk\u0161va spalva ir sodresniu skoniu nei \u012fprasta valgomoji druska.<\/p>\n<p data-start=\"1130\" data-end=\"1173\"><strong data-start=\"1130\" data-end=\"1173\">Kod\u0117l verta rinktis kelt\u0173 j\u016bros drusk\u0105?<\/strong><\/p>\n<ul data-start=\"1174\" data-end=\"1422\">\n<li data-section-id=\"1xldq95\" data-start=\"1174\" data-end=\"1216\">Nat\u016bralios kilm\u0117s, minimaliai apdorota<\/li>\n<li data-section-id=\"98pqp4\" data-start=\"1217\" data-end=\"1275\">Sud\u0117tyje nat\u016braliai yra mineral\u0173 (pvz., magnio, kalio)<\/li>\n<li data-section-id=\"4yjoes\" data-start=\"1276\" data-end=\"1354\">Intensyvesnis skonis \u2013 ma\u017eesnio kiekio gali pakakti patiekal\u0173 pagardinimui<\/li>\n<li data-section-id=\"r805xy\" data-start=\"1355\" data-end=\"1422\">Tinka kasdieniam naudojimui vietoje \u012fprastos rafinuotos druskos<\/li>\n<\/ul>\n<p data-start=\"1424\" data-end=\"1599\">Kelt\u0173 druska ypa\u010d vertinama kulinarijoje d\u0117l savo tekst\u016bros ir geb\u0117jimo i\u0161ry\u0161kinti nat\u016bral\u0173 maisto skon\u012f. Stambesni kristalai puikiai tinka baigiamajam patiekal\u0173 pagardinimui.<\/p>\n<p data-start=\"1601\" data-end=\"1764\"><strong data-start=\"1601\" data-end=\"1616\">Naudojimas: <\/strong>Tinka m\u0117sai, \u017euviai, dar\u017eov\u0117ms, salotoms, sriuboms bei kitiems patiekalams. D\u0117l nat\u016bralios dr\u0117gm\u0117s nerekomenduojama naudoti druskos mal\u016bn\u0117liuose.<\/p>\n<p data-start=\"1766\" data-end=\"1852\"><strong data-start=\"1766\" data-end=\"1777\">Svarbu: <\/strong>Druska tur\u0117t\u0173 b\u016bti vartojama saikingai kaip subalansuotos mitybos dalis.<\/p>\n<p data-start=\"1854\" data-end=\"1883\"><strong data-start=\"1854\" data-end=\"1881\">Maistin\u0117 vert\u0117 (100 g): <\/strong>Natris: apie 35 g<\/p>\n<p data-start=\"1907\" data-end=\"1953\"><strong data-start=\"1907\" data-end=\"1930\">Sudedamosios dalys: <\/strong>100 % j\u016bros druska<\/p>\n<p data-start=\"1955\" data-end=\"1987\"><strong data-start=\"1955\" data-end=\"1972\">Kilm\u0117s \u0161alis: <\/strong>Pranc\u016bzija<\/p>\n<p>&nbsp;<\/p>","protected":false},"excerpt":{"rendered":"<p>Kelt\u0173 j\u016bros druska (Celtic) \u2013 pilka, stambi, 2\u20134 mm Kelt\u0173 j\u016bros druska (Celtic) \u2013 pilka, stambi, 2\u20134 mm &#8211; auk\u0161\u010diausios kokyb\u0117s nat\u016brali kelt\u0173 j\u016bros druska i\u0161 Bretan\u0117s (Pranc\u016bzija), dar \u017einoma kaip \u201eSel de Gu\u00e9rande\u201c. Tradici\u0161kai rankomis surenkama druska vertinama d\u0117l savo nat\u016bralios kilm\u0117s, mineralin\u0117s sud\u0117ties ir i\u0161rai\u0161kingo skonio. \u0160i nerafinuota j\u016bros druska i\u0161gaunama senoviniu b\u016bdu&#8230;<\/p>","protected":false},"featured_media":38383,"template":"","meta":{"_acf_changed":false},"product_brand":[],"product_cat":[88,65,63],"product_tag":[],"class_list":{"0":"post-38379","1":"product","2":"type-product","3":"status-publish","4":"has-post-thumbnail","6":"product_cat-naujiena","7":"product_cat-supermaistas","8":"product_cat-arbatos","9":"nt-post-class","10":"","11":"masonry-item","12":"col-lg-6","16":"excerpt-none","20":"first","21":"instock","22":"taxable","23":"shipping-taxable","24":"purchasable","25":"product-type-variable","26":"add-to-wishlist-after_add_to_cart"},"acf":[],"_links":{"self":[{"href":"https:\/\/chiaseklos.lt\/en\/wp-json\/wp\/v2\/product\/38379","targetHints":{"allow":["GET"]}}],"collection":[{"href":"https:\/\/chiaseklos.lt\/en\/wp-json\/wp\/v2\/product"}],"about":[{"href":"https:\/\/chiaseklos.lt\/en\/wp-json\/wp\/v2\/types\/product"}],"wp:featuredmedia":[{"embeddable":true,"href":"https:\/\/chiaseklos.lt\/en\/wp-json\/wp\/v2\/media\/38383"}],"wp:attachment":[{"href":"https:\/\/chiaseklos.lt\/en\/wp-json\/wp\/v2\/media?parent=38379"}],"wp:term":[{"taxonomy":"product_brand","embeddable":true,"href":"https:\/\/chiaseklos.lt\/en\/wp-json\/wp\/v2\/product_brand?post=38379"},{"taxonomy":"product_cat","embeddable":true,"href":"https:\/\/chiaseklos.lt\/en\/wp-json\/wp\/v2\/product_cat?post=38379"},{"taxonomy":"product_tag","embeddable":true,"href":"https:\/\/chiaseklos.lt\/en\/wp-json\/wp\/v2\/product_tag?post=38379"}],"curies":[{"name":"wp","href":"https:\/\/api.w.org\/{rel}","templated":true}]}}