{"id":38355,"date":"2026-04-15T11:17:55","date_gmt":"2026-04-15T11:17:55","guid":{"rendered":"https:\/\/chiaseklos.lt\/?post_type=product&#038;p=38355"},"modified":"2026-04-15T11:19:07","modified_gmt":"2026-04-15T11:19:07","slug":"matcha-zaliosios-arbatos-milteliai","status":"publish","type":"product","link":"https:\/\/chiaseklos.lt\/en\/product\/matcha-zaliosios-arbatos-milteliai\/","title":{"rendered":"MATCHA \u017ealiosios arbatos milteliai"},"content":{"rendered":"<p>MATCHA \u017ealiosios arbatos milteliai<\/p>\n<p>MATCHA\u00a0 \u017ealiosios arbatos milteliai \u2013 auk\u0161tos kokyb\u0117s \u017ealiosios arbatos milteliai Matcha. Jiems gaminti naudojami tik jauniausi ir \u0161vie\u017eiausi arbatos lapeliai, u\u017eauginti \u0161e\u0161\u0117lyje. Prie\u0161 sumalant specialiomis technologijomis pa\u0161alinami arbatos lapeli\u0173 koteliai ir gyslel\u0117s. Gerti galima ir kar\u0161t\u0105, ir \u0161alt\u0105. Tinka veganams ir \u017ealiavalgiams.<\/p>\n<p>Geriant match\u0105, gaunamos visos \u017ealios arbatos lapeli\u0173 med\u017eiagos 100%, taip pat ir riebaluose tirpstantys vitaminai bei veikliosios med\u017eiagos.<\/p>\n<p>\u017daliosios arbatos milteliai naudojami ne tik arbatos g\u0117rimui ruo\u0161ti, bet ir \u012fvairiems kokteiliams (kar\u0161tiems ir \u0161altiems), desertams, kepiniams gaminti. Jiems suteikia papildomo subtilaus skonio bei gra\u017ei\u0105 \u017eali\u0105 spalv\u0105.<\/p>\n<p>Matcha\u00a0rekomenduojama gerti 1 puodel\u012f per dien\u0105, geriausia ryte,\u00a0kai laukia svarb\u016bs darbai, susitikimai. Nerekomenduojama \u0161ios arbatos duoti vaikams.<\/p>\n<p>\u012esp\u0117jimas: Laikyti tamsioje, v\u0117sioje, sausoje vietoje. Atidarius privaloma laikyti \u0161aldytuve!<\/p>\n<p>Sudedamosios dalys: 100% \u017ealios arbatos milteliai<\/p>\n<p>Kilm\u0117s \u0161alis: Kinija<\/p>\n<p><strong>Paruo\u0161imas:\u00a0<\/strong>3 g arbatos milteli\u0173 u\u017epilti 150 ml virinto bei atau\u0161into iki 60-70\u00b0C. G\u0117rim\u0105 suplakti iki balt\u0173 put\u0173 bambukine \u0161luotele ar pieno put\u0173 plakikliu.<\/p>","protected":false},"excerpt":{"rendered":"<p>MATCHA \u017ealiosios arbatos milteliai MATCHA\u00a0 \u017ealiosios arbatos milteliai \u2013 auk\u0161tos kokyb\u0117s \u017ealiosios arbatos milteliai Matcha. Jiems gaminti naudojami tik jauniausi ir \u0161vie\u017eiausi arbatos lapeliai, u\u017eauginti \u0161e\u0161\u0117lyje. Prie\u0161 sumalant specialiomis technologijomis pa\u0161alinami arbatos lapeli\u0173 koteliai ir gyslel\u0117s. Gerti galima ir kar\u0161t\u0105, ir \u0161alt\u0105. Tinka veganams ir \u017ealiavalgiams. Geriant match\u0105, gaunamos visos \u017ealios arbatos lapeli\u0173 med\u017eiagos 100%,&#8230;<\/p>","protected":false},"featured_media":38359,"template":"","meta":{"_acf_changed":false},"product_brand":[],"product_cat":[63,65],"product_tag":[],"class_list":{"0":"post-38355","1":"product","2":"type-product","3":"status-publish","4":"has-post-thumbnail","6":"product_cat-arbatos","7":"product_cat-supermaistas","8":"nt-post-class","9":"","10":"masonry-item","11":"col-lg-6","15":"excerpt-none","19":"first","20":"instock","21":"taxable","22":"shipping-taxable","23":"purchasable","24":"product-type-variable","25":"add-to-wishlist-after_add_to_cart"},"acf":[],"_links":{"self":[{"href":"https:\/\/chiaseklos.lt\/en\/wp-json\/wp\/v2\/product\/38355","targetHints":{"allow":["GET"]}}],"collection":[{"href":"https:\/\/chiaseklos.lt\/en\/wp-json\/wp\/v2\/product"}],"about":[{"href":"https:\/\/chiaseklos.lt\/en\/wp-json\/wp\/v2\/types\/product"}],"wp:featuredmedia":[{"embeddable":true,"href":"https:\/\/chiaseklos.lt\/en\/wp-json\/wp\/v2\/media\/38359"}],"wp:attachment":[{"href":"https:\/\/chiaseklos.lt\/en\/wp-json\/wp\/v2\/media?parent=38355"}],"wp:term":[{"taxonomy":"product_brand","embeddable":true,"href":"https:\/\/chiaseklos.lt\/en\/wp-json\/wp\/v2\/product_brand?post=38355"},{"taxonomy":"product_cat","embeddable":true,"href":"https:\/\/chiaseklos.lt\/en\/wp-json\/wp\/v2\/product_cat?post=38355"},{"taxonomy":"product_tag","embeddable":true,"href":"https:\/\/chiaseklos.lt\/en\/wp-json\/wp\/v2\/product_tag?post=38355"}],"curies":[{"name":"wp","href":"https:\/\/api.w.org\/{rel}","templated":true}]}}