{"id":38062,"date":"2026-04-03T11:49:05","date_gmt":"2026-04-03T11:49:05","guid":{"rendered":"https:\/\/chiaseklos.lt\/?post_type=product&#038;p=38062"},"modified":"2026-04-03T12:02:58","modified_gmt":"2026-04-03T12:02:58","slug":"ozrage-malta","status":"publish","type":"product","link":"https:\/\/chiaseklos.lt\/en\/product\/ozrage-malta\/","title":{"rendered":"O\u017erag\u0117 malta"},"content":{"rendered":"<h3 data-section-id=\"15r8865\" data-start=\"102\" data-end=\"137\">O\u017erag\u0117 malta (Fenugreek powder)<\/h3>\n<p data-start=\"139\" data-end=\"556\">O\u017erag\u0117 malta \u2013 tai nat\u016bralus ir auk\u0161tos kokyb\u0117s prieskonis, gaminamas i\u0161 kruop\u0161\u010diai atrinkt\u0173 o\u017erag\u0117s s\u0117kl\u0173. <span class=\"hover:entity-accent entity-underline inline cursor-pointer align-baseline\"><span class=\"whitespace-normal\">O\u017erag\u0117<\/span><\/span> (lot. <em data-start=\"291\" data-end=\"318\">Trigonella foenum-graecum<\/em>) pasi\u017eymi sodriu aromatu ir \u0161velniai kartoku, rie\u0161utus primenan\u010diu skoniu, kuris suteikia patiekalams i\u0161skirtin\u012f charakter\u012f. Tai vienas i\u0161 seniausiai naudojam\u0173 prieskoni\u0173 pasaulyje, vertinamas tiek tradicin\u0117je, tiek modernioje virtuv\u0117je.<\/p>\n<p data-start=\"558\" data-end=\"937\">Malta o\u017erag\u0117 pla\u010diai naudojama \u012fvairiuose patiekaluose: ji puikiai tinka gardinti sriubas, tro\u0161kinius, dar\u017eovi\u0173 patiekalus, ank\u0161tinius produktus bei m\u0117s\u0105. Taip pat tai svarbi sudedamoji dalis populiariuose prieskoni\u0173 mi\u0161iniuose, tokiuose kaip karis ar indi\u0161ki masala mi\u0161iniai. Nedidelis \u0161io prieskonio kiekis gali sustiprinti kit\u0173 ingredient\u0173 skon\u012f ir suteikti patiekalui gilumo.<\/p>\n<p data-start=\"939\" data-end=\"1302\">O\u017erag\u0117 malta yra ypa\u010d vertinama sveikos mitybos \u0161alinink\u0173. Ji da\u017enai naudojama subalansuotoje mityboje bei \u012fvairiuose receptuose, siekiant praturtinti kasdien\u012f racion\u0105 nat\u016braliais ingredientais. D\u0117l savo intensyvaus skonio rekomenduojama naudoti saikingai. Norint i\u0161gauti dar stipresn\u012f aromat\u0105, prie\u0161 naudojim\u0105 o\u017erag\u0119 galima lengvai paskrudinti sausoje keptuv\u0117je.<\/p>\n<p data-start=\"1304\" data-end=\"1548\"><strong data-start=\"1304\" data-end=\"1316\">Sud\u0117tis:<\/strong> 100 % malta o\u017erag\u0117.<br data-start=\"1336\" data-end=\"1339\" \/><strong data-start=\"1339\" data-end=\"1356\">Kilm\u0117s \u0161alis:<\/strong> Egiptas<br data-start=\"1382\" data-end=\"1385\" \/><strong data-start=\"1385\" data-end=\"1405\">Laikymo s\u0105lygos:<\/strong> laikyti sausoje, v\u0117sioje vietoje, sandariai u\u017edarytame inde, saugoti nuo tiesiogini\u0173 saul\u0117s spinduli\u0173.<\/p>\n<p data-start=\"1304\" data-end=\"1548\"><br data-start=\"1508\" data-end=\"1511\" \/>Produktas yra be prid\u0117tini\u0173 konservant\u0173, da\u017eikli\u0173 ir dirbtini\u0173 pried\u0173.<\/p>\n<p data-start=\"1304\" data-end=\"1548\">Tinka vegetarams ir veganams.<\/p>","protected":false},"excerpt":{"rendered":"<p>O\u017erag\u0117 malta (Fenugreek powder) O\u017erag\u0117 malta \u2013 tai nat\u016bralus ir auk\u0161tos kokyb\u0117s prieskonis, gaminamas i\u0161 kruop\u0161\u010diai atrinkt\u0173 o\u017erag\u0117s s\u0117kl\u0173. O\u017erag\u0117 (lot. Trigonella foenum-graecum) pasi\u017eymi sodriu aromatu ir \u0161velniai kartoku, rie\u0161utus primenan\u010diu skoniu, kuris suteikia patiekalams i\u0161skirtin\u012f charakter\u012f. Tai vienas i\u0161 seniausiai naudojam\u0173 prieskoni\u0173 pasaulyje, vertinamas tiek tradicin\u0117je, tiek modernioje virtuv\u0117je. Malta o\u017erag\u0117 pla\u010diai naudojama \u012fvairiuose&#8230;<\/p>","protected":false},"featured_media":38067,"template":"","meta":{"_acf_changed":false},"product_brand":[],"product_cat":[17],"product_tag":[],"class_list":{"0":"post-38062","1":"product","2":"type-product","3":"status-publish","4":"has-post-thumbnail","6":"product_cat-seklos","7":"nt-post-class","8":"","9":"masonry-item","10":"col-lg-6","14":"excerpt-none","18":"first","19":"instock","20":"taxable","21":"shipping-taxable","22":"purchasable","23":"product-type-variable","24":"has-default-attributes","25":"add-to-wishlist-after_add_to_cart"},"acf":[],"_links":{"self":[{"href":"https:\/\/chiaseklos.lt\/en\/wp-json\/wp\/v2\/product\/38062","targetHints":{"allow":["GET"]}}],"collection":[{"href":"https:\/\/chiaseklos.lt\/en\/wp-json\/wp\/v2\/product"}],"about":[{"href":"https:\/\/chiaseklos.lt\/en\/wp-json\/wp\/v2\/types\/product"}],"wp:featuredmedia":[{"embeddable":true,"href":"https:\/\/chiaseklos.lt\/en\/wp-json\/wp\/v2\/media\/38067"}],"wp:attachment":[{"href":"https:\/\/chiaseklos.lt\/en\/wp-json\/wp\/v2\/media?parent=38062"}],"wp:term":[{"taxonomy":"product_brand","embeddable":true,"href":"https:\/\/chiaseklos.lt\/en\/wp-json\/wp\/v2\/product_brand?post=38062"},{"taxonomy":"product_cat","embeddable":true,"href":"https:\/\/chiaseklos.lt\/en\/wp-json\/wp\/v2\/product_cat?post=38062"},{"taxonomy":"product_tag","embeddable":true,"href":"https:\/\/chiaseklos.lt\/en\/wp-json\/wp\/v2\/product_tag?post=38062"}],"curies":[{"name":"wp","href":"https:\/\/api.w.org\/{rel}","templated":true}]}}