{"id":38041,"date":"2026-04-02T11:01:24","date_gmt":"2026-04-02T11:01:24","guid":{"rendered":"https:\/\/chiaseklos.lt\/?post_type=product&#038;p=38041"},"modified":"2026-04-02T11:01:25","modified_gmt":"2026-04-02T11:01:25","slug":"dziovintos-datules-su-anakardziu-riesutais-hamoon-330g","status":"publish","type":"product","link":"https:\/\/chiaseklos.lt\/en\/product\/dziovintos-datules-su-anakardziu-riesutais-hamoon-330g\/","title":{"rendered":"D\u017eiovintos datul\u0117s su anakard\u017ei\u0173 rie\u0161utais ,,Hamoon\u201d 330g"},"content":{"rendered":"<p class=\"product_title entry-title elementor-heading-title elementor-size-default\">D\u017eiovintos datul\u0117s su anakard\u017ei\u0173 rie\u0161utais ,,Hamoon\u201d 330g<\/p>\n<p data-start=\"128\" data-end=\"372\">Atraskite nat\u016bral\u0173 ir sveik\u0105 u\u017ekand\u012f \u2013 <strong data-start=\"167\" data-end=\"222\">d\u017eiovintos datul\u0117s su anakard\u017ei\u0173 rie\u0161utais \u201eHamoon\u201c<\/strong>. \u0160is skanus derinys suteikia saldumo ir tra\u0161kumo viename k\u0105snyje, puikiai tinka pusry\u010diams, desertams ar sveikam u\u017ekand\u017eiui bet kuriuo dienos metu.<\/p>\n<p data-start=\"374\" data-end=\"505\">Produktas <strong data-start=\"384\" data-end=\"417\">supakuotas patogioje d\u0117\u017eut\u0117je<\/strong>, i\u0161laikant \u0161vie\u017eum\u0105 ir skon\u012f. Puikus pasirinkimas tiek nam\u0173 vartojimui, tiek dovanai.<\/p>\n<p>Produkto maistingumas 100g: energin\u0117 vert\u0117 1350 kJ \/ 322,7 kcal; riebalai 2 g, i\u0161 kuri\u0173 so\u010di\u0173j\u0173 riebal\u0173 0 g; angliavandeniai 70,18 g, i\u0161 kuri\u0173 cukr\u0173 50,56 g;<br \/>\nbaltymai 6 g; druska 0,154 g.<\/p>\n<p>Sudedamosios dalys: datul\u0117s (84 %), anakard\u017ei\u0173 rie\u0161utai (16 %).<br \/>\nProduktas gali sukelti alergij\u0105.<br \/>\nLaikyti sausoje ir v\u0117sioje vietoje.<br \/>\nGrynais kiekis: 330 g<br \/>\nKilm\u0117s \u0161alis: Iranas<\/p>","protected":false},"excerpt":{"rendered":"<p>D\u017eiovintos datul\u0117s su anakard\u017ei\u0173 rie\u0161utais ,,Hamoon\u201d 330g Atraskite nat\u016bral\u0173 ir sveik\u0105 u\u017ekand\u012f \u2013 d\u017eiovintos datul\u0117s su anakard\u017ei\u0173 rie\u0161utais \u201eHamoon\u201c. \u0160is skanus derinys suteikia saldumo ir tra\u0161kumo viename k\u0105snyje, puikiai tinka pusry\u010diams, desertams ar sveikam u\u017ekand\u017eiui bet kuriuo dienos metu. Produktas supakuotas patogioje d\u0117\u017eut\u0117je, i\u0161laikant \u0161vie\u017eum\u0105 ir skon\u012f. Puikus pasirinkimas tiek nam\u0173 vartojimui, tiek dovanai. Produkto&#8230;<\/p>","protected":false},"featured_media":38042,"template":"","meta":{"_acf_changed":false},"product_brand":[],"product_cat":[88,42],"product_tag":[],"class_list":{"0":"post-38041","1":"product","2":"type-product","3":"status-publish","4":"has-post-thumbnail","6":"product_cat-naujiena","7":"product_cat-dziovinti-vaisiai-uogos","8":"nt-post-class","9":"","10":"masonry-item","11":"col-lg-6","15":"excerpt-none","19":"first","20":"instock","21":"taxable","22":"shipping-taxable","23":"purchasable","24":"product-type-simple","25":"add-to-wishlist-after_add_to_cart"},"acf":[],"_links":{"self":[{"href":"https:\/\/chiaseklos.lt\/en\/wp-json\/wp\/v2\/product\/38041","targetHints":{"allow":["GET"]}}],"collection":[{"href":"https:\/\/chiaseklos.lt\/en\/wp-json\/wp\/v2\/product"}],"about":[{"href":"https:\/\/chiaseklos.lt\/en\/wp-json\/wp\/v2\/types\/product"}],"wp:featuredmedia":[{"embeddable":true,"href":"https:\/\/chiaseklos.lt\/en\/wp-json\/wp\/v2\/media\/38042"}],"wp:attachment":[{"href":"https:\/\/chiaseklos.lt\/en\/wp-json\/wp\/v2\/media?parent=38041"}],"wp:term":[{"taxonomy":"product_brand","embeddable":true,"href":"https:\/\/chiaseklos.lt\/en\/wp-json\/wp\/v2\/product_brand?post=38041"},{"taxonomy":"product_cat","embeddable":true,"href":"https:\/\/chiaseklos.lt\/en\/wp-json\/wp\/v2\/product_cat?post=38041"},{"taxonomy":"product_tag","embeddable":true,"href":"https:\/\/chiaseklos.lt\/en\/wp-json\/wp\/v2\/product_tag?post=38041"}],"curies":[{"name":"wp","href":"https:\/\/api.w.org\/{rel}","templated":true}]}}