{"id":38038,"date":"2026-04-02T10:49:53","date_gmt":"2026-04-02T10:49:53","guid":{"rendered":"https:\/\/chiaseklos.lt\/?post_type=product&#038;p=38038"},"modified":"2026-04-02T10:50:51","modified_gmt":"2026-04-02T10:50:51","slug":"anakardziu-riesutu-kremas-320-g","status":"publish","type":"product","link":"https:\/\/chiaseklos.lt\/en\/product\/anakardziu-riesutu-kremas-320-g\/","title":{"rendered":"Anakard\u017ei\u0173 rie\u0161ut\u0173 kremas 320 g"},"content":{"rendered":"<p class=\"product_title entry-title elementor-heading-title elementor-size-default\"><strong>Anakard\u017ei\u0173 rie\u0161ut\u0173 kremas 320 g<\/strong><\/p>\n<p data-start=\"532\" data-end=\"987\">Ie\u0161kote <strong data-start=\"540\" data-end=\"583\">nat\u016bralaus, sveiko ir skanaus u\u017ekand\u017eio<\/strong>? <strong data-start=\"585\" data-end=\"620\">Anakard\u017ei\u0173 rie\u0161ut\u0173 kremas Nutis<\/strong> \u2013 tai puikus pasirinkimas kasdieniam vartojimui, sveikai mitybai palaikyti ar desert\u0173 gamybai. \u0160is kremas gaminamas i\u0161 <strong data-start=\"740\" data-end=\"777\">100% skrudint\u0173 anakard\u017ei\u0173 rie\u0161ut\u0173<\/strong>, be prid\u0117tini\u0173 cukr\u0173, konservant\u0173 ar sintetini\u0173 pried\u0173. Nat\u016braliai lengvai saldus, jis puikiai tinka tiek <strong data-start=\"884\" data-end=\"900\">sumu\u0161tiniams<\/strong>, tiek kepiniams, desertams, arba tiesiog kaip <strong data-start=\"947\" data-end=\"986\">sveikas u\u017ekandis tiesiai i\u0161 indelio<\/strong>.<\/p>\n<h4 data-section-id=\"7xq2iz\" data-start=\"989\" data-end=\"1028\">Maistin\u0117 ir energin\u0117 vert\u0117 (100 g):<\/h4>\n<ul data-start=\"1029\" data-end=\"1206\">\n<li data-section-id=\"1fe9wqb\" data-start=\"1029\" data-end=\"1061\">Energija: 574 kcal \/ 2403 kJ<\/li>\n<li data-section-id=\"kejdqe\" data-start=\"1062\" data-end=\"1114\">Riebalai: 46,35 g, i\u0161 j\u0173 so\u010di\u0173j\u0173 riebal\u0173: 9,16 g<\/li>\n<li data-section-id=\"5wcvzd\" data-start=\"1115\" data-end=\"1164\">Angliavandeniai: 32,69 g, i\u0161 kuri\u0173 cukr\u0173: 6 g<\/li>\n<li data-section-id=\"3fptqw\" data-start=\"1165\" data-end=\"1186\">Baltymai: 15,31 g<\/li>\n<li data-section-id=\"kdnldw\" data-start=\"1187\" data-end=\"1206\">Druska: 0,016 g<\/li>\n<\/ul>\n<p data-start=\"1208\" data-end=\"1369\">\u0160is <strong data-start=\"1212\" data-end=\"1240\">nat\u016bralus rie\u0161ut\u0173 kremas<\/strong> yra sotus, suteikia energijos ir gali b\u016bti puikus pasirinkimas sportuojantiems, vaikams ar tiesiog sveikos mitybos entuziastams.<\/p>\n<h4 data-section-id=\"19fwak9\" data-start=\"1371\" data-end=\"1394\">Sudedamosios dalys: Skrudinti anakard\u017ei\u0173 rie\u0161utai<\/h4>\n<p data-start=\"1430\" data-end=\"1562\"><strong data-start=\"1430\" data-end=\"1491\">Be papildom\u0173 emulsikli\u0173, skonio stiprikli\u0173 ar konservant\u0173<\/strong>, tod\u0117l kiekvienas \u0161auk\u0161tas atitinka auk\u0161\u010diausius kokyb\u0117s standartus.<\/p>\n<h4 data-section-id=\"1rr9hkv\" data-start=\"1564\" data-end=\"1593\">Kilm\u0117s \u0161alis ir laikymas:<\/h4>\n<ul data-start=\"1594\" data-end=\"1759\">\n<li data-section-id=\"1hagh8\" data-start=\"1594\" data-end=\"1624\"><strong data-start=\"1596\" data-end=\"1616\">Grynasis svoris:<\/strong> 320 g<\/li>\n<li data-section-id=\"sebss5\" data-start=\"1625\" data-end=\"1654\"><strong data-start=\"1627\" data-end=\"1644\">Kilm\u0117s \u0161alis:<\/strong> Lietuva<\/li>\n<li data-section-id=\"4axilu\" data-start=\"1655\" data-end=\"1759\">Laikyti <strong data-start=\"1665\" data-end=\"1695\">sausoje ir v\u0117sioje vietoje<\/strong>, kad b\u016bt\u0173 i\u0161laikytas nat\u016bralus skonis ir maistin\u0117s med\u017eiagos.<\/li>\n<\/ul>\n<h4 data-section-id=\"1aw4vnk\" data-start=\"1761\" data-end=\"1786\">Alergij\u0173 informacija:\u00a0Produktas <strong data-start=\"1797\" data-end=\"1822\">gali sukelti alergij\u0105<\/strong>. Rekomenduojama vartoti atsargiai tiems, kurie jautr\u016bs rie\u0161utams.<\/h4>\n<h4 data-section-id=\"1961lw4\" data-start=\"1890\" data-end=\"1937\">Kod\u0117l verta rinktis Nutis anakard\u017ei\u0173 krem\u0105:<\/h4>\n<ul data-start=\"1938\" data-end=\"2204\">\n<li data-section-id=\"nnz2x\" data-start=\"1938\" data-end=\"1985\">100% nat\u016bralus ir auk\u0161tos kokyb\u0117s produktas<\/li>\n<li data-section-id=\"qwouzg\" data-start=\"1986\" data-end=\"2058\">Skanus ir sotus \u2013 puikiai tinka pusry\u010diams, u\u017ekand\u017eiams ir desertams<\/li>\n<li data-section-id=\"1u1ljz4\" data-start=\"2059\" data-end=\"2112\">Pagamintas Lietuvoje, patikimas \u0161eimai ir vaikams<\/li>\n<li data-section-id=\"74vvgk\" data-start=\"2113\" data-end=\"2204\">Puikus energijos \u0161altinis sportuojantiems ar ie\u0161kantiems sveiko alternatyvaus u\u017ekand\u017eio<\/li>\n<\/ul>\n<p data-start=\"2206\" data-end=\"2469\"><strong data-start=\"2206\" data-end=\"2233\">Nutis anakard\u017ei\u0173 kremas<\/strong> leid\u017eia m\u0117gautis autenti\u0161ku, nat\u016braliu anakard\u017ei\u0173 skoniu bet kuriuo dienos metu, nesir\u016bpinant papildomais priedais ar dirbtiniais skoniais. Tai <strong data-start=\"2378\" data-end=\"2443\">sveikas, nat\u016bralus ir universaliai pritaikomas rie\u0161ut\u0173 kremas<\/strong> kiekvienam \u0161eimos nariui.<\/p>","protected":false},"excerpt":{"rendered":"<p>Anakard\u017ei\u0173 rie\u0161ut\u0173 kremas 320 g Ie\u0161kote nat\u016bralaus, sveiko ir skanaus u\u017ekand\u017eio? Anakard\u017ei\u0173 rie\u0161ut\u0173 kremas Nutis \u2013 tai puikus pasirinkimas kasdieniam vartojimui, sveikai mitybai palaikyti ar desert\u0173 gamybai. \u0160is kremas gaminamas i\u0161 100% skrudint\u0173 anakard\u017ei\u0173 rie\u0161ut\u0173, be prid\u0117tini\u0173 cukr\u0173, konservant\u0173 ar sintetini\u0173 pried\u0173. Nat\u016braliai lengvai saldus, jis puikiai tinka tiek sumu\u0161tiniams, tiek kepiniams, desertams, arba tiesiog&#8230;<\/p>","protected":false},"featured_media":38040,"template":"","meta":{"_acf_changed":false},"product_brand":[],"product_cat":[72],"product_tag":[],"class_list":{"0":"post-38038","1":"product","2":"type-product","3":"status-publish","4":"has-post-thumbnail","6":"product_cat-sirupai","7":"nt-post-class","8":"","9":"masonry-item","10":"col-lg-6","14":"excerpt-none","18":"first","19":"instock","20":"taxable","21":"shipping-taxable","22":"purchasable","23":"product-type-simple","24":"add-to-wishlist-after_add_to_cart"},"acf":[],"_links":{"self":[{"href":"https:\/\/chiaseklos.lt\/en\/wp-json\/wp\/v2\/product\/38038","targetHints":{"allow":["GET"]}}],"collection":[{"href":"https:\/\/chiaseklos.lt\/en\/wp-json\/wp\/v2\/product"}],"about":[{"href":"https:\/\/chiaseklos.lt\/en\/wp-json\/wp\/v2\/types\/product"}],"wp:featuredmedia":[{"embeddable":true,"href":"https:\/\/chiaseklos.lt\/en\/wp-json\/wp\/v2\/media\/38040"}],"wp:attachment":[{"href":"https:\/\/chiaseklos.lt\/en\/wp-json\/wp\/v2\/media?parent=38038"}],"wp:term":[{"taxonomy":"product_brand","embeddable":true,"href":"https:\/\/chiaseklos.lt\/en\/wp-json\/wp\/v2\/product_brand?post=38038"},{"taxonomy":"product_cat","embeddable":true,"href":"https:\/\/chiaseklos.lt\/en\/wp-json\/wp\/v2\/product_cat?post=38038"},{"taxonomy":"product_tag","embeddable":true,"href":"https:\/\/chiaseklos.lt\/en\/wp-json\/wp\/v2\/product_tag?post=38038"}],"curies":[{"name":"wp","href":"https:\/\/api.w.org\/{rel}","templated":true}]}}