{"id":38034,"date":"2026-04-02T10:37:15","date_gmt":"2026-04-02T10:37:15","guid":{"rendered":"https:\/\/chiaseklos.lt\/?post_type=product&#038;p=38034"},"modified":"2026-04-05T02:46:56","modified_gmt":"2026-04-05T02:46:56","slug":"migdolu-riesutu-kremas-320-g","status":"publish","type":"product","link":"https:\/\/chiaseklos.lt\/en\/product\/migdolu-riesutu-kremas-320-g\/","title":{"rendered":"Migdol\u0173 rie\u0161ut\u0173 kremas 320 g"},"content":{"rendered":"<p>Migdol\u0173 rie\u0161ut\u0173 kremas 320 g<\/p>\n<p>Sodraus aromato migdol\u0173 rie\u0161ut\u0173 kremas Nutis gaminamas i\u0161 100% migdol\u0173 rie\u0161ut\u0173.<\/p>\n<p>Migodl\u0173 rie\u0161ut\u0173 kremas Nutis gaminamas i\u0161 kruop\u0161\u010diai atrinkt\u0173 migdol\u0173 rie\u0161ut\u0173. Be pried\u0173, cukraus ir palmi\u0173 aliej\u0173!<\/p>\n<p>Idealiai tinka d\u0117ti \u012f ko\u0161es, glotnu\u010dius, tepti ant duonel\u0117s ar vaisi\u0173.<\/p>\n<p><strong>Maistin\u0117 ir energin\u0117 vert\u0117 100 g:\u00a0<\/strong>2407 kJ \/ 575 kcal, riebalai 49 g, i\u0161 kuri\u0173 so\u010di\u0173j\u0173 rug\u0161\u010di\u0173 3.73 g, angliavandeniai 21, i\u0161 kuri\u0173 cukr\u0173 4 g, baltymai 21 g, druska 0 g.<\/p>\n<p>Sudedamosios dalys:\u00a0<b>skrudinti migdol\u0173 rie\u0161utai.<\/b><\/p>\n<p>Grynasis svoris: 320 g.<\/p>\n<p>Kilm\u0117s \u0161alis: Lietuva.<\/p>\n<p>Laikyti sausoje ir v\u0117sioje vietoje.<\/p>\n<p>Produktas gali sukelti alergij\u0105.<\/p>","protected":false},"excerpt":{"rendered":"<p>Migdol\u0173 rie\u0161ut\u0173 kremas 320 g Sodraus aromato migdol\u0173 rie\u0161ut\u0173 kremas Nutis gaminamas i\u0161 100% migdol\u0173 rie\u0161ut\u0173. Migodl\u0173 rie\u0161ut\u0173 kremas Nutis gaminamas i\u0161 kruop\u0161\u010diai atrinkt\u0173 migdol\u0173 rie\u0161ut\u0173. Be pried\u0173, cukraus ir palmi\u0173 aliej\u0173! Idealiai tinka d\u0117ti \u012f ko\u0161es, glotnu\u010dius, tepti ant duonel\u0117s ar vaisi\u0173. Maistin\u0117 ir energin\u0117 vert\u0117 100 g:\u00a02407 kJ \/ 575 kcal, riebalai 49&#8230;<\/p>","protected":false},"featured_media":38036,"template":"","meta":{"_acf_changed":false},"product_brand":[],"product_cat":[72],"product_tag":[],"class_list":{"0":"post-38034","1":"product","2":"type-product","3":"status-publish","4":"has-post-thumbnail","6":"product_cat-sirupai","7":"nt-post-class","8":"","9":"masonry-item","10":"col-lg-6","14":"excerpt-none","18":"first","19":"instock","20":"taxable","21":"shipping-taxable","22":"purchasable","23":"product-type-simple","24":"add-to-wishlist-after_add_to_cart"},"acf":[],"_links":{"self":[{"href":"https:\/\/chiaseklos.lt\/en\/wp-json\/wp\/v2\/product\/38034","targetHints":{"allow":["GET"]}}],"collection":[{"href":"https:\/\/chiaseklos.lt\/en\/wp-json\/wp\/v2\/product"}],"about":[{"href":"https:\/\/chiaseklos.lt\/en\/wp-json\/wp\/v2\/types\/product"}],"wp:featuredmedia":[{"embeddable":true,"href":"https:\/\/chiaseklos.lt\/en\/wp-json\/wp\/v2\/media\/38036"}],"wp:attachment":[{"href":"https:\/\/chiaseklos.lt\/en\/wp-json\/wp\/v2\/media?parent=38034"}],"wp:term":[{"taxonomy":"product_brand","embeddable":true,"href":"https:\/\/chiaseklos.lt\/en\/wp-json\/wp\/v2\/product_brand?post=38034"},{"taxonomy":"product_cat","embeddable":true,"href":"https:\/\/chiaseklos.lt\/en\/wp-json\/wp\/v2\/product_cat?post=38034"},{"taxonomy":"product_tag","embeddable":true,"href":"https:\/\/chiaseklos.lt\/en\/wp-json\/wp\/v2\/product_tag?post=38034"}],"curies":[{"name":"wp","href":"https:\/\/api.w.org\/{rel}","templated":true}]}}