{"id":37701,"date":"2026-03-18T14:47:12","date_gmt":"2026-03-18T14:47:12","guid":{"rendered":"https:\/\/chiaseklos.lt\/?post_type=product&#038;p=37701"},"modified":"2026-04-17T11:11:17","modified_gmt":"2026-04-17T11:11:17","slug":"alyvuogiu-aliejus-grelia-high-phenolic","status":"publish","type":"product","link":"https:\/\/chiaseklos.lt\/en\/product\/alyvuogiu-aliejus-grelia-high-phenolic\/","title":{"rendered":"Alyvuogi\u0173 aliejus \u201eGrelia High Phenolic&#8221;"},"content":{"rendered":"<p>Alyvuogi\u0173 aliejus \u201eGrelia High Phenolic\u201d \u2013 ankstyvojo derliaus<\/p>\n<p>Alyvuogi\u0173 aliejaus polifenoliai padeda apsaugoti kraujo lipidus nuo oksidacinio streso. Pagal ES reglament\u0105 432\/2012, gerinamasis poveikis pasirei\u0161kia kasdien suvartojant 20 g (1 valgomasis \u0161auk\u0161tas).<\/p>\n<p>Ypa\u010d grynas auk\u0161\u010diausios r\u016b\u0161ies alyvuogi\u0173 aliejus, gautas tiesiogiai i\u0161 alyvuogi\u0173 ir tik mechanin\u0117mis priemon\u0117mis. Nor\u0117dami i\u0161saugoti nauding\u0105sias \u0161io alyvuogi\u0173 aliejaus savybes, vartokite j\u012f gryn\u0105 (nekaitint\u0105).<\/p>\n<p>Ribotos gamybos auk\u0161\u010diausios kokyb\u0117s pirmojo spaudimo alyvuogi\u0173 aliejus su ES patvirtintu teiginiu apie sveikatingum\u0105 yra a\u0161traus vaisi\u0173 skonio ir stipraus kartaus poskonio, b\u016bdingo anksti nuskintiems alyvuogi\u0173 vaisiams.<\/p>\n<p><strong>Maistin\u0117 vert\u0117:<\/strong><\/p>\n<p>100 ml: energetin\u0117 vert\u0117: 828 Kcal\/ 3467 kJ, Riebal\u0173 92 g, i\u0161 kuri\u0173: so\u010di\u0173j\u0173 riebal\u0173 r\u016bg\u0161\u010di\u0173 13 g, mononeso\u010di\u0173j\u0173 riebal\u0173 r\u016bg\u0161\u010di\u0173 73 g, polineso\u010di\u0173j\u0173 riebal\u0173 r\u016bg\u0161\u010di\u0173 6 g. Angliavandeni\u0173 0 g, i\u0161 kuri\u0173 cukr\u0173 \u2013 0 g, baltym\u0173 \u2013 0 g, druskos \u2013 0 g.<\/p>\n<p><strong>Laikymo s\u0105lygos:<\/strong>\u00a0laikyti v\u0117sioje ir tamsioje vietoje, saugoti nuo tiesiogini\u0173 saul\u0117s spinduli\u0173. Esant \u017eemesnei nei +7\u00ba C laipsni\u0173 temperat\u016brai, produkte gali atsirasti tir\u0161t\u0173 nuos\u0117d\u0173. Nuos\u0117dos i\u0161nyks auk\u0161tesn\u0117je nei 7\u00ba C temperat\u016broje. Tai nat\u016bralus procesas, ne\u012ftakojantis produkto kokyb\u0117s.<\/p>\n<p><strong>Gamintojas:<\/strong>\u00a0Gold Grelia LP (2024 m. rudens derlius).<\/p>","protected":false},"excerpt":{"rendered":"<p>Alyvuogi\u0173 aliejus \u201eGrelia High Phenolic\u201d \u2013 ankstyvojo derliaus Alyvuogi\u0173 aliejaus polifenoliai padeda apsaugoti kraujo lipidus nuo oksidacinio streso. Pagal ES reglament\u0105 432\/2012, gerinamasis poveikis pasirei\u0161kia kasdien suvartojant 20 g (1 valgomasis \u0161auk\u0161tas). Ypa\u010d grynas auk\u0161\u010diausios r\u016b\u0161ies alyvuogi\u0173 aliejus, gautas tiesiogiai i\u0161 alyvuogi\u0173 ir tik mechanin\u0117mis priemon\u0117mis. Nor\u0117dami i\u0161saugoti nauding\u0105sias \u0161io alyvuogi\u0173 aliejaus savybes, vartokite j\u012f&#8230;<\/p>","protected":false},"featured_media":37702,"template":"","meta":{"_acf_changed":false},"product_brand":[],"product_cat":[101],"product_tag":[],"class_list":{"0":"post-37701","1":"product","2":"type-product","3":"status-publish","4":"has-post-thumbnail","6":"product_cat-aliejus","7":"nt-post-class","8":"","9":"masonry-item","10":"col-lg-6","14":"excerpt-none","18":"first","19":"outofstock","20":"taxable","21":"shipping-taxable","22":"purchasable","23":"product-type-simple","24":"add-to-wishlist-after_add_to_cart"},"acf":[],"_links":{"self":[{"href":"https:\/\/chiaseklos.lt\/en\/wp-json\/wp\/v2\/product\/37701","targetHints":{"allow":["GET"]}}],"collection":[{"href":"https:\/\/chiaseklos.lt\/en\/wp-json\/wp\/v2\/product"}],"about":[{"href":"https:\/\/chiaseklos.lt\/en\/wp-json\/wp\/v2\/types\/product"}],"wp:featuredmedia":[{"embeddable":true,"href":"https:\/\/chiaseklos.lt\/en\/wp-json\/wp\/v2\/media\/37702"}],"wp:attachment":[{"href":"https:\/\/chiaseklos.lt\/en\/wp-json\/wp\/v2\/media?parent=37701"}],"wp:term":[{"taxonomy":"product_brand","embeddable":true,"href":"https:\/\/chiaseklos.lt\/en\/wp-json\/wp\/v2\/product_brand?post=37701"},{"taxonomy":"product_cat","embeddable":true,"href":"https:\/\/chiaseklos.lt\/en\/wp-json\/wp\/v2\/product_cat?post=37701"},{"taxonomy":"product_tag","embeddable":true,"href":"https:\/\/chiaseklos.lt\/en\/wp-json\/wp\/v2\/product_tag?post=37701"}],"curies":[{"name":"wp","href":"https:\/\/api.w.org\/{rel}","templated":true}]}}