{"id":37071,"date":"2026-02-17T18:00:45","date_gmt":"2026-02-17T18:00:45","guid":{"rendered":"https:\/\/chiaseklos.lt\/?post_type=product&#038;p=37071"},"modified":"2026-02-17T18:09:11","modified_gmt":"2026-02-17T18:09:11","slug":"dziovinti-imbierai-lapeliais-cukruoti","status":"publish","type":"product","link":"https:\/\/chiaseklos.lt\/en\/product\/dziovinti-imbierai-lapeliais-cukruoti\/","title":{"rendered":"D\u017eiovinti imbierai lapeliais, cukruoti"},"content":{"rendered":"<p class=\"isSelectedEnd\">D\u017eiovintas imbieras lapeliais, cukruoti yra puikus pasirinkimas tiek u\u017ekand\u017eiui, tiek desertams ar g\u0117rimams gardinti. \u0160velniai aitrus imbieras subalansuotas lengvu saldumu, tod\u0117l maloniai tonizuoja ir palieka gaiv\u0173 poskon\u012f.<\/p>\n<p>Imbiero lapeliai gaminami i\u0161 kruop\u0161\u010diai atrinkt\u0173 imbiero \u0161akn\u0173. Po d\u017eiovinimo jie lengvai cukruojami, kad i\u0161likt\u0173 nat\u016bralus aromatas, tekst\u016bra ir vertingosios savyb\u0117s. Tai ne tik skanus, bet ir funkcionalus u\u017ekandis \u2013 ypa\u010d m\u0117gstamas \u0161altuoju sezonu.<\/p>\n<p><strong>Sudedamosios dalys<\/strong>: Imbieras, cukrus, sieros\u00a0dioksidas (E220).<\/p>\n<p><strong>LAIKYMO S\u0104LYGOS:\u00a0<\/strong>Laikyti sausoje ir v\u0117sioje vietoje.<br \/>\n<strong>KILM\u0116S \u0160ALIS:\u00a0<\/strong>Kinija<\/p>\n<p>Energin\u0117 vert\u0117: 350 kcal \/ 1465 kJ\u00a0Riebal\u0173 \u2013 0,1 g\u00a0-i\u0161 kuri\u0173 so\u010di\u0173j\u0173 riebal\u0173 r\u016bg\u0161\u010di\u0173 \u2013 0 g;\u00a0Angliavandeni\u0173 \u2013 80 g -i\u0161 kuri\u0173 cukr\u0173 \u2013 55 g;\u00a0Baltym\u0173 \u2013 0,3 g;\u00a0Druska \u2013 0 g.<\/p>\n<p>&nbsp;<\/p>\n<p>&nbsp;<\/p>","protected":false},"excerpt":{"rendered":"<p>D\u017eiovintas imbieras lapeliais, cukruoti yra puikus pasirinkimas tiek u\u017ekand\u017eiui, tiek desertams ar g\u0117rimams gardinti. \u0160velniai aitrus imbieras subalansuotas lengvu saldumu, tod\u0117l maloniai tonizuoja ir palieka gaiv\u0173 poskon\u012f. Imbiero lapeliai gaminami i\u0161 kruop\u0161\u010diai atrinkt\u0173 imbiero \u0161akn\u0173. Po d\u017eiovinimo jie lengvai cukruojami, kad i\u0161likt\u0173 nat\u016bralus aromatas, tekst\u016bra ir vertingosios savyb\u0117s. Tai ne tik skanus, bet ir funkcionalus&#8230;<\/p>","protected":false},"featured_media":37075,"template":"","meta":{"_acf_changed":false},"product_brand":[],"product_cat":[88,42],"product_tag":[],"class_list":{"0":"post-37071","1":"product","2":"type-product","3":"status-publish","4":"has-post-thumbnail","6":"product_cat-naujiena","7":"product_cat-dziovinti-vaisiai-uogos","8":"nt-post-class","9":"","10":"masonry-item","11":"col-lg-6","15":"excerpt-none","19":"first","20":"instock","21":"taxable","22":"shipping-taxable","23":"purchasable","24":"product-type-variable","25":"add-to-wishlist-after_add_to_cart"},"acf":[],"_links":{"self":[{"href":"https:\/\/chiaseklos.lt\/en\/wp-json\/wp\/v2\/product\/37071","targetHints":{"allow":["GET"]}}],"collection":[{"href":"https:\/\/chiaseklos.lt\/en\/wp-json\/wp\/v2\/product"}],"about":[{"href":"https:\/\/chiaseklos.lt\/en\/wp-json\/wp\/v2\/types\/product"}],"wp:featuredmedia":[{"embeddable":true,"href":"https:\/\/chiaseklos.lt\/en\/wp-json\/wp\/v2\/media\/37075"}],"wp:attachment":[{"href":"https:\/\/chiaseklos.lt\/en\/wp-json\/wp\/v2\/media?parent=37071"}],"wp:term":[{"taxonomy":"product_brand","embeddable":true,"href":"https:\/\/chiaseklos.lt\/en\/wp-json\/wp\/v2\/product_brand?post=37071"},{"taxonomy":"product_cat","embeddable":true,"href":"https:\/\/chiaseklos.lt\/en\/wp-json\/wp\/v2\/product_cat?post=37071"},{"taxonomy":"product_tag","embeddable":true,"href":"https:\/\/chiaseklos.lt\/en\/wp-json\/wp\/v2\/product_tag?post=37071"}],"curies":[{"name":"wp","href":"https:\/\/api.w.org\/{rel}","templated":true}]}}