{"id":36728,"date":"2026-02-04T12:11:51","date_gmt":"2026-02-04T12:11:51","guid":{"rendered":"https:\/\/chiaseklos.lt\/?post_type=product&#038;p=36728"},"modified":"2026-03-26T14:10:02","modified_gmt":"2026-03-26T14:10:02","slug":"moliugu-seklu-sokolade-skoniu-asorti-150-g","status":"publish","type":"product","link":"https:\/\/chiaseklos.lt\/en\/product\/moliugu-seklu-sokolade-skoniu-asorti-150-g\/","title":{"rendered":"Moli\u016bg\u0173 s\u0117kl\u0173 \u0161okolade skoni\u0173 asorti, 150 g"},"content":{"rendered":"<h5 class=\"product_title entry-title\">Moli\u016bg\u0173 s\u0117kl\u0173 \u0161okolade skoni\u0173 asorti, 150 g<\/h5>\n<h4 data-section-id=\"1ng00u7\" data-start=\"253\" data-end=\"304\">Saldus ir nat\u016bralus u\u017ekandis su moli\u016bg\u0173 s\u0117klomis<\/h4>\n<p data-start=\"306\" data-end=\"752\">Moli\u016bg\u0173 s\u0117klos \u0161okolade \u2013 tai tobulas u\u017ekandis tiems, kurie ie\u0161ko nat\u016bralaus, saldaus ir skanaus u\u017ekand\u017eio. \u201eSkoni\u0173 asorti\u201c rinkinyje atrinkome pa\u010dias populiariausias moli\u016bg\u0173 s\u0117klas, apgliaudytas baltojo ir pieni\u0161ko \u0161okolado sluoksniu, kad kiekvienas gal\u0117t\u0173 atrasti savo favorit\u0105. Kiekvienas k\u0105snis suteikia malon\u0173 kontrast\u0105 tarp tra\u0161ki\u0173 s\u0117kl\u0173 ir \u0161velnaus \u0161okolado, tod\u0117l tai puikus pasirinkimas desertui ar greitam energijos \u0161uoliui dienos metu.<\/p>\n<p data-start=\"754\" data-end=\"1052\">\u0160iame produkte naudojami tik nat\u016bral\u016bs ingredientai \u2013 be dirbtini\u0173 skonio stiprikli\u0173 ar kvapi\u0173j\u0173 med\u017eiag\u0173, tod\u0117l galite m\u0117gautis autenti\u0161ku skoniu ir kokybe. Moli\u016bg\u0173 s\u0117klos yra u\u017eaugintos Lietuvoje, tad pasirinkdami \u0161\u012f produkt\u0105, remiate vietinius \u016bkininkus ir gaunate \u0161vie\u017ei\u0105 bei kokybi\u0161k\u0105 u\u017ekand\u012f.<\/p>\n<h4 data-section-id=\"p3a3je\" data-start=\"1059\" data-end=\"1099\">Kaip naudoti moli\u016bg\u0173 s\u0117klas \u0161okolade?<\/h4>\n<p data-start=\"1101\" data-end=\"1153\">Moli\u016bg\u0173 s\u0117klos \u0161okolade tinka \u012fvairiomis progomis:<\/p>\n<ul data-start=\"1155\" data-end=\"1371\">\n<li data-section-id=\"ocplhs\" data-start=\"1155\" data-end=\"1200\">\n<p data-start=\"1157\" data-end=\"1200\">Tiesiog kaip saldus u\u017ekandis tarp valgym\u0173<\/p>\n<\/li>\n<li data-section-id=\"cvs1lm\" data-start=\"1201\" data-end=\"1243\">\n<p data-start=\"1203\" data-end=\"1243\">Gardinti kavos ar arbatos pertrauk\u0117les<\/p>\n<\/li>\n<li data-section-id=\"1i4c72s\" data-start=\"1244\" data-end=\"1304\">\n<p data-start=\"1246\" data-end=\"1304\">\u012etraukti \u012f desertus, sald\u017eiuosius duben\u0117lius ar kepinius<\/p>\n<\/li>\n<li data-section-id=\"1r6sv7r\" data-start=\"1305\" data-end=\"1371\">\n<p data-start=\"1307\" data-end=\"1371\">Dalintis su draugais ar \u0161eima kaip sveikas ir gardus malonumas<\/p>\n<\/li>\n<\/ul>\n<p data-start=\"1373\" data-end=\"1571\">D\u0117l \u012fvairi\u0173 \u0161okoladini\u0173 ir nat\u016brali\u0173 pried\u0173 derinio, kiekviena s\u0117kla gali tur\u0117ti skirting\u0105 skon\u012f \u2013 nuo klasikinio pieni\u0161ko ar baltojo \u0161okolado, iki subtiliai vaisi\u0173 ar kakavos praturtinto atspalvio.<\/p>\n<p data-start=\"1599\" data-end=\"1624\"><strong data-start=\"1599\" data-end=\"1622\">Sudedamosios dalys:<\/strong><\/p>\n<ul data-start=\"1625\" data-end=\"2318\">\n<li data-section-id=\"148vq4x\" data-start=\"1625\" data-end=\"1769\">\n<p data-start=\"1627\" data-end=\"1769\">Baltasis \u0161okoladas (cukrus, kakavos sviestas, pieno milteliai, sald\u017ei\u0173j\u0173 i\u0161r\u016bg\u0173 milteliai, emulsiklis: lecitinas (E322), vanil\u0117s ekstraktas)<\/p>\n<\/li>\n<li data-section-id=\"1ddqr3p\" data-start=\"1770\" data-end=\"1901\">\n<p data-start=\"1772\" data-end=\"1901\">Pieni\u0161kas \u0161okoladas (cukrus, kakavos sviestas, pieno milteliai, kakavos mas\u0117, emulsiklis: lecitinas (E322), vanil\u0117s ekstraktas)<\/p>\n<\/li>\n<li data-section-id=\"11wu0f\" data-start=\"1902\" data-end=\"1920\">\n<p data-start=\"1904\" data-end=\"1920\">Moli\u016bg\u0173 s\u0117klos<\/p>\n<\/li>\n<li data-section-id=\"o6tfil\" data-start=\"1921\" data-end=\"2027\">\n<p data-start=\"1923\" data-end=\"2027\">Spalvos: beta karotinas, maltodekstrinas, apelsin\u0173 koncentratas, nat\u016bralaus apelsino kvapioji med\u017eiaga<\/p>\n<\/li>\n<li data-section-id=\"tlppbv\" data-start=\"2028\" data-end=\"2046\">\n<p data-start=\"2030\" data-end=\"2046\">Kokoso dro\u017el\u0117s<\/p>\n<\/li>\n<li data-section-id=\"ppnast\" data-start=\"2047\" data-end=\"2128\">\n<p data-start=\"2049\" data-end=\"2128\">Avie\u010di\u0173 milteliai ant ne\u0161iklio (maltodekstrinas, avie\u010di\u0173 vaisi\u0173 koncentratas)<\/p>\n<\/li>\n<li data-section-id=\"hbkjze\" data-start=\"2129\" data-end=\"2209\">\n<p data-start=\"2131\" data-end=\"2209\">Vaisi\u0173 ir augal\u0173 koncentratai (sald\u017ei\u0173j\u0173 bulvi\u0173, ridik\u0117li\u0173, obuoli\u0173, vy\u0161ni\u0173)<\/p>\n<\/li>\n<li data-section-id=\"1bft85z\" data-start=\"2210\" data-end=\"2240\">\n<p data-start=\"2212\" data-end=\"2240\">Kapu\u010dino kvapioji med\u017eiaga<\/p>\n<\/li>\n<li data-section-id=\"1hnrmz2\" data-start=\"2241\" data-end=\"2318\">\n<p data-start=\"2243\" data-end=\"2318\">Glaz\u016bravimo med\u017eiagos: akacij\u0173 sakai (gumiarabikas) (E414), cukrus, medus<\/p>\n<\/li>\n<\/ul>\n<p data-start=\"2320\" data-end=\"2347\"><strong data-start=\"2320\" data-end=\"2337\">Kilm\u0117s \u0161alis:<\/strong> Lietuva<\/p>\n<h4 data-section-id=\"1hh2gvd\" data-start=\"2354\" data-end=\"2372\">Laikymo s\u0105lygos<\/h4>\n<p data-start=\"2374\" data-end=\"2592\">Laikyti sandarioje pakuot\u0117je, vengiant tiesiogini\u0173 saul\u0117s spinduli\u0173. Tinkamai laikomas produktas i\u0161laiko tra\u0161kum\u0105, \u0161okolado aromat\u0105 ir s\u0117kl\u0173 kokyb\u0119 ilgesn\u012f laik\u0105, tod\u0117l galima m\u0117gautis nat\u016braliu skoniu bet kuriuo metu.<\/p>\n<p data-start=\"2623\" data-end=\"2998\">Moli\u016bg\u0173 s\u0117klos \u0161okolade \u2013 tai nat\u016bralus ir skanus u\u017ekandis, kuriame susilieja tra\u0161kios lietuvi\u0161kos moli\u016bg\u0173 s\u0117klos ir \u0161velnus \u0161okoladas. Produktas neturi dirbtini\u0173 skonio stiprikli\u0173 ir kvapi\u0173j\u0173 med\u017eiag\u0173, tod\u0117l kiekvienas k\u0105snis yra nat\u016bralus ir autenti\u0161kas. \u201eSkoni\u0173 asorti\u201c suteikia galimyb\u0119 i\u0161bandyti skirtingus skonius vienoje pakuot\u0117je, atrandant savo m\u0117gstamiausi\u0105 derin\u012f.<\/p>\n<p><strong>100 g produkto maistingumas ir energin\u0117 vert\u0117 2375 kJ \/ 567 kCal<\/strong><\/p>\n<table class=\"tg\" width=\"349\">\n<thead>\n<tr>\n<th class=\"tg-fymr\">Riebalai<\/th>\n<th class=\"tg-fymr\">40,0 g<\/th>\n<\/tr>\n<\/thead>\n<tbody>\n<tr>\n<td class=\"tg-0pky\">I\u0161 kuri\u0173:<\/td>\n<td class=\"tg-0pky\"><\/td>\n<\/tr>\n<tr>\n<td class=\"tg-0pky\">so\u010di\u0173j\u0173 riebal\u0173 r\u016bg\u0161\u010di\u0173<\/td>\n<td class=\"tg-0pky\">18,0 g<\/td>\n<\/tr>\n<tr>\n<td class=\"tg-fymr\"><strong>Angliavandeniai<\/strong><\/td>\n<td class=\"tg-fymr\">34,0 g<\/td>\n<\/tr>\n<tr>\n<td class=\"tg-0pky\">I\u0161 kuri\u0173:<\/td>\n<td class=\"tg-0pky\"><\/td>\n<\/tr>\n<tr>\n<td class=\"tg-0pky\">cukr\u0173<\/td>\n<td class=\"tg-0pky\">33,0 g<\/td>\n<\/tr>\n<tr>\n<td class=\"tg-fymr\"><b>Skaidulin\u0117s med\u017eiagos<\/b><\/td>\n<td class=\"tg-fymr\">2,0 g<\/td>\n<\/tr>\n<tr>\n<td class=\"tg-fymr\"><strong>Baltymai<\/strong><\/td>\n<td class=\"tg-fymr\">18,0 g<\/td>\n<\/tr>\n<tr>\n<td class=\"tg-fymr\"><strong>Druska<\/strong><\/td>\n<td class=\"tg-fymr\">0,12 g<\/td>\n<\/tr>\n<\/tbody>\n<\/table>\n<p>&nbsp;<\/p>","protected":false},"excerpt":{"rendered":"<p>Moli\u016bg\u0173 s\u0117kl\u0173 \u0161okolade skoni\u0173 asorti, 150 g Saldus ir nat\u016bralus u\u017ekandis su moli\u016bg\u0173 s\u0117klomis Moli\u016bg\u0173 s\u0117klos \u0161okolade \u2013 tai tobulas u\u017ekandis tiems, kurie ie\u0161ko nat\u016bralaus, saldaus ir skanaus u\u017ekand\u017eio. \u201eSkoni\u0173 asorti\u201c rinkinyje atrinkome pa\u010dias populiariausias moli\u016bg\u0173 s\u0117klas, apgliaudytas baltojo ir pieni\u0161ko \u0161okolado sluoksniu, kad kiekvienas gal\u0117t\u0173 atrasti savo favorit\u0105. Kiekvienas k\u0105snis suteikia malon\u0173 kontrast\u0105 tarp&#8230;<\/p>","protected":false},"featured_media":36730,"template":"","meta":{"_acf_changed":false},"product_brand":[],"product_cat":[93,88,17],"product_tag":[],"class_list":{"0":"post-36728","1":"product","2":"type-product","3":"status-publish","4":"has-post-thumbnail","6":"product_cat-batoneliai-sokoladas","7":"product_cat-naujiena","8":"product_cat-seklos","9":"nt-post-class","10":"","11":"masonry-item","12":"col-lg-6","16":"excerpt-none","20":"first","21":"instock","22":"taxable","23":"shipping-taxable","24":"purchasable","25":"product-type-simple","26":"add-to-wishlist-after_add_to_cart"},"acf":[],"_links":{"self":[{"href":"https:\/\/chiaseklos.lt\/en\/wp-json\/wp\/v2\/product\/36728","targetHints":{"allow":["GET"]}}],"collection":[{"href":"https:\/\/chiaseklos.lt\/en\/wp-json\/wp\/v2\/product"}],"about":[{"href":"https:\/\/chiaseklos.lt\/en\/wp-json\/wp\/v2\/types\/product"}],"wp:featuredmedia":[{"embeddable":true,"href":"https:\/\/chiaseklos.lt\/en\/wp-json\/wp\/v2\/media\/36730"}],"wp:attachment":[{"href":"https:\/\/chiaseklos.lt\/en\/wp-json\/wp\/v2\/media?parent=36728"}],"wp:term":[{"taxonomy":"product_brand","embeddable":true,"href":"https:\/\/chiaseklos.lt\/en\/wp-json\/wp\/v2\/product_brand?post=36728"},{"taxonomy":"product_cat","embeddable":true,"href":"https:\/\/chiaseklos.lt\/en\/wp-json\/wp\/v2\/product_cat?post=36728"},{"taxonomy":"product_tag","embeddable":true,"href":"https:\/\/chiaseklos.lt\/en\/wp-json\/wp\/v2\/product_tag?post=36728"}],"curies":[{"name":"wp","href":"https:\/\/api.w.org\/{rel}","templated":true}]}}