{"id":35792,"date":"2025-12-28T15:00:27","date_gmt":"2025-12-28T15:00:27","guid":{"rendered":"https:\/\/chiaseklos.lt\/?post_type=product&#038;p=35792"},"modified":"2026-04-11T06:05:37","modified_gmt":"2026-04-11T06:05:37","slug":"melynosios-razinos","status":"publish","type":"product","link":"https:\/\/chiaseklos.lt\/en\/product\/melynosios-razinos\/","title":{"rendered":"M\u0117lynosios razinos"},"content":{"rendered":"<p data-start=\"273\" data-end=\"769\">M\u0117lynosios razinos<\/p>\n<p data-start=\"273\" data-end=\"769\">M\u0117lynosios razinos Jumbo yra kruop\u0161\u010diai atrinktos, auk\u0161\u010diausios kokyb\u0117s d\u017eiovintos vynuog\u0117s, kurios i\u0161saugo nat\u016bral\u0173 saldum\u0105 ir unikal\u0173 aromat\u0105. \u0160ios razinos i\u0161siskiria savo mink\u0161ta tekst\u016bra, tamsiai m\u0117lyna spalva ir intensyviu, \u0161iek tiek karamelizuotu skoniu. D\u0117l nat\u016bralaus saldumo jos puikiai tinka tiek tiesioginiam vartojimui, tiek \u012fvairiems kulinariniams eksperimentams. M\u0117lynosios razinos yra sveikas u\u017ekandis, kuriuo galima m\u0117gautis bet kuriuo paros metu \u2013 namuose, darbe ar kelion\u0117je.<\/p>\n<p data-start=\"771\" data-end=\"1191\">\u0160ios d\u017eiovintos vynuog\u0117s yra visi\u0161kai nat\u016bralios ir be prid\u0117tinio cukraus, tod\u0117l jos puikiai tinka tiems, kurie vertina sveik\u0105 mityb\u0105 ir nat\u016bral\u0173 produkt\u0173 skon\u012f. M\u0117lynosios razinos Jumbo yra ne tik skanios, bet ir maistingos \u2013 jose gausu nat\u016brali\u0173 cukr\u0173, kurie suteikia energijos, skaidul\u0173, padedan\u010di\u0173 vir\u0161kinimui, bei antioksidant\u0173, kurie padeda kovoti su laisvaisiais radikalais ir palaiko bendr\u0105 organizmo sveikat\u0105.<\/p>\n<p data-start=\"1193\" data-end=\"1636\">M\u0117lynosios razinos puikiai tinka \u012fvairiems patiekalams. Jas galima berti \u012f ko\u0161es, jogurt\u0105 ar granol\u0105, naudoti kepiniuose, desertuose, salotose ar net pagardinti s\u016brio ar rie\u0161ut\u0173 derinius. D\u0117l savo mink\u0161tos tekst\u016bros ir nat\u016bralaus saldumo jos suteikia patiekalams papildomo skonio, aromato ir vizualaus patrauklumo. M\u0117lynosios razinos taip pat yra puikus pasirinkimas sveik\u0173 u\u017ekand\u017ei\u0173 ruo\u0161imui vaikams ar darbui, kai reikia greitos energijos.<\/p>\n<p data-start=\"1193\" data-end=\"1636\">M\u0117lynosios razinos taip pat puikiai tinka tiems, kurie vengia dirbtini\u0173 saldikli\u0173 ir ie\u0161ko nat\u016brali\u0173 alternatyv\u0173 saldumynams. D\u0117l savo nat\u016bralaus skonio jos padeda suma\u017einti nor\u0105 u\u017ekand\u017eiauti nesveikais produktais ir yra puikus pasirinkimas subalansuotai, s\u0105moningai mitybai visai \u0161eimai.<\/p>\n<p data-start=\"1638\" data-end=\"1954\">\u0160i\u0173 razin\u0173 kilm\u0117s \u0161alis \u2013 Uzbekistanas. Kur vynuogynai auga palankiomis klimato s\u0105lygomis. \u010cia razinos d\u017eiovinamos nat\u016braliai, taip i\u0161saugant j\u0173 skon\u012f, mink\u0161tum\u0105 ir maistin\u0119 vert\u0119. M\u0117lynosios razinos Jumbo yra puikus pasirinkimas tiems, kurie ie\u0161ko nat\u016bralaus, skanaus ir sveiko produkto kasdieniam vartojimui.<\/p>\n<p>Kilm\u0117s \u0161alis:\u00a0Uzbekistanas<\/p>\n<p><strong>Energin\u0117 ir maistin\u0117 vert\u0117 100 g:<\/strong>\u00a0299 kcal, riebal\u0173 0.1 g, i\u0161 kuri\u0173 so\u010di\u0173j\u0173 riebal\u0173 r\u016bg\u0161\u010di\u0173 0 g, angliavandeni\u0173 79 g, i\u0161 kuri\u0173 cukr\u0173 59 g, baltym\u0173 3 g, druskos 0 g.<\/p>","protected":false},"excerpt":{"rendered":"<p>M\u0117lynosios razinos M\u0117lynosios razinos Jumbo yra kruop\u0161\u010diai atrinktos, auk\u0161\u010diausios kokyb\u0117s d\u017eiovintos vynuog\u0117s, kurios i\u0161saugo nat\u016bral\u0173 saldum\u0105 ir unikal\u0173 aromat\u0105. \u0160ios razinos i\u0161siskiria savo mink\u0161ta tekst\u016bra, tamsiai m\u0117lyna spalva ir intensyviu, \u0161iek tiek karamelizuotu skoniu. D\u0117l nat\u016bralaus saldumo jos puikiai tinka tiek tiesioginiam vartojimui, tiek \u012fvairiems kulinariniams eksperimentams. M\u0117lynosios razinos yra sveikas u\u017ekandis, kuriuo galima m\u0117gautis&#8230;<\/p>","protected":false},"featured_media":35793,"template":"","meta":{"_acf_changed":false},"product_brand":[],"product_cat":[42],"product_tag":[],"class_list":{"0":"post-35792","1":"product","2":"type-product","3":"status-publish","4":"has-post-thumbnail","6":"product_cat-dziovinti-vaisiai-uogos","7":"nt-post-class","8":"","9":"masonry-item","10":"col-lg-6","14":"excerpt-none","18":"first","19":"outofstock","20":"taxable","21":"shipping-taxable","22":"purchasable","23":"product-type-variable","24":"add-to-wishlist-after_add_to_cart"},"acf":[],"_links":{"self":[{"href":"https:\/\/chiaseklos.lt\/en\/wp-json\/wp\/v2\/product\/35792","targetHints":{"allow":["GET"]}}],"collection":[{"href":"https:\/\/chiaseklos.lt\/en\/wp-json\/wp\/v2\/product"}],"about":[{"href":"https:\/\/chiaseklos.lt\/en\/wp-json\/wp\/v2\/types\/product"}],"wp:featuredmedia":[{"embeddable":true,"href":"https:\/\/chiaseklos.lt\/en\/wp-json\/wp\/v2\/media\/35793"}],"wp:attachment":[{"href":"https:\/\/chiaseklos.lt\/en\/wp-json\/wp\/v2\/media?parent=35792"}],"wp:term":[{"taxonomy":"product_brand","embeddable":true,"href":"https:\/\/chiaseklos.lt\/en\/wp-json\/wp\/v2\/product_brand?post=35792"},{"taxonomy":"product_cat","embeddable":true,"href":"https:\/\/chiaseklos.lt\/en\/wp-json\/wp\/v2\/product_cat?post=35792"},{"taxonomy":"product_tag","embeddable":true,"href":"https:\/\/chiaseklos.lt\/en\/wp-json\/wp\/v2\/product_tag?post=35792"}],"curies":[{"name":"wp","href":"https:\/\/api.w.org\/{rel}","templated":true}]}}