{"id":35302,"date":"2025-12-03T07:46:29","date_gmt":"2025-12-03T07:46:29","guid":{"rendered":"https:\/\/chiaseklos.lt\/?post_type=product&#038;p=35302"},"modified":"2026-04-09T16:11:56","modified_gmt":"2026-04-09T16:11:56","slug":"zemes-riesutu-kremas-alvo-500-g","status":"publish","type":"product","link":"https:\/\/chiaseklos.lt\/en\/product\/zemes-riesutu-kremas-alvo-500-g\/","title":{"rendered":"\u017dem\u0117s rie\u0161ut\u0173 kremas ALVO, 500 g"},"content":{"rendered":"<dl class=\"b-product-info--info-2\">\n<dd class=\"b-product-info--info-3-title\">\n<p data-section-id=\"zg2m4z\" data-start=\"152\" data-end=\"186\">\u017dem\u0117s rie\u0161ut\u0173 kremas ALVO, 500 g<\/p>\n<h4 data-section-id=\"vwldjr\" data-start=\"188\" data-end=\"253\">Nat\u016bralus \u017eem\u0117s rie\u0161ut\u0173 kremas be pried\u0173 kasdieniam naudojimui<\/h4>\n<p data-start=\"255\" data-end=\"624\">\u017dem\u0117s rie\u0161ut\u0173 kremas ALVO \u2013 tai paprastos ir ai\u0161kios sud\u0117ties produktas, pagamintas tik i\u0161 100 % \u017eem\u0117s rie\u0161ut\u0173. \u0160iame kreme n\u0117ra prid\u0117tinio cukraus, druskos, konservant\u0173 ar dirbtini\u0173 pried\u0173, tod\u0117l i\u0161laikomas nat\u016bralus rie\u0161ut\u0173 skonis, aromatas ir tekst\u016bra. Tai pasirinkimas tiems, kurie vertina kokybi\u0161kus, minimaliai apdorotus maisto produktus savo kasdien\u0117je mityboje.<\/p>\n<p data-start=\"626\" data-end=\"835\">D\u0117l savo sud\u0117ties ir skonio \u0161is \u017eem\u0117s rie\u0161ut\u0173 kremas yra universalus ir lengvai pritaikomas \u012fvairiuose patiekaluose. Jis gali b\u016bti naudojamas tiek paprastiems pusry\u010diams, tiek sud\u0117tingesniems receptams ruo\u0161ti.<\/p>\n<hr data-start=\"837\" data-end=\"840\" \/>\n<h4 data-section-id=\"m2zzgu\" data-start=\"842\" data-end=\"878\">Kaip naudoti \u017eem\u0117s rie\u0161ut\u0173 krem\u0105?<\/h4>\n<p data-start=\"880\" data-end=\"920\">\u017dem\u0117s rie\u0161ut\u0173 kremas ALVO puikiai tinka:<\/p>\n<ul data-start=\"921\" data-end=\"1135\">\n<li data-section-id=\"1nvje5t\" data-start=\"921\" data-end=\"972\">\n<p data-start=\"923\" data-end=\"972\">tepti ant duonos, trapu\u010di\u0173 ar skrudintos duonos<\/p>\n<\/li>\n<li data-section-id=\"t1yfgk\" data-start=\"973\" data-end=\"1014\">\n<p data-start=\"975\" data-end=\"1014\">gardinti ko\u0161es ar pusry\u010di\u0173 duben\u0117lius<\/p>\n<\/li>\n<li data-section-id=\"pbufaf\" data-start=\"1015\" data-end=\"1050\">\n<p data-start=\"1017\" data-end=\"1050\">d\u0117ti \u012f kokteilius ar glotnu\u010dius<\/p>\n<\/li>\n<li data-section-id=\"11dak9q\" data-start=\"1051\" data-end=\"1087\">\n<p data-start=\"1053\" data-end=\"1087\">naudoti kepiniuose ir desertuose<\/p>\n<\/li>\n<li data-section-id=\"nuwjko\" data-start=\"1088\" data-end=\"1135\">\n<p data-start=\"1090\" data-end=\"1135\">derinti su vaisiais ar kitais ingredientais<\/p>\n<\/li>\n<\/ul>\n<p data-start=\"1137\" data-end=\"1264\">D\u0117l savo kremin\u0117s konsistencijos produktas lengvai mai\u0161osi ir gali b\u016bti naudojamas tiek sald\u017eiuose, tiek s\u016briuose patiekaluose.<\/p>\n<hr data-start=\"1266\" data-end=\"1269\" \/>\n<h4 data-section-id=\"7ay9xw\" data-start=\"1271\" data-end=\"1310\">Nat\u016brali sud\u0117tis ir produkto savyb\u0117s<\/h4>\n<p data-start=\"1312\" data-end=\"1469\">\u0160is \u017eem\u0117s rie\u0161ut\u0173 kremas i\u0161siskiria savo sud\u0117timi \u2013 jame yra tik vienas ingredientas. Tai leid\u017eia i\u0161laikyti autenti\u0161k\u0105 skon\u012f ir nat\u016brali\u0105 produkto strukt\u016br\u0105.<\/p>\n<p data-start=\"1471\" data-end=\"1492\"><strong data-start=\"1471\" data-end=\"1492\">Produkto savyb\u0117s:<\/strong><\/p>\n<ul data-start=\"1493\" data-end=\"1658\">\n<li data-section-id=\"15o0i2g\" data-start=\"1493\" data-end=\"1517\">\n<p data-start=\"1495\" data-end=\"1517\">100 % \u017eem\u0117s rie\u0161utai<\/p>\n<\/li>\n<li data-section-id=\"181a25m\" data-start=\"1518\" data-end=\"1543\">\n<p data-start=\"1520\" data-end=\"1543\">Be prid\u0117tinio cukraus<\/p>\n<\/li>\n<li data-section-id=\"1q16ef3\" data-start=\"1544\" data-end=\"1562\">\n<p data-start=\"1546\" data-end=\"1562\">Be konservant\u0173<\/p>\n<\/li>\n<li data-section-id=\"1u17uv6\" data-start=\"1563\" data-end=\"1586\">\n<p data-start=\"1565\" data-end=\"1586\">Be dirbtini\u0173 pried\u0173<\/p>\n<\/li>\n<li data-section-id=\"1mqb5ab\" data-start=\"1587\" data-end=\"1626\">\n<p data-start=\"1589\" data-end=\"1626\">Nat\u016bralios konsistencijos produktas<\/p>\n<\/li>\n<li data-section-id=\"1nr5pao\" data-start=\"1627\" data-end=\"1658\">\n<p data-start=\"1629\" data-end=\"1658\">Tinka \u012fvairiems patiekalams<\/p>\n<\/li>\n<\/ul>\n<p data-start=\"1660\" data-end=\"1905\">Svarbu \u017einoti, kad nat\u016bral\u016bs rie\u0161ut\u0173 kremai gali sluoksniuotis. Pavir\u0161iuje gali atsirasti nat\u016bralaus aliejaus sluoksnis \u2013 tai normalus rei\u0161kinys, rodantis, kad produkte n\u0117ra naudota stabilizatori\u0173. Prie\u0161 vartojim\u0105 rekomenduojama gerai i\u0161mai\u0161yti.<\/p>\n<hr data-start=\"1907\" data-end=\"1910\" \/>\n<h4 data-section-id=\"1rk3e1a\" data-start=\"1912\" data-end=\"1958\">Laikymo s\u0105lygos ir naudojimo rekomendacijos<\/h4>\n<p data-start=\"1960\" data-end=\"2002\"><strong data-start=\"1960\" data-end=\"1983\">Sudedamosios dalys:<\/strong><br data-start=\"1983\" data-end=\"1986\" \/>\u017dEM\u0116S RIE\u0160UTAI<\/p>\n<p data-start=\"2004\" data-end=\"2163\"><strong data-start=\"2004\" data-end=\"2030\">Naudojimo instrukcija:<\/strong><br data-start=\"2030\" data-end=\"2033\" \/>Atidarius pakuot\u0119 suvartoti per 1 m\u0117nes\u012f. Produktas gali nat\u016braliai sluoksniuotis, tod\u0117l prie\u0161 vartojim\u0105 rekomenduojama i\u0161mai\u0161yti.<\/p>\n<p data-start=\"2165\" data-end=\"2306\"><strong data-start=\"2165\" data-end=\"2185\">Laikymo s\u0105lygos:<\/strong><br data-start=\"2185\" data-end=\"2188\" \/>Laikyti sausoje, v\u0117sioje vietoje, atokiai nuo tiesiogini\u0173 saul\u0117s spinduli\u0173. Laikymo temperat\u016bra: nuo +4 \u00b0C iki +25 \u00b0C.<\/p>\n<p>Pakuot\u0117: Plastikas<\/dd>\n<\/dl>\n<h5 class=\"b-product-info--info-3-title\">Maistin\u0117 vert\u0117 (100 g\/ml)<\/h5>\n<div class=\"row\">\n<div class=\"col-md-4\">\n<table class=\"table table-striped table-condensed\">\n<tbody>\n<tr>\n<td>Energin\u0117 vert\u0117<\/td>\n<td class=\"b-text-right\">2639,00 kJ \/ 637,00 Kcal<\/td>\n<\/tr>\n<tr>\n<td>Riebalai<\/td>\n<td class=\"b-text-right\">53,00 g<\/td>\n<\/tr>\n<tr>\n<td>So\u010diosios riebal\u0173 r\u016bg\u0161tys<\/td>\n<td class=\"b-text-right\">7,00 g<\/td>\n<\/tr>\n<tr>\n<td>Angliavandeniai<\/td>\n<td class=\"b-text-right\">9,30 g<\/td>\n<\/tr>\n<tr>\n<td>Cukr\u016bs<\/td>\n<td class=\"b-text-right\">3,70 g<\/td>\n<\/tr>\n<tr>\n<td>Baltymai<\/td>\n<td class=\"b-text-right\">27,00 g<\/td>\n<\/tr>\n<tr>\n<td>Druska<\/td>\n<td class=\"b-text-right\">0,00 g<\/td>\n<\/tr>\n<\/tbody>\n<\/table>\n<\/div>\n<\/div>\n<h3 class=\"b-product-info--info-3-title b-product-info--info-3-title-last\">Kita informacija<\/h3>\n<dl class=\"b-dl-align-left b-product-info--info1\">\n<dt>Kilm\u0117s \u0161alis:\u00a0Lietuva<\/dt>\n<dt>Grynasis kiekis (g\/ml):\u00a0500<\/dt>\n<\/dl>","protected":false},"excerpt":{"rendered":"<p>\u017dem\u0117s rie\u0161ut\u0173 kremas ALVO, 500 g Nat\u016bralus \u017eem\u0117s rie\u0161ut\u0173 kremas be pried\u0173 kasdieniam naudojimui \u017dem\u0117s rie\u0161ut\u0173 kremas ALVO \u2013 tai paprastos ir ai\u0161kios sud\u0117ties produktas, pagamintas tik i\u0161 100 % \u017eem\u0117s rie\u0161ut\u0173. \u0160iame kreme n\u0117ra prid\u0117tinio cukraus, druskos, konservant\u0173 ar dirbtini\u0173 pried\u0173, tod\u0117l i\u0161laikomas nat\u016bralus rie\u0161ut\u0173 skonis, aromatas ir tekst\u016bra. Tai pasirinkimas tiems, kurie vertina&#8230;<\/p>","protected":false},"featured_media":35304,"template":"","meta":{"_acf_changed":false},"product_brand":[],"product_cat":[88,72],"product_tag":[],"class_list":{"0":"post-35302","1":"product","2":"type-product","3":"status-publish","4":"has-post-thumbnail","6":"product_cat-naujiena","7":"product_cat-sirupai","8":"nt-post-class","9":"","10":"masonry-item","11":"col-lg-6","15":"excerpt-none","19":"first","20":"instock","21":"taxable","22":"shipping-taxable","23":"purchasable","24":"product-type-simple","25":"add-to-wishlist-after_add_to_cart"},"acf":[],"_links":{"self":[{"href":"https:\/\/chiaseklos.lt\/en\/wp-json\/wp\/v2\/product\/35302","targetHints":{"allow":["GET"]}}],"collection":[{"href":"https:\/\/chiaseklos.lt\/en\/wp-json\/wp\/v2\/product"}],"about":[{"href":"https:\/\/chiaseklos.lt\/en\/wp-json\/wp\/v2\/types\/product"}],"wp:featuredmedia":[{"embeddable":true,"href":"https:\/\/chiaseklos.lt\/en\/wp-json\/wp\/v2\/media\/35304"}],"wp:attachment":[{"href":"https:\/\/chiaseklos.lt\/en\/wp-json\/wp\/v2\/media?parent=35302"}],"wp:term":[{"taxonomy":"product_brand","embeddable":true,"href":"https:\/\/chiaseklos.lt\/en\/wp-json\/wp\/v2\/product_brand?post=35302"},{"taxonomy":"product_cat","embeddable":true,"href":"https:\/\/chiaseklos.lt\/en\/wp-json\/wp\/v2\/product_cat?post=35302"},{"taxonomy":"product_tag","embeddable":true,"href":"https:\/\/chiaseklos.lt\/en\/wp-json\/wp\/v2\/product_tag?post=35302"}],"curies":[{"name":"wp","href":"https:\/\/api.w.org\/{rel}","templated":true}]}}