{"id":35297,"date":"2025-12-03T07:35:38","date_gmt":"2025-12-03T07:35:38","guid":{"rendered":"https:\/\/chiaseklos.lt\/?post_type=product&#038;p=35297"},"modified":"2026-04-03T10:06:00","modified_gmt":"2026-04-03T10:06:00","slug":"traskus-zemes-riesutu-kremas-alvo-500-g","status":"publish","type":"product","link":"https:\/\/chiaseklos.lt\/en\/product\/traskus-zemes-riesutu-kremas-alvo-500-g\/","title":{"rendered":"Tra\u0161kus \u017eem\u0117s rie\u0161ut\u0173 kremas ALVO, 500 g"},"content":{"rendered":"<h3 class=\"b-product-info--title\">Tra\u0161kus \u017eem\u0117s rie\u0161ut\u0173 kremas ALVO, 500 g<\/h3>\n<p><span style=\"color: #000000;\">Nat\u016bralus ir maistingas kremas, pagamintas i\u0161 100 % <strong data-start=\"98\" data-end=\"115\">\u017eem\u0117s rie\u0161ut\u0173<\/strong>. Tra\u0161kios rie\u0161ut\u0173 granul\u0117s suteikia intensyvesn\u012f skon\u012f ir maloni\u0105 tekst\u016br\u0105. Tinka tepti ant duonos, d\u0117ti \u012f ko\u0161es, kokteilius ar naudoti desertams.<\/span><\/p>\n<dl class=\"b-product-info--info-2\">\n<dt class=\"b-product-info--info-3-title\"><span style=\"color: #000000;\">Sudedamosios dalys: \u017dEM\u0116S RIE\u0160UTAI<\/span><\/dt>\n<dt class=\"b-product-info--info-3-title\"><span style=\"color: #000000;\">Naudojimo instrukcija:\u00a0Aatidarius pakuot\u0119 suvartoti per 1 m\u0117nes\u012f. Produktas gali nat\u016braliai sluoksniuotis. Sumai\u0161yti prie\u0161 vartojim\u0105.<\/span><\/dt>\n<dt class=\"b-product-info--info-3-title\"><span style=\"color: #000000;\">Laikymo s\u0105lygos:\u00a0Laikyti sausoje v\u0117sioje vietoje, atokiai nuo tiesiogini\u0173 saul\u0117s spinduli\u0173 Laikymo temperat\u016bra: nuo 4\u00b0C iki 25\u00b0C.<\/span><\/dt>\n<dt class=\"b-product-info--info-3-title\"><span style=\"color: #000000;\">Pakuot\u0117:\u00a0Plastikas<\/span><\/dt>\n<\/dl>\n<p class=\"b-product-info--info-3-title\"><span style=\"color: #000000;\">Maistin\u0117 vert\u0117 (100 g\/ml)<\/span><\/p>\n<div class=\"col-md-4\">\n<table class=\"table table-striped table-condensed\">\n<tbody>\n<tr>\n<td>Energin\u0117 vert\u0117<\/td>\n<td class=\"b-text-right\">2639,00 kJ \/ 637,00 Kcal<\/td>\n<\/tr>\n<tr>\n<td>Riebalai<\/td>\n<td class=\"b-text-right\">53,00 g<\/td>\n<\/tr>\n<tr>\n<td>So\u010diosios riebal\u0173 r\u016bg\u0161tys<\/td>\n<td class=\"b-text-right\">7,00 g<\/td>\n<\/tr>\n<tr>\n<td>Angliavandeniai<\/td>\n<td class=\"b-text-right\">9,30 g<\/td>\n<\/tr>\n<tr>\n<td>Cukr\u016bs<\/td>\n<td class=\"b-text-right\">3,70 g<\/td>\n<\/tr>\n<tr>\n<td>Baltymai<\/td>\n<td class=\"b-text-right\">27,00 g<\/td>\n<\/tr>\n<tr>\n<td>Druska<\/td>\n<td class=\"b-text-right\">0,00 g<\/td>\n<\/tr>\n<\/tbody>\n<\/table>\n<\/div>\n<p class=\"b-product-info--info-3-title b-product-info--info-3-title-last\">Kita informacija<\/p>\n<dl class=\"b-dl-align-left b-product-info--info1\">\n<dt>Kilm\u0117s \u0161alis:\u00a0Lietuva<\/dt>\n<dt>Grynasis kiekis (g\/ml):\u00a0500ml<\/dt>\n<\/dl>","protected":false},"excerpt":{"rendered":"<p>Tra\u0161kus \u017eem\u0117s rie\u0161ut\u0173 kremas ALVO, 500 g Nat\u016bralus ir maistingas kremas, pagamintas i\u0161 100 % \u017eem\u0117s rie\u0161ut\u0173. Tra\u0161kios rie\u0161ut\u0173 granul\u0117s suteikia intensyvesn\u012f skon\u012f ir maloni\u0105 tekst\u016br\u0105. Tinka tepti ant duonos, d\u0117ti \u012f ko\u0161es, kokteilius ar naudoti desertams. Sudedamosios dalys: \u017dEM\u0116S RIE\u0160UTAI Naudojimo instrukcija:\u00a0Aatidarius pakuot\u0119 suvartoti per 1 m\u0117nes\u012f. Produktas gali nat\u016braliai sluoksniuotis. Sumai\u0161yti prie\u0161 vartojim\u0105&#8230;.<\/p>","protected":false},"featured_media":35305,"template":"","meta":{"_acf_changed":false},"product_brand":[],"product_cat":[88,72],"product_tag":[],"class_list":{"0":"post-35297","1":"product","2":"type-product","3":"status-publish","4":"has-post-thumbnail","6":"product_cat-naujiena","7":"product_cat-sirupai","8":"nt-post-class","9":"","10":"masonry-item","11":"col-lg-6","15":"excerpt-none","19":"first","20":"instock","21":"taxable","22":"shipping-taxable","23":"purchasable","24":"product-type-simple","25":"add-to-wishlist-after_add_to_cart"},"acf":[],"_links":{"self":[{"href":"https:\/\/chiaseklos.lt\/en\/wp-json\/wp\/v2\/product\/35297","targetHints":{"allow":["GET"]}}],"collection":[{"href":"https:\/\/chiaseklos.lt\/en\/wp-json\/wp\/v2\/product"}],"about":[{"href":"https:\/\/chiaseklos.lt\/en\/wp-json\/wp\/v2\/types\/product"}],"wp:featuredmedia":[{"embeddable":true,"href":"https:\/\/chiaseklos.lt\/en\/wp-json\/wp\/v2\/media\/35305"}],"wp:attachment":[{"href":"https:\/\/chiaseklos.lt\/en\/wp-json\/wp\/v2\/media?parent=35297"}],"wp:term":[{"taxonomy":"product_brand","embeddable":true,"href":"https:\/\/chiaseklos.lt\/en\/wp-json\/wp\/v2\/product_brand?post=35297"},{"taxonomy":"product_cat","embeddable":true,"href":"https:\/\/chiaseklos.lt\/en\/wp-json\/wp\/v2\/product_cat?post=35297"},{"taxonomy":"product_tag","embeddable":true,"href":"https:\/\/chiaseklos.lt\/en\/wp-json\/wp\/v2\/product_tag?post=35297"}],"curies":[{"name":"wp","href":"https:\/\/api.w.org\/{rel}","templated":true}]}}