{"id":35120,"date":"2025-11-26T13:31:16","date_gmt":"2025-11-26T13:31:16","guid":{"rendered":"https:\/\/chiaseklos.lt\/?post_type=product&#038;p=35120"},"modified":"2026-04-21T12:03:58","modified_gmt":"2026-04-21T12:03:58","slug":"prieskoniu-malunelis-juodieji-rukyti-pipirai-zirneliais-120g","status":"publish","type":"product","link":"https:\/\/chiaseklos.lt\/en\/product\/prieskoniu-malunelis-juodieji-rukyti-pipirai-zirneliais-120g\/","title":{"rendered":"prieskoni\u0173 mal\u016bn\u0117lis Juodieji r\u016bkyti pipirai \u017eirneliais 120g"},"content":{"rendered":"<p data-start=\"65\" data-end=\"473\"><strong data-start=\"65\" data-end=\"122\">Prieskoni\u0173 mal\u016bn\u0117lis su juodaisiais r\u016bkytais pipirais<\/strong> \u2013 intensyvaus, d\u016bminio aromato ir sodraus skonio klasika. R\u016bkyti pipir\u0173 \u017eirneliai suteikia patiekalams i\u0161rai\u0161king\u0105, gil\u0173 skon\u012f, kuris puikiai dera tiek su kasdieniais, tiek su gurmani\u0161kais valgiais.<br data-start=\"321\" data-end=\"324\" \/>Rekomenduojama naudoti <strong data-start=\"347\" data-end=\"372\">\u012fvairiems patiekalams<\/strong> \u2013 m\u0117sai, \u017euviai, dar\u017eov\u0117ms, sriuboms, tro\u0161kiniams, pada\u017eams ar tiesiog paskaninant \u0161vie\u017eias salotas.<\/p>\n<p data-start=\"475\" data-end=\"523\"><strong data-start=\"475\" data-end=\"487\">Sud\u0117tis:<\/strong> juodieji r\u016bkyti pipirai \u017eirneliais.<\/p>\n<p data-start=\"525\" data-end=\"634\"><strong data-start=\"525\" data-end=\"551\">Mal\u016bn\u0117lis daugkartinis<\/strong> \u2013 pasibaigus pipirams, papildykite savo m\u0117gstamais pipirais ar prieskoni\u0173 mi\u0161iniu.<\/p>\n<div class=\"title\">Alergenai:\u00a0Gali tur\u0117ti GLITIMO, SEZAMO, GARSTY\u010cI\u0172, SALIER\u0172 p\u0117dsak\u0173.<\/div>\n<div class=\"title\">Kilm\u0117s \u0161alis:\u00a0Vietnamas<\/div>\n<div class=\"title\">Laikymo s\u0105lygos:\u00a0Sausoje, v\u0117sioje aplinkoje.<\/div>","protected":false},"excerpt":{"rendered":"<p>Prieskoni\u0173 mal\u016bn\u0117lis su juodaisiais r\u016bkytais pipirais \u2013 intensyvaus, d\u016bminio aromato ir sodraus skonio klasika. R\u016bkyti pipir\u0173 \u017eirneliai suteikia patiekalams i\u0161rai\u0161king\u0105, gil\u0173 skon\u012f, kuris puikiai dera tiek su kasdieniais, tiek su gurmani\u0161kais valgiais.Rekomenduojama naudoti \u012fvairiems patiekalams \u2013 m\u0117sai, \u017euviai, dar\u017eov\u0117ms, sriuboms, tro\u0161kiniams, pada\u017eams ar tiesiog paskaninant \u0161vie\u017eias salotas. Sud\u0117tis: juodieji r\u016bkyti pipirai \u017eirneliais. Mal\u016bn\u0117lis daugkartinis \u2013&#8230;<\/p>","protected":false},"featured_media":35121,"template":"","meta":{"_acf_changed":false},"product_brand":[],"product_cat":[88,68],"product_tag":[],"class_list":{"0":"post-35120","1":"product","2":"type-product","3":"status-publish","4":"has-post-thumbnail","6":"product_cat-naujiena","7":"product_cat-prieskoniai","8":"nt-post-class","9":"","10":"masonry-item","11":"col-lg-6","15":"excerpt-none","19":"first","20":"instock","21":"taxable","22":"shipping-taxable","23":"purchasable","24":"product-type-simple","25":"add-to-wishlist-after_add_to_cart"},"acf":[],"_links":{"self":[{"href":"https:\/\/chiaseklos.lt\/en\/wp-json\/wp\/v2\/product\/35120","targetHints":{"allow":["GET"]}}],"collection":[{"href":"https:\/\/chiaseklos.lt\/en\/wp-json\/wp\/v2\/product"}],"about":[{"href":"https:\/\/chiaseklos.lt\/en\/wp-json\/wp\/v2\/types\/product"}],"wp:featuredmedia":[{"embeddable":true,"href":"https:\/\/chiaseklos.lt\/en\/wp-json\/wp\/v2\/media\/35121"}],"wp:attachment":[{"href":"https:\/\/chiaseklos.lt\/en\/wp-json\/wp\/v2\/media?parent=35120"}],"wp:term":[{"taxonomy":"product_brand","embeddable":true,"href":"https:\/\/chiaseklos.lt\/en\/wp-json\/wp\/v2\/product_brand?post=35120"},{"taxonomy":"product_cat","embeddable":true,"href":"https:\/\/chiaseklos.lt\/en\/wp-json\/wp\/v2\/product_cat?post=35120"},{"taxonomy":"product_tag","embeddable":true,"href":"https:\/\/chiaseklos.lt\/en\/wp-json\/wp\/v2\/product_tag?post=35120"}],"curies":[{"name":"wp","href":"https:\/\/api.w.org\/{rel}","templated":true}]}}