{"id":35117,"date":"2025-11-26T13:27:39","date_gmt":"2025-11-26T13:27:39","guid":{"rendered":"https:\/\/chiaseklos.lt\/?post_type=product&#038;p=35117"},"modified":"2026-02-10T19:11:53","modified_gmt":"2026-02-10T19:11:53","slug":"prieskoniu-malunelis-druska-chilli-130g","status":"publish","type":"product","link":"https:\/\/chiaseklos.lt\/en\/product\/prieskoniu-malunelis-druska-chilli-130g\/","title":{"rendered":"Prieskoni\u0173 mal\u016bn\u0117lis druska Chilli 130g"},"content":{"rendered":"<p data-start=\"101\" data-end=\"647\"><strong data-start=\"101\" data-end=\"162\">Prieskoni\u0173 mal\u016bn\u0117lis su aitriaisiais ir r\u016bkytais pipirais<\/strong> \u2013 intensyvaus, d\u016bminio ir ry\u0161kaus skonio mi\u0161inys, sukurtas tiems, kurie m\u0117gsta pikanti\u0161kum\u0105. Aitrioji paprika ir r\u016bkyta jalapeno suteikia sodraus a\u0161trumo, pomidorai ir sald\u017eioji paprika subalansuoja skon\u012f, o juodieji ir si\u010duano pipirai prideda malonaus aromato bei lengvo dilg\u010diojimo. Apelsin\u0173 \u017eievel\u0117s \u012fne\u0161a gaiv\u0173 citrusin\u012f akcent\u0105.<br data-start=\"496\" data-end=\"499\" \/>Tinka <strong data-start=\"505\" data-end=\"530\">\u012fvairiems patiekalams<\/strong> \u2013 m\u0117sai, dar\u017eov\u0117ms, tro\u0161kiniams, u\u017ekand\u017eiams, grilio patiekalams ar tiesiog pagardinti m\u0117gstamus kasdienius valgius.<\/p>\n<p data-start=\"649\" data-end=\"883\"><strong data-start=\"649\" data-end=\"672\">Sudedamosios dalys:<\/strong> j\u016bros druska 44 %, aitriosios paprikos 27 % (aitrioji paprika, r\u016bkyta jalapeno paprika), pomidorai, juodieji pipirai, si\u010duano pipirai, raudona sald\u017eioji paprika, apelsin\u0173 \u017eievel\u0117s, ypa\u010d tyras alyvuogi\u0173 aliejus.<\/p>\n<p data-start=\"885\" data-end=\"981\"><strong data-start=\"885\" data-end=\"911\">Mal\u016bn\u0117lis daugkartinis<\/strong> \u2013 pasibaigus prieskoniams, tiesiog papildykite savo m\u0117gstamu mi\u0161iniu.<\/p>\n<div class=\"title\">Alergenai:\u00a0Gali tur\u0117ti GLITIMO, GARSTY\u010cI\u0172, SALIER\u0172, SEZAMO, \u017dEM\u0116S RIE\u0160UT\u0172 p\u0117dsak\u0173.<\/div>\n<div class=\"title\">Kilm\u0117s \u0161alis:\u00a0Lietuva<\/div>\n<div class=\"title\">Laikymo s\u0105lygos:\u00a0Sausoje, v\u0117sioje aplinkoje.<\/div>","protected":false},"excerpt":{"rendered":"<p>Prieskoni\u0173 mal\u016bn\u0117lis su aitriaisiais ir r\u016bkytais pipirais \u2013 intensyvaus, d\u016bminio ir ry\u0161kaus skonio mi\u0161inys, sukurtas tiems, kurie m\u0117gsta pikanti\u0161kum\u0105. Aitrioji paprika ir r\u016bkyta jalapeno suteikia sodraus a\u0161trumo, pomidorai ir sald\u017eioji paprika subalansuoja skon\u012f, o juodieji ir si\u010duano pipirai prideda malonaus aromato bei lengvo dilg\u010diojimo. Apelsin\u0173 \u017eievel\u0117s \u012fne\u0161a gaiv\u0173 citrusin\u012f akcent\u0105.Tinka \u012fvairiems patiekalams \u2013 m\u0117sai, dar\u017eov\u0117ms,&#8230;<\/p>","protected":false},"featured_media":35118,"template":"","meta":{"_acf_changed":false},"product_brand":[],"product_cat":[88,68],"product_tag":[],"class_list":{"0":"post-35117","1":"product","2":"type-product","3":"status-publish","4":"has-post-thumbnail","6":"product_cat-naujiena","7":"product_cat-prieskoniai","8":"nt-post-class","9":"","10":"masonry-item","11":"col-lg-6","15":"excerpt-none","19":"first","20":"instock","21":"taxable","22":"shipping-taxable","23":"purchasable","24":"product-type-simple","25":"add-to-wishlist-after_add_to_cart"},"acf":[],"_links":{"self":[{"href":"https:\/\/chiaseklos.lt\/en\/wp-json\/wp\/v2\/product\/35117","targetHints":{"allow":["GET"]}}],"collection":[{"href":"https:\/\/chiaseklos.lt\/en\/wp-json\/wp\/v2\/product"}],"about":[{"href":"https:\/\/chiaseklos.lt\/en\/wp-json\/wp\/v2\/types\/product"}],"wp:featuredmedia":[{"embeddable":true,"href":"https:\/\/chiaseklos.lt\/en\/wp-json\/wp\/v2\/media\/35118"}],"wp:attachment":[{"href":"https:\/\/chiaseklos.lt\/en\/wp-json\/wp\/v2\/media?parent=35117"}],"wp:term":[{"taxonomy":"product_brand","embeddable":true,"href":"https:\/\/chiaseklos.lt\/en\/wp-json\/wp\/v2\/product_brand?post=35117"},{"taxonomy":"product_cat","embeddable":true,"href":"https:\/\/chiaseklos.lt\/en\/wp-json\/wp\/v2\/product_cat?post=35117"},{"taxonomy":"product_tag","embeddable":true,"href":"https:\/\/chiaseklos.lt\/en\/wp-json\/wp\/v2\/product_tag?post=35117"}],"curies":[{"name":"wp","href":"https:\/\/api.w.org\/{rel}","templated":true}]}}