{"id":35113,"date":"2025-11-26T13:21:31","date_gmt":"2025-11-26T13:21:31","guid":{"rendered":"https:\/\/chiaseklos.lt\/?post_type=product&#038;p=35113"},"modified":"2026-03-04T15:17:17","modified_gmt":"2026-03-04T15:17:17","slug":"35113","status":"publish","type":"product","link":"https:\/\/chiaseklos.lt\/en\/product\/35113\/","title":{"rendered":"Prieskoni\u0173 mal\u016bn\u0117lis Druska mango 150g"},"content":{"rendered":"<p data-start=\"106\" data-end=\"630\"><strong data-start=\"106\" data-end=\"153\">Prieskoni\u0173 mal\u016bn\u0117lis su mango ir pomidorais<\/strong> \u2013 spalvingas, aromatingas ir universaliai tinkantis skoni\u0173 derinys. J\u016bros druska susilieja su pomidor\u0173, \u010desnak\u0173 ir \u017eali\u0173j\u0173 pipir\u0173 gaiva, o mango milteliai suteikia lengvo egzoti\u0161kumo. Aitrioji paprika, si\u010duano pipirai, imbieras ir ciber\u017eol\u0117 priduoda subtilaus pikanti\u0161kumo, apelsin\u0173 \u017eievel\u0117s \u2013 gaivaus citrusinio akcento, o liofilizuoti krapai \u012fne\u0161a nat\u016bralios \u017eolelin\u0117s natos.<br data-start=\"531\" data-end=\"534\" \/>Puikiai tinka <strong data-start=\"548\" data-end=\"573\">\u012fvairiems patiekalams<\/strong> \u2013 nuo dar\u017eovi\u0173 ir salot\u0173 iki m\u0117sos, \u017euvies ar u\u017ekand\u017ei\u0173.<\/p>\n<p data-start=\"632\" data-end=\"897\"><strong data-start=\"632\" data-end=\"655\">Sudedamosios dalys:<\/strong> j\u016bros druska 62 %, pomidorai, \u010desnakai, \u017ealieji pipirai, mango milteliai 4 %, aitrioji paprika, si\u010duano pipirai, cukranendri\u0173 cukrus, apelsin\u0173 \u017eievel\u0117s, ypa\u010d tyras alyvuogi\u0173 aliejus, citrin\u0173 r\u016bg\u0161tis, liofilizuoti krapai, imbierai, ciber\u017eol\u0117.<\/p>\n<p data-start=\"899\" data-end=\"1008\"><strong data-start=\"899\" data-end=\"925\">Mal\u016bn\u0117lis daugkartinis<\/strong> \u2013 kai prieskoniai baigiasi, papildykite savo m\u0117gstamu mi\u0161iniu ir naudokite toliau.<\/p>\n<div class=\"title\">Alergenai:\u00a0Gali tur\u0117ti GLITIMO, SEZAMO, GARSTY\u010cI\u0172, SALIER\u0172, \u017dEM\u0116S RIE\u0160UT\u0172 p\u0117dsak\u0173.<\/div>\n<div class=\"title\">Kilm\u0117s \u0161alis:\u00a0Lietuva<\/div>\n<div class=\"title\">Laikymo s\u0105lygos:\u00a0Sausoje, v\u0117sioje aplinkoje.<\/div>","protected":false},"excerpt":{"rendered":"<p>Prieskoni\u0173 mal\u016bn\u0117lis su mango ir pomidorais \u2013 spalvingas, aromatingas ir universaliai tinkantis skoni\u0173 derinys. J\u016bros druska susilieja su pomidor\u0173, \u010desnak\u0173 ir \u017eali\u0173j\u0173 pipir\u0173 gaiva, o mango milteliai suteikia lengvo egzoti\u0161kumo. Aitrioji paprika, si\u010duano pipirai, imbieras ir ciber\u017eol\u0117 priduoda subtilaus pikanti\u0161kumo, apelsin\u0173 \u017eievel\u0117s \u2013 gaivaus citrusinio akcento, o liofilizuoti krapai \u012fne\u0161a nat\u016bralios \u017eolelin\u0117s natos.Puikiai tinka \u012fvairiems&#8230;<\/p>","protected":false},"featured_media":35114,"template":"","meta":{"_acf_changed":false},"product_brand":[],"product_cat":[88,68],"product_tag":[],"class_list":{"0":"post-35113","1":"product","2":"type-product","3":"status-publish","4":"has-post-thumbnail","6":"product_cat-naujiena","7":"product_cat-prieskoniai","8":"nt-post-class","9":"","10":"masonry-item","11":"col-lg-6","15":"excerpt-none","19":"first","20":"instock","21":"taxable","22":"shipping-taxable","23":"purchasable","24":"product-type-simple","25":"add-to-wishlist-after_add_to_cart"},"acf":[],"_links":{"self":[{"href":"https:\/\/chiaseklos.lt\/en\/wp-json\/wp\/v2\/product\/35113","targetHints":{"allow":["GET"]}}],"collection":[{"href":"https:\/\/chiaseklos.lt\/en\/wp-json\/wp\/v2\/product"}],"about":[{"href":"https:\/\/chiaseklos.lt\/en\/wp-json\/wp\/v2\/types\/product"}],"wp:featuredmedia":[{"embeddable":true,"href":"https:\/\/chiaseklos.lt\/en\/wp-json\/wp\/v2\/media\/35114"}],"wp:attachment":[{"href":"https:\/\/chiaseklos.lt\/en\/wp-json\/wp\/v2\/media?parent=35113"}],"wp:term":[{"taxonomy":"product_brand","embeddable":true,"href":"https:\/\/chiaseklos.lt\/en\/wp-json\/wp\/v2\/product_brand?post=35113"},{"taxonomy":"product_cat","embeddable":true,"href":"https:\/\/chiaseklos.lt\/en\/wp-json\/wp\/v2\/product_cat?post=35113"},{"taxonomy":"product_tag","embeddable":true,"href":"https:\/\/chiaseklos.lt\/en\/wp-json\/wp\/v2\/product_tag?post=35113"}],"curies":[{"name":"wp","href":"https:\/\/api.w.org\/{rel}","templated":true}]}}