{"id":35103,"date":"2025-11-26T13:10:41","date_gmt":"2025-11-26T13:10:41","guid":{"rendered":"https:\/\/chiaseklos.lt\/?post_type=product&#038;p=35103"},"modified":"2026-02-23T12:12:32","modified_gmt":"2026-02-23T12:12:32","slug":"prieskoniu-malunelis-druska-su-roziu-ziedlapiais-200g","status":"publish","type":"product","link":"https:\/\/chiaseklos.lt\/en\/product\/prieskoniu-malunelis-druska-su-roziu-ziedlapiais-200g\/","title":{"rendered":"Prieskoni\u0173 mal\u016bn\u0117lis Druska su ro\u017ei\u0173 \u017eiedlapiais 200g"},"content":{"rendered":"<p>Prieskoni\u0173 mal\u016bn\u0117lis Druska su ro\u017ei\u0173 \u017eiedlapiais 200g<\/p>\n<p data-start=\"154\" data-end=\"436\"><strong data-start=\"154\" data-end=\"199\">Prieskoni\u0173 mal\u016bn\u0117lis su ro\u017ei\u0173 \u017eiedlapiais<\/strong> \u2013 subtilaus, lengvai g\u0117li\u0161ko aromato druskos mi\u0161inys, suteikiantis patiekalams elegancijos ir i\u0161skirtinumo. Puikiai tinka pauk\u0161tienai, \u017euviai, salotoms, dar\u017eov\u0117ms, u\u017ekand\u017eiams ir net desertams, kuriems norisi \u0161velnaus prabangos akcento.<\/p>\n<p data-start=\"438\" data-end=\"502\"><strong data-start=\"438\" data-end=\"461\">Sudedamosios dalys:<\/strong> j\u016bros druska 98 %, ro\u017ei\u0173 \u017eiedlapiai 2 %.<\/p>\n<p data-start=\"504\" data-end=\"615\"><strong data-start=\"504\" data-end=\"530\">Mal\u016bn\u0117lis daugkartinis<\/strong> \u2013 pasibaigus druskai, tiesiog papildykite savo m\u0117gstamu mi\u0161iniu ir naudokite toliau.<\/p>\n<div class=\"title\">Sudedamosios dalys;\u00a0J\u016bros druska 98 %, ro\u017ei\u0173 \u017eiedlapiai 2 %.<\/div>\n<div class=\"title\">Alergenai:\u00a0Gali tur\u0117ti GLITIMO, SEZAMO, GARSTY\u010cI\u0172, SALIER\u0172, \u017dEM\u0116S RIE\u0160UT\u0172 p\u0117dsak\u0173.<\/div>\n<div class=\"title\">Kilm\u0117s \u0161alis:\u00a0Lietuva<\/div>\n<div class=\"title\">Laikymo s\u0105lygos:\u00a0Sausoje, v\u0117sioje aplinkoje.<\/div>","protected":false},"excerpt":{"rendered":"<p>Prieskoni\u0173 mal\u016bn\u0117lis Druska su ro\u017ei\u0173 \u017eiedlapiais 200g Prieskoni\u0173 mal\u016bn\u0117lis su ro\u017ei\u0173 \u017eiedlapiais \u2013 subtilaus, lengvai g\u0117li\u0161ko aromato druskos mi\u0161inys, suteikiantis patiekalams elegancijos ir i\u0161skirtinumo. Puikiai tinka pauk\u0161tienai, \u017euviai, salotoms, dar\u017eov\u0117ms, u\u017ekand\u017eiams ir net desertams, kuriems norisi \u0161velnaus prabangos akcento. Sudedamosios dalys: j\u016bros druska 98 %, ro\u017ei\u0173 \u017eiedlapiai 2 %. Mal\u016bn\u0117lis daugkartinis \u2013 pasibaigus druskai, tiesiog&#8230;<\/p>","protected":false},"featured_media":35105,"template":"","meta":{"_acf_changed":false},"product_brand":[],"product_cat":[88,68],"product_tag":[],"class_list":{"0":"post-35103","1":"product","2":"type-product","3":"status-publish","4":"has-post-thumbnail","6":"product_cat-naujiena","7":"product_cat-prieskoniai","8":"nt-post-class","9":"","10":"masonry-item","11":"col-lg-6","15":"excerpt-none","19":"first","20":"instock","21":"taxable","22":"shipping-taxable","23":"purchasable","24":"product-type-simple","25":"add-to-wishlist-after_add_to_cart"},"acf":[],"_links":{"self":[{"href":"https:\/\/chiaseklos.lt\/en\/wp-json\/wp\/v2\/product\/35103","targetHints":{"allow":["GET"]}}],"collection":[{"href":"https:\/\/chiaseklos.lt\/en\/wp-json\/wp\/v2\/product"}],"about":[{"href":"https:\/\/chiaseklos.lt\/en\/wp-json\/wp\/v2\/types\/product"}],"wp:featuredmedia":[{"embeddable":true,"href":"https:\/\/chiaseklos.lt\/en\/wp-json\/wp\/v2\/media\/35105"}],"wp:attachment":[{"href":"https:\/\/chiaseklos.lt\/en\/wp-json\/wp\/v2\/media?parent=35103"}],"wp:term":[{"taxonomy":"product_brand","embeddable":true,"href":"https:\/\/chiaseklos.lt\/en\/wp-json\/wp\/v2\/product_brand?post=35103"},{"taxonomy":"product_cat","embeddable":true,"href":"https:\/\/chiaseklos.lt\/en\/wp-json\/wp\/v2\/product_cat?post=35103"},{"taxonomy":"product_tag","embeddable":true,"href":"https:\/\/chiaseklos.lt\/en\/wp-json\/wp\/v2\/product_tag?post=35103"}],"curies":[{"name":"wp","href":"https:\/\/api.w.org\/{rel}","templated":true}]}}