{"id":35099,"date":"2025-11-26T13:03:50","date_gmt":"2025-11-26T13:03:50","guid":{"rendered":"https:\/\/chiaseklos.lt\/?post_type=product&#038;p=35099"},"modified":"2025-12-15T07:59:01","modified_gmt":"2025-12-15T07:59:01","slug":"prieskoniu-malunelis-prieskoniu-misinys-ne-tik-avokadui","status":"publish","type":"product","link":"https:\/\/chiaseklos.lt\/en\/product\/prieskoniu-malunelis-prieskoniu-misinys-ne-tik-avokadui\/","title":{"rendered":"Prieskoni\u0173 mal\u016bn\u0117lis Prieskoni\u0173 mi\u0161inys NE TIK AVOKADUI 120g"},"content":{"rendered":"<p>Prieskoni\u0173 mal\u016bn\u0117lis Prieskoni\u0173 mi\u0161inys NE TIK AVOKADUI<\/p>\n<p data-start=\"102\" data-end=\"323\"><strong data-start=\"102\" data-end=\"144\">Prieskoni\u0173 mal\u016bn\u0117lis \u201eNE TIK AVOKADUI\u201c<\/strong> \u2013 gaivus ir aromatingas j\u016bros druskos, pomidor\u0173, \u010desnako, svog\u016bno, sezamo, pipir\u0173 ir citrinos \u017eieveli\u0173 mi\u0161inys.<br data-start=\"256\" data-end=\"259\" \/>Tinka avokadui, salotoms, dar\u017eov\u0117ms, bulv\u0117ms, \u017euviai ir m\u0117sai.<\/p>\n<p data-start=\"325\" data-end=\"415\"><strong data-start=\"325\" data-end=\"415\">Mal\u016bn\u0117l\u012f galite naudoti daug kart\u0173 \u2013 tiesiog papildykite savo m\u0117gstamais prieskoniais!<\/strong><\/p>\n<div class=\"title\">Sudedamosios dalys:\u00a0J\u016bros druska, pomidorai, SEZAMO s\u0117klos, \u010desnakai, svog\u016bnai, kalendra, juodieji pipirai, aitrioji paprika, kvapioji med\u017eiaga, citrin\u0173 \u017eievel\u0117s, ypa\u010d tyras alyvuogi\u0173 aliejus, r\u016bg\u0161tingum\u0105 reguliuojanti med\u017eiaga citrin\u0173 r\u016bg\u0161tis.<\/div>\n<div class=\"title\">Alergenai:\u00a0Gali tur\u0117ti GLITIMO, GARSTY\u010cI\u0172, SALIER\u0172, \u017dEM\u0116S RIE\u0160UT\u0172 p\u0117dsak\u0173.<\/div>\n<div><\/div>\n<div class=\"title\">Kilm\u0117s \u0161alis:\u00a0Lietuva<\/div>\n<div class=\"title\">Laikymo s\u0105lygos:\u00a0Sausoje, v\u0117sioje aplinkoje.<\/div>","protected":false},"excerpt":{"rendered":"<p>Prieskoni\u0173 mal\u016bn\u0117lis Prieskoni\u0173 mi\u0161inys NE TIK AVOKADUI Prieskoni\u0173 mal\u016bn\u0117lis \u201eNE TIK AVOKADUI\u201c \u2013 gaivus ir aromatingas j\u016bros druskos, pomidor\u0173, \u010desnako, svog\u016bno, sezamo, pipir\u0173 ir citrinos \u017eieveli\u0173 mi\u0161inys.Tinka avokadui, salotoms, dar\u017eov\u0117ms, bulv\u0117ms, \u017euviai ir m\u0117sai. Mal\u016bn\u0117l\u012f galite naudoti daug kart\u0173 \u2013 tiesiog papildykite savo m\u0117gstamais prieskoniais! Sudedamosios dalys:\u00a0J\u016bros druska, pomidorai, SEZAMO s\u0117klos, \u010desnakai, svog\u016bnai, kalendra, juodieji&#8230;<\/p>","protected":false},"featured_media":35100,"template":"","meta":{"_acf_changed":false},"product_brand":[],"product_cat":[88,68],"product_tag":[],"class_list":{"0":"post-35099","1":"product","2":"type-product","3":"status-publish","4":"has-post-thumbnail","6":"product_cat-naujiena","7":"product_cat-prieskoniai","8":"nt-post-class","9":"","10":"masonry-item","11":"col-lg-6","15":"excerpt-none","19":"first","20":"instock","21":"taxable","22":"shipping-taxable","23":"purchasable","24":"product-type-simple","25":"add-to-wishlist-after_add_to_cart"},"acf":[],"_links":{"self":[{"href":"https:\/\/chiaseklos.lt\/en\/wp-json\/wp\/v2\/product\/35099","targetHints":{"allow":["GET"]}}],"collection":[{"href":"https:\/\/chiaseklos.lt\/en\/wp-json\/wp\/v2\/product"}],"about":[{"href":"https:\/\/chiaseklos.lt\/en\/wp-json\/wp\/v2\/types\/product"}],"wp:featuredmedia":[{"embeddable":true,"href":"https:\/\/chiaseklos.lt\/en\/wp-json\/wp\/v2\/media\/35100"}],"wp:attachment":[{"href":"https:\/\/chiaseklos.lt\/en\/wp-json\/wp\/v2\/media?parent=35099"}],"wp:term":[{"taxonomy":"product_brand","embeddable":true,"href":"https:\/\/chiaseklos.lt\/en\/wp-json\/wp\/v2\/product_brand?post=35099"},{"taxonomy":"product_cat","embeddable":true,"href":"https:\/\/chiaseklos.lt\/en\/wp-json\/wp\/v2\/product_cat?post=35099"},{"taxonomy":"product_tag","embeddable":true,"href":"https:\/\/chiaseklos.lt\/en\/wp-json\/wp\/v2\/product_tag?post=35099"}],"curies":[{"name":"wp","href":"https:\/\/api.w.org\/{rel}","templated":true}]}}