{"id":33452,"date":"2025-10-08T11:51:22","date_gmt":"2025-10-08T11:51:22","guid":{"rendered":"https:\/\/chiaseklos.lt\/?post_type=product&#038;p=33452"},"modified":"2026-01-20T20:49:23","modified_gmt":"2026-01-20T20:49:23","slug":"grelia-0-3-alyvuogiu-aliejus-su-cili-pipirais-250ml","status":"publish","type":"product","link":"https:\/\/chiaseklos.lt\/en\/product\/grelia-0-3-alyvuogiu-aliejus-su-cili-pipirais-250ml\/","title":{"rendered":"\u201eGrelia 0.3\u201d alyvuogi\u0173 aliejus su \u010dili pipirais 250ml."},"content":{"rendered":"<h3 class=\"product_title entry-title\">\u201eGrelia 0.3\u201d alyvuogi\u0173 aliejus su \u010dili pipirais<\/h3>\n<p>Alyvuogi\u0173 aliejus su \u010dili pipirais i\u0161gaunamas i\u0161 tiesiogiai atrinkt\u0173 alyvuogi\u0173 ir tik mechanin\u0117mis priemon\u0117mis. Idealiai tinka pada\u017eams ir marinatams.<\/p>\n<p><strong>Sud\u0117tis:\u00a0<\/strong>ypa\u010d grynas alyvuogi\u0173 aliejus (96%), a\u0161tr\u016bs \u010dili pipirai (4%).<\/p>\n<p><strong>Maistin\u0117 vert\u0117:<\/strong><\/p>\n<p>100 ml: energin\u0117 vert\u0117: 828 Kcal\/ 3467 kJ, Riebal\u0173 92 g, i\u0161 kuri\u0173: so\u010di\u0173j\u0173 riebal\u0173 r\u016bg\u0161\u010di\u0173 13 g, mononeso\u010di\u0173j\u0173 riebal\u0173 r\u016bg\u0161\u010di\u0173 73 g, polineso\u010di\u0173j\u0173 riebal\u0173 r\u016bg\u0161\u010di\u0173 6 g. Angliavandeni\u0173 0 g, i\u0161 kuri\u0173 cukrus \u2013 0 g, Baltym\u0173 \u2013 0 g, Druskos \u2013 0 g.<\/p>\n<p><strong>Laikymo s\u0105lygos:<\/strong>\u00a0laikyti sausoje ir v\u0117sioje vietoje, toliau nuo \u0161viesos ir kar\u0161\u010dio \u0161altini\u0173. Esant \u017eemesnei nei +7\u00ba C laipsni\u0173 temperat\u016brai, produkte gali atsirasti tir\u0161t\u0173 nuos\u0117d\u0173. Nuos\u0117dos i\u0161nyks auk\u0161tesn\u0117je nei 7\u00ba C temperat\u016broje. Tai nat\u016bralus procesas, ne\u012ftakojantis produkto kokyb\u0117s.<\/p>\n<p><strong>R\u016bg\u0161tingumas \u2013 0,80% max;<\/strong><\/p>\n<p><strong>Gamintojas:<\/strong>\u00a0Gold Grelia LP Kreta, Graikija<\/p>","protected":false},"excerpt":{"rendered":"<p>\u201eGrelia 0.3\u201d alyvuogi\u0173 aliejus su \u010dili pipirais Alyvuogi\u0173 aliejus su \u010dili pipirais i\u0161gaunamas i\u0161 tiesiogiai atrinkt\u0173 alyvuogi\u0173 ir tik mechanin\u0117mis priemon\u0117mis. Idealiai tinka pada\u017eams ir marinatams. Sud\u0117tis:\u00a0ypa\u010d grynas alyvuogi\u0173 aliejus (96%), a\u0161tr\u016bs \u010dili pipirai (4%). Maistin\u0117 vert\u0117: 100 ml: energin\u0117 vert\u0117: 828 Kcal\/ 3467 kJ, Riebal\u0173 92 g, i\u0161 kuri\u0173: so\u010di\u0173j\u0173 riebal\u0173 r\u016bg\u0161\u010di\u0173 13 g,&#8230;<\/p>","protected":false},"featured_media":33453,"template":"","meta":{"_acf_changed":false},"product_brand":[],"product_cat":[101,88],"product_tag":[],"class_list":{"0":"post-33452","1":"product","2":"type-product","3":"status-publish","4":"has-post-thumbnail","6":"product_cat-aliejus","7":"product_cat-naujiena","8":"nt-post-class","9":"","10":"masonry-item","11":"col-lg-6","15":"excerpt-none","19":"first","20":"instock","21":"taxable","22":"shipping-taxable","23":"purchasable","24":"product-type-simple","25":"add-to-wishlist-after_add_to_cart"},"acf":[],"_links":{"self":[{"href":"https:\/\/chiaseklos.lt\/en\/wp-json\/wp\/v2\/product\/33452","targetHints":{"allow":["GET"]}}],"collection":[{"href":"https:\/\/chiaseklos.lt\/en\/wp-json\/wp\/v2\/product"}],"about":[{"href":"https:\/\/chiaseklos.lt\/en\/wp-json\/wp\/v2\/types\/product"}],"wp:featuredmedia":[{"embeddable":true,"href":"https:\/\/chiaseklos.lt\/en\/wp-json\/wp\/v2\/media\/33453"}],"wp:attachment":[{"href":"https:\/\/chiaseklos.lt\/en\/wp-json\/wp\/v2\/media?parent=33452"}],"wp:term":[{"taxonomy":"product_brand","embeddable":true,"href":"https:\/\/chiaseklos.lt\/en\/wp-json\/wp\/v2\/product_brand?post=33452"},{"taxonomy":"product_cat","embeddable":true,"href":"https:\/\/chiaseklos.lt\/en\/wp-json\/wp\/v2\/product_cat?post=33452"},{"taxonomy":"product_tag","embeddable":true,"href":"https:\/\/chiaseklos.lt\/en\/wp-json\/wp\/v2\/product_tag?post=33452"}],"curies":[{"name":"wp","href":"https:\/\/api.w.org\/{rel}","templated":true}]}}