{"id":33430,"date":"2025-10-07T13:21:07","date_gmt":"2025-10-07T13:21:07","guid":{"rendered":"https:\/\/chiaseklos.lt\/?post_type=product&#038;p=33430"},"modified":"2026-04-09T07:05:12","modified_gmt":"2026-04-09T07:05:12","slug":"alyvuogiu-aliejus-grelia-0-3","status":"publish","type":"product","link":"https:\/\/chiaseklos.lt\/en\/product\/alyvuogiu-aliejus-grelia-0-3\/","title":{"rendered":"Alyvuogi\u0173 aliejus \u201eGrelia 0.3\u201d"},"content":{"rendered":"<h3 data-start=\"219\" data-end=\"299\">Alyvuogi\u0173 aliejus \u201eGrelia 0.3\u201c \u2013 auk\u0161\u010diausios kokyb\u0117s Extra Virgin i\u0161 Kretos<\/h3>\n<p data-start=\"301\" data-end=\"707\">Alyvuogi\u0173 aliejus \u201eGrelia 0.3\u201c \u2013 tai auk\u0161\u010diausios kokyb\u0117s <strong data-start=\"359\" data-end=\"393\">Extra Virgin alyvuogi\u0173 aliejus<\/strong>, pagamintas i\u0161 Kretos saloje augan\u010di\u0173 Koroneiki veisl\u0117s alyvuogi\u0173. \u0160ios alyvuog\u0117s gars\u0117ja intensyviu aromatu, dideliu antioksidant\u0173 kiekiu ir puikiomis skonio savyb\u0117mis. Aliejus spaud\u017eiamas \u0161altuoju b\u016bdu, naudojant tik mechanines priemones, tod\u0117l i\u0161saugoma nat\u016brali maistin\u0117 vert\u0117, skonis ir naudingosios savyb\u0117s.<\/p>\n<p data-start=\"709\" data-end=\"1025\">\u201eGrelia 0.3\u201c pasi\u017eymi itin ma\u017eu r\u016bg\u0161tingumu \u2013 tik iki 0,30 %, kas rodo labai auk\u0161t\u0105 produkto kokyb\u0119 ir \u0161vie\u017eum\u0105. Skonis yra subalansuotas, \u0161velniai kartus su maloniu pipiriniu poskoniu, b\u016bdingu auk\u0161\u010diausios klas\u0117s pirmojo spaudimo alyvuogi\u0173 aliejui. Aromate jau\u010diamos \u017eol\u0117s, \u017eali\u0173 alyvuogi\u0173 ir \u0161vie\u017ei\u0173 \u017eoleli\u0173 natos.<\/p>\n<p data-start=\"1027\" data-end=\"1414\">\u0160is Extra Virgin alyvuogi\u0173 aliejus yra universalus \u2013 puikiai tinka tiek \u0161altam vartojimui, tiek maisto ruo\u0161imui. Juo galima gardinti salotas, dar\u017eoves, makaronus, sriubas, \u017euvies ar m\u0117sos patiekalus. Taip pat tinka kepimui, nes pasi\u017eymi stabilia riebal\u0173 strukt\u016bra ir atsparumu auk\u0161tesnei temperat\u016brai. \u201eGrelia 0.3\u201c suteikia patiekalams sodresn\u012f skon\u012f ir pagerina bendr\u0105 patiekal\u0173 kokyb\u0119.<\/p>\n<p data-start=\"1416\" data-end=\"1799\">Maistiniu po\u017ei\u016briu alyvuogi\u0173 aliejus \u201eGrelia 0.3\u201c yra vertingas mononeso\u010di\u0173j\u0173 riebal\u0173 r\u016bg\u0161\u010di\u0173 \u0161altinis. \u0160ios riebal\u0173 r\u016bg\u0161tys padeda palaikyti normali\u0105 \u0161irdies ir kraujagysli\u0173 sistemos veikl\u0105, prisideda prie gerojo cholesterolio lygio palaikymo ir bendrai subalansuotos mitybos. Aliejuje n\u0117ra angliavandeni\u0173, cukraus ar druskos, tod\u0117l jis puikiai tinka \u012fvairioms mitybos strategijoms.<\/p>\n<p data-start=\"1801\" data-end=\"2060\">Laikyti rekomenduojama kambario temperat\u016broje, saugant nuo tiesiogini\u0173 saul\u0117s spinduli\u0173. Esant \u017eemesnei nei +7 \u00b0C temperat\u016brai, gali atsirasti nat\u016brali\u0173 nuos\u0117d\u0173, kurios i\u0161nyksta aliejui su\u0161ilus. Tai nat\u016bralus procesas, visi\u0161kai ne\u012ftakojantis produkto kokyb\u0117s.<\/p>\n<p data-start=\"2062\" data-end=\"2217\" data-is-last-node=\"\" data-is-only-node=\"\">\u201eGrelia 0.3\u201c \u2013 tai autenti\u0161kas, \u0161varus ir auk\u0161\u010diausios klas\u0117s Extra Virgin alyvuogi\u0173 aliejus i\u0161 Kretos, skirtas tiems, kurie vertina tikr\u0105 skon\u012f ir kokyb\u0119.<\/p>\n<p><strong>Maistin\u0117 vert\u0117:<\/strong><\/p>\n<p>100 ml: energetin\u0117 vert\u0117: 828 kcal\/ 3467 Kj, Riebal\u0173 92 g, i\u0161 kuri\u0173: so\u010di\u0173j\u0173 riebal\u0173 r\u016bg\u0161\u010di\u0173 13 g, mononeso\u010di\u0173j\u0173 riebal\u0173 r\u016bg\u0161\u010di\u0173 73 g, polineso\u010di\u0173j\u0173 riebal\u0173 r\u016bg\u0161\u010di\u0173 6 g. Angliavandeni\u0173 0 g, i\u0161 kuri\u0173 cukr\u0173 \u2013 0 g, baltym\u0173 \u2013 0 g, druskos \u2013 0 g.<\/p>\n<p><strong>Laikymo s\u0105lygos:<\/strong>\u00a0laikyti kambario temperat\u016broje, saugoti nuo tiesiogini\u0173 saul\u0117s spinduli\u0173. Esant \u017eemesnei nei +7\u00ba C laipsni\u0173 temperat\u016brai, produkte gali atsirasti tir\u0161t\u0173 nuos\u0117d\u0173. Nuos\u0117dos i\u0161nyks auk\u0161tesn\u0117je nei 7\u00ba C temperat\u016broje. Tai nat\u016bralus procesas, ne\u012ftakojantis produkto kokyb\u0117s.<\/p>\n<p><strong>R\u016bg\u0161tingumas \u2013 0,30% max;<\/strong><\/p>\n<p><strong>Peroksid\u0173 skai\u010dius<\/strong>\u00a0\u2013 \u226420mEqO2\/Kg;<\/p>\n<p><strong>Va\u0161ko kiekis<\/strong>\u00a0-\u2264150mg\/lit;<\/p>\n<p><strong>Ultravioletini\u0173 spinduli\u0173 absorbcija:<\/strong>\u00a0K270 \u2013 \u22640,220; K232 \u2013 \u22642,50; DK \u2013 \u22640,010<\/p>\n<p><strong>Gamintojas:<\/strong>\u00a0GOLD GRELIA E.E. EL-40-313 (2024 m. rudens derlius).<\/p>","protected":false},"excerpt":{"rendered":"<p>Alyvuogi\u0173 aliejus \u201eGrelia 0.3\u201c \u2013 auk\u0161\u010diausios kokyb\u0117s Extra Virgin i\u0161 Kretos Alyvuogi\u0173 aliejus \u201eGrelia 0.3\u201c \u2013 tai auk\u0161\u010diausios kokyb\u0117s Extra Virgin alyvuogi\u0173 aliejus, pagamintas i\u0161 Kretos saloje augan\u010di\u0173 Koroneiki veisl\u0117s alyvuogi\u0173. \u0160ios alyvuog\u0117s gars\u0117ja intensyviu aromatu, dideliu antioksidant\u0173 kiekiu ir puikiomis skonio savyb\u0117mis. Aliejus spaud\u017eiamas \u0161altuoju b\u016bdu, naudojant tik mechanines priemones, tod\u0117l i\u0161saugoma nat\u016brali maistin\u0117&#8230;<\/p>","protected":false},"featured_media":33431,"template":"","meta":{"_acf_changed":false},"product_brand":[],"product_cat":[70,101,88],"product_tag":[],"class_list":{"0":"post-33430","1":"product","2":"type-product","3":"status-publish","4":"has-post-thumbnail","6":"product_cat-akcijos","7":"product_cat-aliejus","8":"product_cat-naujiena","9":"nt-post-class","10":"","11":"masonry-item","12":"col-lg-6","16":"excerpt-none","20":"first","21":"instock","22":"sale","23":"taxable","24":"shipping-taxable","25":"purchasable","26":"product-type-variable","27":"add-to-wishlist-after_add_to_cart"},"acf":[],"_links":{"self":[{"href":"https:\/\/chiaseklos.lt\/en\/wp-json\/wp\/v2\/product\/33430","targetHints":{"allow":["GET"]}}],"collection":[{"href":"https:\/\/chiaseklos.lt\/en\/wp-json\/wp\/v2\/product"}],"about":[{"href":"https:\/\/chiaseklos.lt\/en\/wp-json\/wp\/v2\/types\/product"}],"wp:featuredmedia":[{"embeddable":true,"href":"https:\/\/chiaseklos.lt\/en\/wp-json\/wp\/v2\/media\/33431"}],"wp:attachment":[{"href":"https:\/\/chiaseklos.lt\/en\/wp-json\/wp\/v2\/media?parent=33430"}],"wp:term":[{"taxonomy":"product_brand","embeddable":true,"href":"https:\/\/chiaseklos.lt\/en\/wp-json\/wp\/v2\/product_brand?post=33430"},{"taxonomy":"product_cat","embeddable":true,"href":"https:\/\/chiaseklos.lt\/en\/wp-json\/wp\/v2\/product_cat?post=33430"},{"taxonomy":"product_tag","embeddable":true,"href":"https:\/\/chiaseklos.lt\/en\/wp-json\/wp\/v2\/product_tag?post=33430"}],"curies":[{"name":"wp","href":"https:\/\/api.w.org\/{rel}","templated":true}]}}