{"id":32759,"date":"2025-09-03T07:19:22","date_gmt":"2025-09-03T07:19:22","guid":{"rendered":"https:\/\/chiaseklos.lt\/?post_type=product&#038;p=32759"},"modified":"2026-04-17T07:55:01","modified_gmt":"2026-04-17T07:55:01","slug":"jogurto-raugas-probio-4x10g","status":"publish","type":"product","link":"https:\/\/chiaseklos.lt\/en\/product\/jogurto-raugas-probio-4x10g\/","title":{"rendered":"Jogurto raugas PROBIO, 4\u00d71,0g"},"content":{"rendered":"<h3 class=\"product_title entry-title wd-entities-title\">Jogurto raugas PROBIO, 4\u00d71,0g<\/h3>\n<p>Probio jogurtas puiki priemon\u0117 mikrofloros atkurimui ir vir\u0161kinimo proces\u0173 normalizavimui. \u0160is jogurtas padeda grei\u010diau pa\u0161alinti i\u0161 organizmo nepageidaujamas bakterijas, pagerina peristaltik\u0105, u\u017ekerta keli\u0105 viduri\u0173 u\u017ekiet\u0117jimui.\u00a0 Turi labai didel\u0119 koncentracij\u0105 \u017emogui nauding\u0173 draugi\u0161k\u0173 bakterij\u0173. \u0160is raugas puikiai tinka ne tik jogurtui gaminti, bet ir vartoti gryn\u0105, kaip probiotik\u0105.<\/p>\n<p><strong>Sudedamosios dalys<\/strong>: Streptococcus thermophilus, Lactobacillus delbrueckii ssp. Bulgaricus, Lactobacillus acidophilus (2 kamienai), Bifidobacterium lactis (2 kamienai), Lactobacillus casei, Lactobacillus rhamnosus, Lactobacillus paracasei, Bifidobacterium infantis<\/p>\n<p><strong>Paruo\u0161imas:<\/strong>\u00a0Pagaminti namin\u012f jogurt\u0105 labai paprasta. Jums reik\u0117s pieno (arba augalinio pieno), raugo, puodo ir rank\u0161luos\u010dio. Paruo\u0161imas u\u017etrunka 10-15 minu\u010di\u0173, jogurto rauginimas 8 valandas.<\/p>\n<p>\u012e \u0161ilt\u0105 pien\u0105 (40 \u00b0\u0421 \u2013 \u0161iek tiek \u0161il\u010diau u\u017e k\u016bno temperat\u016br\u0105), suberkite raugo pakel\u012f ir i\u0161mai\u0161ykite. Jeigu naudojate augalin\u012f pien\u0105, atkreipkite d\u0117mes\u012f \u012f jo sud\u0117t\u012f. Joje netur\u0117t\u0173 b\u016bti joki\u0173 pried\u0173 tik gr\u016bdai\/s\u0117klos\/rie\u0161utai ir vanduo (pvz. soj\u0173 pupel\u0117s ir vanduo, migdolai ir vanduo). Vieno pakelio raugo u\u017etenka 1-3l pieno. Labai svarbu pradaryt\u0105 pakel\u012f sunaudoti nedelsiant.<\/p>\n<p>Paruo\u0161t\u0105 pien\u0105 u\u017edenkite ir apvyniokite puod\u0105 dideliu rank\u0161luos\u010diu bei palikite rauginti \u0161iltoje vietoje 6-8 valandoms. Paruo\u0161t\u0105 jogurt\u0105 laikykite \u0161aldytuve.<\/p>\n<p>Jus taip pat galite paruo\u0161ti jogurt\u0105 jogurtin\u0117je arba daugiafunkciniame puode, turin\u010diame re\u017eim\u0105 \u201cjogurtas\u201d arba \u201c40\u00b0\u0421\u201d.<\/p>\n<p>\u0160\u012f raug\u0105 taip pat galima naudoti ir kaip probiotik\u0105, norint atstatyti \u017earnyno mikroflor\u0105 bei normalizuoti vir\u0161kinim\u0105. Vien\u0105 pakel\u012f i\u0161tirpinkite stiklin\u0117je virinto vandens, atv\u0117sinto iki kambario temperat\u016bros. Vartokite 1 pakel\u012f 1-2 kartus per dien\u0105 po valgio.<\/p>\n<p>Kilm\u0117s \u0161alis:\u00a0<strong>Ukraina\u00a0<\/strong><\/p>","protected":false},"excerpt":{"rendered":"<p>Jogurto raugas PROBIO, 4\u00d71,0g Probio jogurtas puiki priemon\u0117 mikrofloros atkurimui ir vir\u0161kinimo proces\u0173 normalizavimui. \u0160is jogurtas padeda grei\u010diau pa\u0161alinti i\u0161 organizmo nepageidaujamas bakterijas, pagerina peristaltik\u0105, u\u017ekerta keli\u0105 viduri\u0173 u\u017ekiet\u0117jimui.\u00a0 Turi labai didel\u0119 koncentracij\u0105 \u017emogui nauding\u0173 draugi\u0161k\u0173 bakterij\u0173. \u0160is raugas puikiai tinka ne tik jogurtui gaminti, bet ir vartoti gryn\u0105, kaip probiotik\u0105. Sudedamosios dalys: Streptococcus thermophilus,&#8230;<\/p>","protected":false},"featured_media":32760,"template":"","meta":{"_acf_changed":false},"product_brand":[],"product_cat":[88,113],"product_tag":[],"class_list":{"0":"post-32759","1":"product","2":"type-product","3":"status-publish","4":"has-post-thumbnail","6":"product_cat-naujiena","7":"product_cat-sausi-pusryciai","8":"nt-post-class","9":"","10":"masonry-item","11":"col-lg-6","15":"excerpt-none","19":"first","20":"instock","21":"taxable","22":"shipping-taxable","23":"purchasable","24":"product-type-simple","25":"add-to-wishlist-after_add_to_cart"},"acf":[],"_links":{"self":[{"href":"https:\/\/chiaseklos.lt\/en\/wp-json\/wp\/v2\/product\/32759","targetHints":{"allow":["GET"]}}],"collection":[{"href":"https:\/\/chiaseklos.lt\/en\/wp-json\/wp\/v2\/product"}],"about":[{"href":"https:\/\/chiaseklos.lt\/en\/wp-json\/wp\/v2\/types\/product"}],"wp:featuredmedia":[{"embeddable":true,"href":"https:\/\/chiaseklos.lt\/en\/wp-json\/wp\/v2\/media\/32760"}],"wp:attachment":[{"href":"https:\/\/chiaseklos.lt\/en\/wp-json\/wp\/v2\/media?parent=32759"}],"wp:term":[{"taxonomy":"product_brand","embeddable":true,"href":"https:\/\/chiaseklos.lt\/en\/wp-json\/wp\/v2\/product_brand?post=32759"},{"taxonomy":"product_cat","embeddable":true,"href":"https:\/\/chiaseklos.lt\/en\/wp-json\/wp\/v2\/product_cat?post=32759"},{"taxonomy":"product_tag","embeddable":true,"href":"https:\/\/chiaseklos.lt\/en\/wp-json\/wp\/v2\/product_tag?post=32759"}],"curies":[{"name":"wp","href":"https:\/\/api.w.org\/{rel}","templated":true}]}}