{"id":32756,"date":"2025-09-03T07:14:12","date_gmt":"2025-09-03T07:14:12","guid":{"rendered":"https:\/\/chiaseklos.lt\/?post_type=product&#038;p=32756"},"modified":"2026-04-17T10:52:12","modified_gmt":"2026-04-17T10:52:12","slug":"jogurto-raugas-imuno-4x05g","status":"publish","type":"product","link":"https:\/\/chiaseklos.lt\/en\/product\/jogurto-raugas-imuno-4x05g\/","title":{"rendered":"Jogurto raugas IMUNO, 4\u00d70,5g"},"content":{"rendered":"<h3 class=\"product_title entry-title wd-entities-title\">Jogurto raugas IMUNO, 4\u00d70,5g<\/h3>\n<p>Reguliariai naudojant Imuno jogurt\u0105 sustipr\u0117ja imunitetas, suma\u017e\u0117ja per\u0161alimo ir toki\u0173 simptom\u0173 kaip kar\u0161tis, sloga, kosulys da\u017enumas. Pasi\u017eymi \u0161velniu skoniu bei unikalia bakterine sud\u0117timi. Turi 3 bakterij\u0173 kamienus, kuri\u0173 efektyvumas yra klini\u0161kai patvirtintas. \u0160is raugas puikiai tinka ne tik jogurtui gaminti, bet ir vartoti gryn\u0105, kaip probiotik\u0105.<\/p>\n<p><strong>Sudedamosios dalys:<\/strong> Bifidobacterium lactis (2 kamienai), Lactobacillus acidophilus (2 kamienai), Lactobacillus casei, Lactobacillus paracasei, Lactobacillus bulgaricus, Streptococcus thermophilus, Bifidobacterium infantis<\/p>\n<p><strong>Paruo\u0161imas:<\/strong>\u00a0Pagaminti namin\u012f jogurt\u0105 labai paprasta. Jums reik\u0117s pieno (arba augalinio pieno), raugo, puodo ir rank\u0161luos\u010dio. Paruo\u0161imas u\u017etrunka 10-15 minu\u010di\u0173, jogurto rauginimas 8 valandas.<\/p>\n<p>\u012e \u0161ilt\u0105 pien\u0105 (40 \u00b0\u0421 \u2013 \u0161iek tiek \u0161il\u010diau u\u017e k\u016bno temperat\u016br\u0105), suberkite raugo pakel\u012f ir i\u0161mai\u0161ykite. Jeigu naudojate augalin\u012f pien\u0105, atkreipkite d\u0117mes\u012f \u012f jo sud\u0117t\u012f. Joje netur\u0117t\u0173 b\u016bti joki\u0173 pried\u0173 tik gr\u016bdai\/s\u0117klos\/rie\u0161utai ir vanduo (pvz. soj\u0173 pupel\u0117s ir vanduo, migdolai ir vanduo). Vieno pakelio raugo u\u017etenka 1-3l pieno. Labai svarbu pradaryt\u0105 pakel\u012f sunaudoti nedelsiant.<\/p>\n<p>Paruo\u0161t\u0105 pien\u0105 u\u017edenkite ir apvyniokite puod\u0105 dideliu rank\u0161luos\u010diu bei palikite rauginti \u0161iltoje vietoje 6-8 valandoms. Paruo\u0161t\u0105 jogurt\u0105 laikykite \u0161aldytuve.<\/p>\n<p>Jus taip pat galite paruo\u0161ti jogurt\u0105 jogurtin\u0117je arba daugiafunkciniame puode, turin\u010diame re\u017eim\u0105 \u201cjogurtas\u201d arba \u201c40\u00b0\u0421\u201d.<\/p>\n<p>\u0160\u012f raug\u0105 taip pat galima naudoti ir kaip probiotik\u0105, norint atstatyti \u017earnyno mikroflor\u0105 bei normalizuoti vir\u0161kinim\u0105. Vien\u0105 pakel\u012f i\u0161tirpinkite stiklin\u0117je virinto vandens, atv\u0117sinto iki kambario temperat\u016bros. Vartokite 1 pakel\u012f 1-2 kartus per dien\u0105 po valgio.<\/p>\n<p>Kilm\u0117s \u0161alis:\u00a0<strong>Ukraina\u00a0<\/strong><\/p>","protected":false},"excerpt":{"rendered":"<p>Jogurto raugas IMUNO, 4\u00d70,5g Reguliariai naudojant Imuno jogurt\u0105 sustipr\u0117ja imunitetas, suma\u017e\u0117ja per\u0161alimo ir toki\u0173 simptom\u0173 kaip kar\u0161tis, sloga, kosulys da\u017enumas. Pasi\u017eymi \u0161velniu skoniu bei unikalia bakterine sud\u0117timi. Turi 3 bakterij\u0173 kamienus, kuri\u0173 efektyvumas yra klini\u0161kai patvirtintas. \u0160is raugas puikiai tinka ne tik jogurtui gaminti, bet ir vartoti gryn\u0105, kaip probiotik\u0105. Sudedamosios dalys: Bifidobacterium lactis (2&#8230;<\/p>","protected":false},"featured_media":32757,"template":"","meta":{"_acf_changed":false},"product_brand":[],"product_cat":[113],"product_tag":[],"class_list":{"0":"post-32756","1":"product","2":"type-product","3":"status-publish","4":"has-post-thumbnail","6":"product_cat-sausi-pusryciai","7":"nt-post-class","8":"","9":"masonry-item","10":"col-lg-6","14":"excerpt-none","18":"first","19":"instock","20":"taxable","21":"shipping-taxable","22":"purchasable","23":"product-type-simple","24":"add-to-wishlist-after_add_to_cart"},"acf":[],"_links":{"self":[{"href":"https:\/\/chiaseklos.lt\/en\/wp-json\/wp\/v2\/product\/32756","targetHints":{"allow":["GET"]}}],"collection":[{"href":"https:\/\/chiaseklos.lt\/en\/wp-json\/wp\/v2\/product"}],"about":[{"href":"https:\/\/chiaseklos.lt\/en\/wp-json\/wp\/v2\/types\/product"}],"wp:featuredmedia":[{"embeddable":true,"href":"https:\/\/chiaseklos.lt\/en\/wp-json\/wp\/v2\/media\/32757"}],"wp:attachment":[{"href":"https:\/\/chiaseklos.lt\/en\/wp-json\/wp\/v2\/media?parent=32756"}],"wp:term":[{"taxonomy":"product_brand","embeddable":true,"href":"https:\/\/chiaseklos.lt\/en\/wp-json\/wp\/v2\/product_brand?post=32756"},{"taxonomy":"product_cat","embeddable":true,"href":"https:\/\/chiaseklos.lt\/en\/wp-json\/wp\/v2\/product_cat?post=32756"},{"taxonomy":"product_tag","embeddable":true,"href":"https:\/\/chiaseklos.lt\/en\/wp-json\/wp\/v2\/product_tag?post=32756"}],"curies":[{"name":"wp","href":"https:\/\/api.w.org\/{rel}","templated":true}]}}