{"id":32638,"date":"2025-08-27T15:22:28","date_gmt":"2025-08-27T15:22:28","guid":{"rendered":"https:\/\/chiaseklos.lt\/produktas\/gift-card\/"},"modified":"2025-08-28T11:38:56","modified_gmt":"2025-08-28T11:38:56","slug":"gift-card","status":"publish","type":"product","link":"https:\/\/chiaseklos.lt\/en\/product\/gift-card\/","title":{"rendered":"Dovan\u0173 kuponas"},"content":{"rendered":"<h3 data-start=\"117\" data-end=\"165\">Dovan\u0173 kuponas \u2013 puiki dovana kiekvienam!<\/h3>\n<p data-start=\"166\" data-end=\"327\">Ie\u0161kote prakti\u0161kos ir malonios dovanos? M\u016bs\u0173 dovan\u0173 kuponas suteikia J\u016bs\u0173 artimajam galimyb\u0119 pasirinkti tai, kas labiausiai patinka i\u0161 m\u016bs\u0173 si\u016blom\u0173 nat\u016brali\u0173 produkt\u0173.<\/p>\n<p data-start=\"329\" data-end=\"346\"><strong data-start=\"329\" data-end=\"344\">Privalumai:<\/strong><\/p>\n<ul data-start=\"347\" data-end=\"573\">\n<li data-start=\"347\" data-end=\"434\">\n<p data-start=\"349\" data-end=\"434\">Kuponas galioja <strong>4\u00a0m\u0117nesius<\/strong> nuo \u012fsigijimo \u2013 pakankamai laiko ramiai apsispr\u0119sti.<\/p>\n<\/li>\n<li data-start=\"435\" data-end=\"498\">\n<p data-start=\"437\" data-end=\"498\">Patogu ir greita \u2013 kuponas siun\u010diamas elektroniniu formatu.<\/p>\n<\/li>\n<li data-start=\"499\" data-end=\"573\">\n<p data-start=\"501\" data-end=\"573\">Idealiai tinka gimtadieniams, \u0161vent\u0117ms ar tiesiog maloniam siurprizui.<\/p>\n<\/li>\n<\/ul>\n<p data-start=\"575\" data-end=\"652\"><strong data-start=\"575\" data-end=\"650\">Padovanokite laisv\u0119 rinktis ir d\u017eiaugsm\u0105 gauti tai, kas tikrai patinka!<\/strong><\/p>","protected":false},"excerpt":{"rendered":"<p>Dovan\u0173 kuponas \u2013 puiki dovana kiekvienam! Ie\u0161kote prakti\u0161kos ir malonios dovanos? M\u016bs\u0173 dovan\u0173 kuponas suteikia J\u016bs\u0173 artimajam galimyb\u0119 pasirinkti tai, kas labiausiai patinka i\u0161 m\u016bs\u0173 si\u016blom\u0173 nat\u016brali\u0173 produkt\u0173. Privalumai: Kuponas galioja 4\u00a0m\u0117nesius nuo \u012fsigijimo \u2013 pakankamai laiko ramiai apsispr\u0119sti. Patogu ir greita \u2013 kuponas siun\u010diamas elektroniniu formatu. Idealiai tinka gimtadieniams, \u0161vent\u0117ms ar tiesiog maloniam siurprizui&#8230;.<\/p>","protected":false},"featured_media":32674,"template":"","meta":{"_acf_changed":false},"product_brand":[],"product_cat":[118],"product_tag":[],"class_list":{"0":"post-32638","1":"product","2":"type-product","3":"status-publish","4":"has-post-thumbnail","6":"product_cat-dovanu-kuponas","7":"nt-post-class","8":"","9":"masonry-item","10":"col-lg-6","14":"excerpt-none","18":"first","19":"instock","20":"purchasable","21":"product-type-pw-gift-card","22":"add-to-wishlist-after_add_to_cart"},"acf":[],"_links":{"self":[{"href":"https:\/\/chiaseklos.lt\/en\/wp-json\/wp\/v2\/product\/32638","targetHints":{"allow":["GET"]}}],"collection":[{"href":"https:\/\/chiaseklos.lt\/en\/wp-json\/wp\/v2\/product"}],"about":[{"href":"https:\/\/chiaseklos.lt\/en\/wp-json\/wp\/v2\/types\/product"}],"wp:featuredmedia":[{"embeddable":true,"href":"https:\/\/chiaseklos.lt\/en\/wp-json\/wp\/v2\/media\/32674"}],"wp:attachment":[{"href":"https:\/\/chiaseklos.lt\/en\/wp-json\/wp\/v2\/media?parent=32638"}],"wp:term":[{"taxonomy":"product_brand","embeddable":true,"href":"https:\/\/chiaseklos.lt\/en\/wp-json\/wp\/v2\/product_brand?post=32638"},{"taxonomy":"product_cat","embeddable":true,"href":"https:\/\/chiaseklos.lt\/en\/wp-json\/wp\/v2\/product_cat?post=32638"},{"taxonomy":"product_tag","embeddable":true,"href":"https:\/\/chiaseklos.lt\/en\/wp-json\/wp\/v2\/product_tag?post=32638"}],"curies":[{"name":"wp","href":"https:\/\/api.w.org\/{rel}","templated":true}]}}