{"id":31265,"date":"2025-06-13T11:00:30","date_gmt":"2025-06-13T11:00:30","guid":{"rendered":"https:\/\/chiaseklos.lt\/?post_type=product&#038;p=31265"},"modified":"2026-04-17T11:10:09","modified_gmt":"2026-04-17T11:10:09","slug":"diamir-tacos-de-tentaculos-110-g","status":"publish","type":"product","link":"https:\/\/chiaseklos.lt\/en\/product\/diamir-tacos-de-tentaculos-110-g\/","title":{"rendered":"DIAMIR Tacos de tentaculos 110 g"},"content":{"rendered":"<div class=\"product-view__description\">\n<h3 class=\"product-view__title\">DIAMIR Tacos de tentaculos 110 g<\/h3>\n<\/div>\n<div class=\"product-rating--wrapper\">\n<h5 class=\"product-rating\">Kalmar\u0173 \u010diuptuv\u0173 gabaliukai saul\u0117gr\u0105\u017e\u0173 aliejuje\u00a0i\u0161 Ispanijos.<\/h5>\n<div>\n<h5>Sudedamosios dalys:\u00a0Kalmar\u0173 \u010diuptuv\u0173 gabaliukai (Dosidicus gigas), saul\u0117gr\u0105\u017e\u0173 aliejus 35 %, druska.<\/h5>\n<h5>Laikymo s\u0105lygos:\u00a0Laikyti sausoje ir v\u0117sioje vietoje<\/h5>\n<\/div>\n<\/div>","protected":false},"excerpt":{"rendered":"<p>DIAMIR Tacos de tentaculos 110 g Kalmar\u0173 \u010diuptuv\u0173 gabaliukai saul\u0117gr\u0105\u017e\u0173 aliejuje\u00a0i\u0161 Ispanijos. Sudedamosios dalys:\u00a0Kalmar\u0173 \u010diuptuv\u0173 gabaliukai (Dosidicus gigas), saul\u0117gr\u0105\u017e\u0173 aliejus 35 %, druska. Laikymo s\u0105lygos:\u00a0Laikyti sausoje ir v\u0117sioje vietoje<\/p>","protected":false},"featured_media":31266,"template":"","meta":{"_acf_changed":false},"product_brand":[],"product_cat":[99],"product_tag":[],"class_list":{"0":"post-31265","1":"product","2":"type-product","3":"status-publish","4":"has-post-thumbnail","6":"product_cat-uztepeles","7":"nt-post-class","8":"","9":"masonry-item","10":"col-lg-6","14":"excerpt-none","18":"first","19":"outofstock","20":"taxable","21":"shipping-taxable","22":"purchasable","23":"product-type-simple","24":"add-to-wishlist-after_add_to_cart"},"acf":[],"_links":{"self":[{"href":"https:\/\/chiaseklos.lt\/en\/wp-json\/wp\/v2\/product\/31265","targetHints":{"allow":["GET"]}}],"collection":[{"href":"https:\/\/chiaseklos.lt\/en\/wp-json\/wp\/v2\/product"}],"about":[{"href":"https:\/\/chiaseklos.lt\/en\/wp-json\/wp\/v2\/types\/product"}],"wp:featuredmedia":[{"embeddable":true,"href":"https:\/\/chiaseklos.lt\/en\/wp-json\/wp\/v2\/media\/31266"}],"wp:attachment":[{"href":"https:\/\/chiaseklos.lt\/en\/wp-json\/wp\/v2\/media?parent=31265"}],"wp:term":[{"taxonomy":"product_brand","embeddable":true,"href":"https:\/\/chiaseklos.lt\/en\/wp-json\/wp\/v2\/product_brand?post=31265"},{"taxonomy":"product_cat","embeddable":true,"href":"https:\/\/chiaseklos.lt\/en\/wp-json\/wp\/v2\/product_cat?post=31265"},{"taxonomy":"product_tag","embeddable":true,"href":"https:\/\/chiaseklos.lt\/en\/wp-json\/wp\/v2\/product_tag?post=31265"}],"curies":[{"name":"wp","href":"https:\/\/api.w.org\/{rel}","templated":true}]}}