{"id":31263,"date":"2025-06-13T10:53:45","date_gmt":"2025-06-13T10:53:45","guid":{"rendered":"https:\/\/chiaseklos.lt\/?post_type=product&#038;p=31263"},"modified":"2026-04-17T10:53:54","modified_gmt":"2026-04-17T10:53:54","slug":"diamir-midijos-aliejuje-115-g","status":"publish","type":"product","link":"https:\/\/chiaseklos.lt\/en\/product\/diamir-midijos-aliejuje-115-g\/","title":{"rendered":"DIAMIR midijos aliejuje 115 g"},"content":{"rendered":"<h3 class=\"product-view__title\">DIAMIR midijos aliejuje 115 g<\/h3>\n<h5>Marinuotos midijos. Vidutinio dyd\u017eio.\u00a0Grynasis kiekis 111 g. Grynasis midij\u0173 kiekis 69 g.<\/h5>\n<h5>Sudedamosios dalys:\u00a0VIDUR\u017dEMIO J\u016aROS MIDIJOS (Mytilus galloprovincialis) 62%, vyno actas, saul\u0117gr\u0105\u017e\u0173 aliejus, prieskoniai, druska.<\/h5>\n<h5>Laikymo s\u0105lygos:\u00a0Laikyti v\u0117sioje ir sausoje vietoje. Atidarius laikyti \u0161aldytuve ir suvartoti per 48 valandas.<\/h5>\n<h5>Alergenai:\u00a0SUD\u0116TYJE YRA \u017dUVIES. SUD\u0116TYJE GALI B\u016aTI \u017dUV\u0172, V\u0116\u017dIAGYVI\u0172 IR J\u0172 PRODUKT\u0172 P\u0116DSAK\u0172<\/h5>\n<h5>Maistin\u0117 vert\u0117 (100 g\/ml)<\/h5>\n<table>\n<tbody>\n<tr>\n<td>Energetin\u0117 vert\u0117<\/td>\n<td>677 kJ\u00a0\/\u00a0162 Kcal<\/td>\n<\/tr>\n<tr>\n<td>Riebalai<\/td>\n<td>8,2 gr<\/td>\n<\/tr>\n<tr>\n<td>So\u010diosios riebal\u0173 r\u016bg\u0161tys<\/td>\n<td>1,23 gr<\/td>\n<\/tr>\n<tr>\n<td>Angliavandeniai<\/td>\n<td>2 gr<\/td>\n<\/tr>\n<tr>\n<td>Cukrus<\/td>\n<td>0 gr<\/td>\n<\/tr>\n<tr>\n<td>Baltymai<\/td>\n<td>20 gr<\/td>\n<\/tr>\n<tr>\n<td>Druska<\/td>\n<td>1,5 gr<\/td>\n<\/tr>\n<\/tbody>\n<\/table>","protected":false},"excerpt":{"rendered":"<p>DIAMIR midijos aliejuje 115 g Marinuotos midijos. Vidutinio dyd\u017eio.\u00a0Grynasis kiekis 111 g. Grynasis midij\u0173 kiekis 69 g. Sudedamosios dalys:\u00a0VIDUR\u017dEMIO J\u016aROS MIDIJOS (Mytilus galloprovincialis) 62%, vyno actas, saul\u0117gr\u0105\u017e\u0173 aliejus, prieskoniai, druska. Laikymo s\u0105lygos:\u00a0Laikyti v\u0117sioje ir sausoje vietoje. Atidarius laikyti \u0161aldytuve ir suvartoti per 48 valandas. Alergenai:\u00a0SUD\u0116TYJE YRA \u017dUVIES. SUD\u0116TYJE GALI B\u016aTI \u017dUV\u0172, V\u0116\u017dIAGYVI\u0172 IR J\u0172 PRODUKT\u0172&#8230;<\/p>","protected":false},"featured_media":31264,"template":"","meta":{"_acf_changed":false},"product_brand":[],"product_cat":[99],"product_tag":[],"class_list":{"0":"post-31263","1":"product","2":"type-product","3":"status-publish","4":"has-post-thumbnail","6":"product_cat-uztepeles","7":"nt-post-class","8":"","9":"masonry-item","10":"col-lg-6","14":"excerpt-none","18":"first","19":"outofstock","20":"taxable","21":"shipping-taxable","22":"purchasable","23":"product-type-simple","24":"add-to-wishlist-after_add_to_cart"},"acf":[],"_links":{"self":[{"href":"https:\/\/chiaseklos.lt\/en\/wp-json\/wp\/v2\/product\/31263","targetHints":{"allow":["GET"]}}],"collection":[{"href":"https:\/\/chiaseklos.lt\/en\/wp-json\/wp\/v2\/product"}],"about":[{"href":"https:\/\/chiaseklos.lt\/en\/wp-json\/wp\/v2\/types\/product"}],"wp:featuredmedia":[{"embeddable":true,"href":"https:\/\/chiaseklos.lt\/en\/wp-json\/wp\/v2\/media\/31264"}],"wp:attachment":[{"href":"https:\/\/chiaseklos.lt\/en\/wp-json\/wp\/v2\/media?parent=31263"}],"wp:term":[{"taxonomy":"product_brand","embeddable":true,"href":"https:\/\/chiaseklos.lt\/en\/wp-json\/wp\/v2\/product_brand?post=31263"},{"taxonomy":"product_cat","embeddable":true,"href":"https:\/\/chiaseklos.lt\/en\/wp-json\/wp\/v2\/product_cat?post=31263"},{"taxonomy":"product_tag","embeddable":true,"href":"https:\/\/chiaseklos.lt\/en\/wp-json\/wp\/v2\/product_tag?post=31263"}],"curies":[{"name":"wp","href":"https:\/\/api.w.org\/{rel}","templated":true}]}}