{"id":31261,"date":"2025-06-13T10:46:39","date_gmt":"2025-06-13T10:46:39","guid":{"rendered":"https:\/\/chiaseklos.lt\/?post_type=product&#038;p=31261"},"modified":"2026-04-17T10:53:05","modified_gmt":"2026-04-17T10:53:05","slug":"kalmaru-gabaliukai-savo-rasale-diamir-calamares-trozos-en-su-tinta-110-g","status":"publish","type":"product","link":"https:\/\/chiaseklos.lt\/en\/product\/kalmaru-gabaliukai-savo-rasale-diamir-calamares-trozos-en-su-tinta-110-g\/","title":{"rendered":"Kalmar\u0173 gabaliukai savo ra\u0161ale. DIAMIR\u00ae CALAMARES TROZOS EN SU TINTA. 110 g."},"content":{"rendered":"<h3 class=\"product-view__title\">Kalmar\u0173 gabaliukai savo ra\u0161ale. DIAMIR\u00ae CALAMARES TROZOS EN SU TINTA. 110 g.<\/h3>\n<p>Kalmar\u0173 gabaliukai savo ra\u0161ale.\u00a0Grynasis kiekis 110 g.\u00a0Grynasis kalmar\u0173 kiekis 72 g.<\/p>\n<h5>Sudedamosios dalys:\u00a0PAPRASTOJO DID\u017dIOJO SKRAIDKALMARIO GABALIUKAI (Dosidicus gigas) 55%, saul\u0117gr\u0105\u017e\u0173 aliejus, svog\u016bnai, pomidorai, ra\u0161alas 1%: (da\u017eiklis E153, antioksidantas E300), augalin\u0117s skaidulin\u0117s med\u017eiagos: (bulv\u0117s, bambukas), druska, prieskoniai, ry\u017ei\u0173 miltai.<\/h5>\n<h5>Laikymo s\u0105lygos:\u00a0Laikyti sausoje ir v\u0117sioje vietoje. Atidarius laikyti \u0161aldytuve ir suvartoti per 24 valandas.<\/h5>\n<h5>Maistin\u0117 vert\u0117 (100 g\/ml)<\/h5>\n<table>\n<tbody>\n<tr>\n<td>Energetin\u0117 vert\u0117<\/td>\n<td>561 kJ\u00a0\/\u00a0134 Kcal<\/td>\n<\/tr>\n<tr>\n<td>Riebalai<\/td>\n<td>7,7 gr<\/td>\n<\/tr>\n<tr>\n<td>So\u010diosios riebal\u0173 r\u016bg\u0161tys<\/td>\n<td>1 gr<\/td>\n<\/tr>\n<tr>\n<td>Angliavandeniai<\/td>\n<td>4,3 gr<\/td>\n<\/tr>\n<tr>\n<td>Cukrus<\/td>\n<td>0 gr<\/td>\n<\/tr>\n<tr>\n<td>Baltymai<\/td>\n<td>11,8 gr<\/td>\n<\/tr>\n<tr>\n<td>Druska<\/td>\n<td>0,48 gr<\/td>\n<\/tr>\n<\/tbody>\n<\/table>\n<p>Kilm\u0117s \u0161alis Ispanija.<\/p>\n<p>&nbsp;<\/p>","protected":false},"excerpt":{"rendered":"<p>Kalmar\u0173 gabaliukai savo ra\u0161ale. DIAMIR\u00ae CALAMARES TROZOS EN SU TINTA. 110 g. Kalmar\u0173 gabaliukai savo ra\u0161ale.\u00a0Grynasis kiekis 110 g.\u00a0Grynasis kalmar\u0173 kiekis 72 g. Sudedamosios dalys:\u00a0PAPRASTOJO DID\u017dIOJO SKRAIDKALMARIO GABALIUKAI (Dosidicus gigas) 55%, saul\u0117gr\u0105\u017e\u0173 aliejus, svog\u016bnai, pomidorai, ra\u0161alas 1%: (da\u017eiklis E153, antioksidantas E300), augalin\u0117s skaidulin\u0117s med\u017eiagos: (bulv\u0117s, bambukas), druska, prieskoniai, ry\u017ei\u0173 miltai. Laikymo s\u0105lygos:\u00a0Laikyti sausoje ir v\u0117sioje&#8230;<\/p>","protected":false},"featured_media":31262,"template":"","meta":{"_acf_changed":false},"product_brand":[],"product_cat":[99],"product_tag":[],"class_list":{"0":"post-31261","1":"product","2":"type-product","3":"status-publish","4":"has-post-thumbnail","6":"product_cat-uztepeles","7":"nt-post-class","8":"","9":"masonry-item","10":"col-lg-6","14":"excerpt-none","18":"first","19":"outofstock","20":"taxable","21":"shipping-taxable","22":"purchasable","23":"product-type-simple","24":"add-to-wishlist-after_add_to_cart"},"acf":[],"_links":{"self":[{"href":"https:\/\/chiaseklos.lt\/en\/wp-json\/wp\/v2\/product\/31261","targetHints":{"allow":["GET"]}}],"collection":[{"href":"https:\/\/chiaseklos.lt\/en\/wp-json\/wp\/v2\/product"}],"about":[{"href":"https:\/\/chiaseklos.lt\/en\/wp-json\/wp\/v2\/types\/product"}],"wp:featuredmedia":[{"embeddable":true,"href":"https:\/\/chiaseklos.lt\/en\/wp-json\/wp\/v2\/media\/31262"}],"wp:attachment":[{"href":"https:\/\/chiaseklos.lt\/en\/wp-json\/wp\/v2\/media?parent=31261"}],"wp:term":[{"taxonomy":"product_brand","embeddable":true,"href":"https:\/\/chiaseklos.lt\/en\/wp-json\/wp\/v2\/product_brand?post=31261"},{"taxonomy":"product_cat","embeddable":true,"href":"https:\/\/chiaseklos.lt\/en\/wp-json\/wp\/v2\/product_cat?post=31261"},{"taxonomy":"product_tag","embeddable":true,"href":"https:\/\/chiaseklos.lt\/en\/wp-json\/wp\/v2\/product_tag?post=31261"}],"curies":[{"name":"wp","href":"https:\/\/api.w.org\/{rel}","templated":true}]}}