{"id":31259,"date":"2025-06-13T10:39:18","date_gmt":"2025-06-13T10:39:18","guid":{"rendered":"https:\/\/chiaseklos.lt\/?post_type=product&#038;p=31259"},"modified":"2026-02-18T08:23:32","modified_gmt":"2026-02-18T08:23:32","slug":"diamir-midijos-padaze-115-g","status":"publish","type":"product","link":"https:\/\/chiaseklos.lt\/en\/product\/diamir-midijos-padaze-115-g\/","title":{"rendered":"DIAMIR midijos pada\u017ee 115 g"},"content":{"rendered":"<h3 class=\"product-view__title\">DIAMIR midijos pada\u017ee 115g<\/h3>\n<h5>Marinuotos midijos.\u00a0Grynasis kiekis 115 g. Grynasis midij\u0173 kiekis 69 g.<\/h5>\n<h5>I\u0161skirtinio skonio midijos pada\u017ee i\u0161 Ispanijos.<\/h5>\n<h5>Sudedamosios dalys:\u00a0VIDUR\u017dEMIO J\u016aROS MIDIJOS \u00a0(Mythilus galloprovincialis) 60\u00a0%, saul\u0117gr\u0105\u017e\u0173 aliejus, actas, druska, prieskoniai. 14 \u2013 18 gabaliuk\u0173.<\/h5>\n<h4>Laikymo s\u0105lygos:\u00a0Laikyti sausoje ir v\u0117sioje vietoje. Atidarius laikyti \u0161aldytuve ir suvartoti per 24 valandas.<\/h4>\n<h4>Maistin\u0117 vert\u0117 (100 g\/ml)<\/h4>\n<table>\n<tbody>\n<tr>\n<td>Energetin\u0117 vert\u0117<\/td>\n<td>700 kJ\u00a0\/\u00a0170 Kcal<\/td>\n<\/tr>\n<tr>\n<td>Riebalai<\/td>\n<td>9 gr<\/td>\n<\/tr>\n<tr>\n<td>So\u010diosios riebal\u0173 r\u016bg\u0161tys<\/td>\n<td>1,6 gr<\/td>\n<\/tr>\n<tr>\n<td>Angliavandeniai<\/td>\n<td>1 gr<\/td>\n<\/tr>\n<tr>\n<td>Cukrus<\/td>\n<td>0 gr<\/td>\n<\/tr>\n<tr>\n<td>Baltymai<\/td>\n<td>21 gr<\/td>\n<\/tr>\n<tr>\n<td>Druska<\/td>\n<td>0,12 gr<\/td>\n<\/tr>\n<\/tbody>\n<\/table>\n<p>&nbsp;<\/p>","protected":false},"excerpt":{"rendered":"<p>DIAMIR midijos pada\u017ee 115g Marinuotos midijos.\u00a0Grynasis kiekis 115 g. Grynasis midij\u0173 kiekis 69 g. I\u0161skirtinio skonio midijos pada\u017ee i\u0161 Ispanijos. Sudedamosios dalys:\u00a0VIDUR\u017dEMIO J\u016aROS MIDIJOS \u00a0(Mythilus galloprovincialis) 60\u00a0%, saul\u0117gr\u0105\u017e\u0173 aliejus, actas, druska, prieskoniai. 14 \u2013 18 gabaliuk\u0173. Laikymo s\u0105lygos:\u00a0Laikyti sausoje ir v\u0117sioje vietoje. Atidarius laikyti \u0161aldytuve ir suvartoti per 24 valandas. Maistin\u0117 vert\u0117 (100 g\/ml) Energetin\u0117&#8230;<\/p>","protected":false},"featured_media":31260,"template":"","meta":{"_acf_changed":false},"product_brand":[],"product_cat":[88,99],"product_tag":[],"class_list":{"0":"post-31259","1":"product","2":"type-product","3":"status-publish","4":"has-post-thumbnail","6":"product_cat-naujiena","7":"product_cat-uztepeles","8":"nt-post-class","9":"","10":"masonry-item","11":"col-lg-6","15":"excerpt-none","19":"first","20":"instock","21":"taxable","22":"shipping-taxable","23":"purchasable","24":"product-type-simple","25":"add-to-wishlist-after_add_to_cart"},"acf":[],"_links":{"self":[{"href":"https:\/\/chiaseklos.lt\/en\/wp-json\/wp\/v2\/product\/31259","targetHints":{"allow":["GET"]}}],"collection":[{"href":"https:\/\/chiaseklos.lt\/en\/wp-json\/wp\/v2\/product"}],"about":[{"href":"https:\/\/chiaseklos.lt\/en\/wp-json\/wp\/v2\/types\/product"}],"wp:featuredmedia":[{"embeddable":true,"href":"https:\/\/chiaseklos.lt\/en\/wp-json\/wp\/v2\/media\/31260"}],"wp:attachment":[{"href":"https:\/\/chiaseklos.lt\/en\/wp-json\/wp\/v2\/media?parent=31259"}],"wp:term":[{"taxonomy":"product_brand","embeddable":true,"href":"https:\/\/chiaseklos.lt\/en\/wp-json\/wp\/v2\/product_brand?post=31259"},{"taxonomy":"product_cat","embeddable":true,"href":"https:\/\/chiaseklos.lt\/en\/wp-json\/wp\/v2\/product_cat?post=31259"},{"taxonomy":"product_tag","embeddable":true,"href":"https:\/\/chiaseklos.lt\/en\/wp-json\/wp\/v2\/product_tag?post=31259"}],"curies":[{"name":"wp","href":"https:\/\/api.w.org\/{rel}","templated":true}]}}