{"id":31214,"date":"2025-06-10T13:05:12","date_gmt":"2025-06-10T13:05:12","guid":{"rendered":"https:\/\/chiaseklos.lt\/?post_type=product&#038;p=31214"},"modified":"2026-01-07T09:32:22","modified_gmt":"2026-01-07T09:32:22","slug":"la-chinata-chorizo-pastetas-su-alyvuogiu-aliejumi-120-g","status":"publish","type":"product","link":"https:\/\/chiaseklos.lt\/en\/product\/la-chinata-chorizo-pastetas-su-alyvuogiu-aliejumi-120-g\/","title":{"rendered":"La Chinata Chorizo pa\u0161tetas su alyvuogi\u0173 aliejumi 120 g"},"content":{"rendered":"<h4 class=\"product-view__title\">La Chinata Chorizo pa\u0161tetas su alyvuogi\u0173 aliejumi 120 g<\/h4>\n<h5>\u010cioriso pa\u0161tetas su ypa\u010d grynu alyvuogi\u0173 aliejumi 2%. Grynasis kiekis 120 g.<\/h5>\n<h5>Sudedamosios dalys:\u00a0bulv\u0117s 30%, liesa kiauliena 24%, kiaulienos riebalai 11%, PIENAS, ypa\u010d grynas alyvuogi\u0173 aliejus, r\u016bkytos paprikos milteliai (Piment\u00f3n de la Vera) 1%, SOJ\u0172 baltymai, prieskoniai, druska, cukrus, dekstroz\u0117, antioksidantas E300, konservantas E250, stabilizatorius E451ii, r\u016bg\u0161tingum\u0105 reguliuojanti med\u017eiaga E330, emulsiklis E471, ciber\u017eol\u0117s.<\/h5>\n<h5>Laikymo s\u0105lygos:\u00a0Laikyti sausoje ir v\u0117sioje vietoje. Atidarius laikyti \u0161aldytuve ir suvartoti per 5 dienas.<\/h5>\n<h5>Alergenai:\u00a0SUD\u0116TYJE YRA PIENO, SOJ\u0172.<\/h5>\n<h3>Maistin\u0117 vert\u0117 (100 g\/ml)<\/h3>\n<table>\n<tbody>\n<tr>\n<td>Energetin\u0117 vert\u0117<\/td>\n<td>921,55 kJ\u00a0\/\u00a0219,42 Kcal<\/td>\n<\/tr>\n<tr>\n<td>Riebalai<\/td>\n<td>13,27<\/td>\n<\/tr>\n<tr>\n<td>So\u010diosios riebal\u0173 r\u016bg\u0161tys<\/td>\n<td>4,54<\/td>\n<\/tr>\n<tr>\n<td>Angliavandeniai<\/td>\n<td>11,31<\/td>\n<\/tr>\n<tr>\n<td>Cukrus<\/td>\n<td>2,37<\/td>\n<\/tr>\n<tr>\n<td>Baltymai<\/td>\n<td>13,29<\/td>\n<\/tr>\n<tr>\n<td>Druska<\/td>\n<td>1,71<\/td>\n<\/tr>\n<\/tbody>\n<\/table>","protected":false},"excerpt":{"rendered":"<p>La Chinata Chorizo pa\u0161tetas su alyvuogi\u0173 aliejumi 120 g \u010cioriso pa\u0161tetas su ypa\u010d grynu alyvuogi\u0173 aliejumi 2%. Grynasis kiekis 120 g. Sudedamosios dalys:\u00a0bulv\u0117s 30%, liesa kiauliena 24%, kiaulienos riebalai 11%, PIENAS, ypa\u010d grynas alyvuogi\u0173 aliejus, r\u016bkytos paprikos milteliai (Piment\u00f3n de la Vera) 1%, SOJ\u0172 baltymai, prieskoniai, druska, cukrus, dekstroz\u0117, antioksidantas E300, konservantas E250, stabilizatorius E451ii,&#8230;<\/p>","protected":false},"featured_media":31215,"template":"","meta":{"_acf_changed":false},"product_brand":[],"product_cat":[88,99],"product_tag":[],"class_list":{"0":"post-31214","1":"product","2":"type-product","3":"status-publish","4":"has-post-thumbnail","6":"product_cat-naujiena","7":"product_cat-uztepeles","8":"nt-post-class","9":"","10":"masonry-item","11":"col-lg-6","15":"excerpt-none","19":"first","20":"instock","21":"taxable","22":"shipping-taxable","23":"purchasable","24":"product-type-simple","25":"add-to-wishlist-after_add_to_cart"},"acf":[],"_links":{"self":[{"href":"https:\/\/chiaseklos.lt\/en\/wp-json\/wp\/v2\/product\/31214","targetHints":{"allow":["GET"]}}],"collection":[{"href":"https:\/\/chiaseklos.lt\/en\/wp-json\/wp\/v2\/product"}],"about":[{"href":"https:\/\/chiaseklos.lt\/en\/wp-json\/wp\/v2\/types\/product"}],"wp:featuredmedia":[{"embeddable":true,"href":"https:\/\/chiaseklos.lt\/en\/wp-json\/wp\/v2\/media\/31215"}],"wp:attachment":[{"href":"https:\/\/chiaseklos.lt\/en\/wp-json\/wp\/v2\/media?parent=31214"}],"wp:term":[{"taxonomy":"product_brand","embeddable":true,"href":"https:\/\/chiaseklos.lt\/en\/wp-json\/wp\/v2\/product_brand?post=31214"},{"taxonomy":"product_cat","embeddable":true,"href":"https:\/\/chiaseklos.lt\/en\/wp-json\/wp\/v2\/product_cat?post=31214"},{"taxonomy":"product_tag","embeddable":true,"href":"https:\/\/chiaseklos.lt\/en\/wp-json\/wp\/v2\/product_tag?post=31214"}],"curies":[{"name":"wp","href":"https:\/\/api.w.org\/{rel}","templated":true}]}}