{"id":31211,"date":"2025-06-10T12:55:25","date_gmt":"2025-06-10T12:55:25","guid":{"rendered":"https:\/\/chiaseklos.lt\/?post_type=product&#038;p=31211"},"modified":"2025-07-14T21:29:42","modified_gmt":"2025-07-14T21:29:42","slug":"skriveru-marcipaninis-batonelis-juodajame-sokolade-40-g","status":"publish","type":"product","link":"https:\/\/chiaseklos.lt\/en\/product\/skriveru-marcipaninis-batonelis-juodajame-sokolade-40-g\/","title":{"rendered":"Skriveru marcipaninis baton\u0117lis juodajame \u0161okolade 40 g"},"content":{"rendered":"<h4 class=\"product-view__title\">Skriveru marcipaninis baton\u0117lis juodajame \u0161okolade 40 g<\/h4>\n<h5 class=\"product-view__title\"><span style=\"font-size: 14.4px;\">Sudedamosios dalys: Marcipano mas\u0117 75% (cukrus, MIGDOLAI -38%, vanduo, dr\u0117gm\u0119 sulaikanti med\u017eiaga &#8211; sorbitas, invertinio cukraus sirupas, gliukoz\u0117s sirupas, invertaz\u0117), tamsusis \u0161okoladas &#8211; 25% (kakavos mas\u0117 (kurio sud\u0117tyje yra 55% kakavos), cukrus, kakavos sviestas, emulsiklis \u2013 SOJOS lecitinas, nat\u016bralus vanil\u0117s ekstraktas). Produkte gali b\u016bti \u017dEM\u0116S RIE\u0160UT\u0172 ir PIENO p\u0117dsak\u0173.<\/span><\/h5>\n<dl class=\"b-product-info--info-2\">\n<dt><\/dt>\n<dt class=\"b-product-info--info-3-title\">\n<h6>Laikymo s\u0105lygos:\u00a0Saugoti nuo tiesiogini\u0173 saul\u0117s spinduli\u0173, neu\u017e\u0161aldyti. Laikymo temperat\u016bra: nuo 15\u00b0C iki 22\u00b0C.<\/h6>\n<h6 class=\"b-product-info--info-3-title\">Maistin\u0117 vert\u0117 (100 g\/ml)<\/h6>\n<div class=\"row\">\n<div class=\"col-md-4\">\n<table class=\"table table-striped table-condensed\">\n<tbody>\n<tr>\n<td>\n<h5>Energin\u0117 vert\u0117<\/h5>\n<\/td>\n<td class=\"b-text-right\">\n<h5>1928,00 kJ \/ 460,00 Kcal<\/h5>\n<\/td>\n<\/tr>\n<tr>\n<td>\n<h5>Riebalai<\/h5>\n<\/td>\n<td class=\"b-text-right\">\n<h5>24,00 g<\/h5>\n<\/td>\n<\/tr>\n<tr>\n<td>\n<h5>So\u010diosios riebal\u0173 r\u016bg\u0161tys<\/h5>\n<\/td>\n<td class=\"b-text-right\">\n<h5>0,00 g<\/h5>\n<\/td>\n<\/tr>\n<tr>\n<td>\n<h5>Angliavandeniai<\/h5>\n<\/td>\n<td class=\"b-text-right\">\n<h5>54,00 g<\/h5>\n<\/td>\n<\/tr>\n<tr>\n<td>\n<h5>Cukr\u016bs<\/h5>\n<\/td>\n<td class=\"b-text-right\">\n<h5>47,00 g<\/h5>\n<\/td>\n<\/tr>\n<tr>\n<td>\n<h5>Baltymai<\/h5>\n<\/td>\n<td class=\"b-text-right\">\n<h5>6,70 g<\/h5>\n<\/td>\n<\/tr>\n<tr>\n<td>\n<h5>Druska<\/h5>\n<\/td>\n<td class=\"b-text-right\">\n<h5>0,00 g<\/h5>\n<\/td>\n<\/tr>\n<\/tbody>\n<\/table>\n<\/div>\n<\/div>\n<\/dt>\n<\/dl>","protected":false},"excerpt":{"rendered":"<p>Skriveru marcipaninis baton\u0117lis juodajame \u0161okolade 40 g Sudedamosios dalys: Marcipano mas\u0117 75% (cukrus, MIGDOLAI -38%, vanduo, dr\u0117gm\u0119 sulaikanti med\u017eiaga &#8211; sorbitas, invertinio cukraus sirupas, gliukoz\u0117s sirupas, invertaz\u0117), tamsusis \u0161okoladas &#8211; 25% (kakavos mas\u0117 (kurio sud\u0117tyje yra 55% kakavos), cukrus, kakavos sviestas, emulsiklis \u2013 SOJOS lecitinas, nat\u016bralus vanil\u0117s ekstraktas). Produkte gali b\u016bti \u017dEM\u0116S RIE\u0160UT\u0172 ir PIENO&#8230;<\/p>","protected":false},"featured_media":31212,"template":"","meta":{"_acf_changed":false},"product_brand":[],"product_cat":[93,88],"product_tag":[],"class_list":{"0":"post-31211","1":"product","2":"type-product","3":"status-publish","4":"has-post-thumbnail","6":"product_cat-batoneliai-sokoladas","7":"product_cat-naujiena","8":"nt-post-class","9":"","10":"masonry-item","11":"col-lg-6","15":"excerpt-none","19":"first","20":"outofstock","21":"taxable","22":"shipping-taxable","23":"purchasable","24":"product-type-simple","25":"add-to-wishlist-after_add_to_cart"},"acf":[],"_links":{"self":[{"href":"https:\/\/chiaseklos.lt\/en\/wp-json\/wp\/v2\/product\/31211","targetHints":{"allow":["GET"]}}],"collection":[{"href":"https:\/\/chiaseklos.lt\/en\/wp-json\/wp\/v2\/product"}],"about":[{"href":"https:\/\/chiaseklos.lt\/en\/wp-json\/wp\/v2\/types\/product"}],"wp:featuredmedia":[{"embeddable":true,"href":"https:\/\/chiaseklos.lt\/en\/wp-json\/wp\/v2\/media\/31212"}],"wp:attachment":[{"href":"https:\/\/chiaseklos.lt\/en\/wp-json\/wp\/v2\/media?parent=31211"}],"wp:term":[{"taxonomy":"product_brand","embeddable":true,"href":"https:\/\/chiaseklos.lt\/en\/wp-json\/wp\/v2\/product_brand?post=31211"},{"taxonomy":"product_cat","embeddable":true,"href":"https:\/\/chiaseklos.lt\/en\/wp-json\/wp\/v2\/product_cat?post=31211"},{"taxonomy":"product_tag","embeddable":true,"href":"https:\/\/chiaseklos.lt\/en\/wp-json\/wp\/v2\/product_tag?post=31211"}],"curies":[{"name":"wp","href":"https:\/\/api.w.org\/{rel}","templated":true}]}}