{"id":30349,"date":"2025-04-02T11:22:45","date_gmt":"2025-04-02T11:22:45","guid":{"rendered":"https:\/\/chiaseklos.lt\/?post_type=product&#038;p=30349"},"modified":"2026-04-17T11:10:49","modified_gmt":"2026-04-17T11:10:49","slug":"alyvuogiu-aliejus-extra-virgin-physis-of-crete-purskiamas-250-ml","status":"publish","type":"product","link":"https:\/\/chiaseklos.lt\/en\/product\/alyvuogiu-aliejus-extra-virgin-physis-of-crete-purskiamas-250-ml\/","title":{"rendered":"Alyvuogi\u0173 aliejus Extra Virgin \u201ePhysis of Crete\u201d pur\u0161kiamas 250 ml."},"content":{"rendered":"<h1 class=\"product_title entry-title\">Alyvuogi\u0173 aliejus Extra Virgin \u201ePhysis of Crete\u201d pur\u0161kiamas 250 ml.<\/h1>\n<p>\u201ePhysis of Crete\u201c \u2013 ypa\u010d grynas auk\u0161\u010diausios r\u016b\u0161ies alyvuogi\u0173 aliejus, gautas tiesiogiai i\u0161 alyvuogi\u0173 ir tik mechanin\u0117mis priemon\u0117mis. Pasi\u017eymintis labai ma\u017eu r\u016bg\u0161tingumu ir vaisi\u0173 aromatu.<\/p>\n<p><strong>Pur\u0161kiamas.\u00a0<\/strong>Apipur\u0161kiant kepamus produktus sunaudojama ma\u017eiau aliejaus.<\/p>\n<p>\u201cPhysis of Crete 0.2\u201d i\u0161gaunamas i\u0161 tiesiogiai atrinkt\u0173 alyvuogi\u0173 mechanin\u0117mis priemon\u0117mis. Koroneiki veisl\u0117s alyvuogi\u0173 \u012fvairov\u0117 kasmet auginama \u0161eim\u0173, turin\u010di\u0173 gamybos tradicijas, kurios kuria auk\u0161\u010diausios kokyb\u0117s pirmojo spaudimo alyvuogi\u0173 aliejaus kokyb\u0119. Pur\u0161kiam\u0105 aliej\u0173 itin patogu naudoti. Labai patogu apipurk\u0161ti m\u0117s\u0105, \u017euv\u012f ir dar\u017eoves kepant orkait\u0117je ar grilyje.<\/p>\n<p><strong>Maistin\u0117 vert\u0117:\u00a0<\/strong>100 ml: energin\u0117 vert\u0117: 824 Kcal\/ 3389 kJ, Riebal\u0173 92 g, i\u0161 kuri\u0173: so\u010di\u0173j\u0173 riebal\u0173 r\u016bg\u0161\u010di\u0173 13 g, mononeso\u010di\u0173j\u0173 riebal\u0173 r\u016bg\u0161\u010di\u0173 73 g, polineso\u010di\u0173j\u0173 riebal\u0173 r\u016bg\u0161\u010di\u0173 6 g. Angliavandeni\u0173 0 g, i\u0161 kuri\u0173 cukrus \u2013 0 g, Baltym\u0173 \u2013 0 g, Druskos \u2013 0 g.<\/p>\n<p><strong>Laikymo s\u0105lygos:<\/strong>\u00a0laikyti sausoje ir v\u0117sioje vietoje, toliau nuo \u0161viesos ir kar\u0161\u010dio \u0161altini\u0173. Esant \u017eemesnei nei +7\u00ba C laipsni\u0173 temperat\u016brai, produkte gali atsirasti tir\u0161t\u0173 nuos\u0117d\u0173. Nuos\u0117dos i\u0161nyks auk\u0161tesn\u0117je nei 7\u00ba C temperat\u016broje. Tai nat\u016bralus procesas, ne\u012ftakojantis produkto kokyb\u0117s.<\/p>\n<p><strong>R\u016bg\u0161tingumas \u2013 0,29% (maks. norma 0.8 %).<\/strong><\/p>\n<p><strong>Peroksid\u0173 skai\u010dius<\/strong>\u00a0\u2013 \u226420mEq;<\/p>\n<p><strong>Va\u0161ko kiekis<\/strong>\u00a0-\u2264150mg\/kg;<\/p>\n<p><strong>Ultravioletini\u0173 spinduli\u0173 absorbcija:<\/strong>\u00a0K270 \u2013 \u22640,20; K232 \u2013 \u22642,50; DK \u2013 \u22640,01<\/p>\n<p><strong>Gamintojas:<\/strong>\u00a0\u201cPhysis of Crete\u201d by Asmarianakis Family (2023 m. rudens derlius).<\/p>","protected":false},"excerpt":{"rendered":"<p>Alyvuogi\u0173 aliejus Extra Virgin \u201ePhysis of Crete\u201d pur\u0161kiamas 250 ml. \u201ePhysis of Crete\u201c \u2013 ypa\u010d grynas auk\u0161\u010diausios r\u016b\u0161ies alyvuogi\u0173 aliejus, gautas tiesiogiai i\u0161 alyvuogi\u0173 ir tik mechanin\u0117mis priemon\u0117mis. Pasi\u017eymintis labai ma\u017eu r\u016bg\u0161tingumu ir vaisi\u0173 aromatu. Pur\u0161kiamas.\u00a0Apipur\u0161kiant kepamus produktus sunaudojama ma\u017eiau aliejaus. \u201cPhysis of Crete 0.2\u201d i\u0161gaunamas i\u0161 tiesiogiai atrinkt\u0173 alyvuogi\u0173 mechanin\u0117mis priemon\u0117mis. Koroneiki veisl\u0117s alyvuogi\u0173&#8230;<\/p>","protected":false},"featured_media":30350,"template":"","meta":{"_acf_changed":false},"product_brand":[],"product_cat":[101],"product_tag":[],"class_list":{"0":"post-30349","1":"product","2":"type-product","3":"status-publish","4":"has-post-thumbnail","6":"product_cat-aliejus","7":"nt-post-class","8":"","9":"masonry-item","10":"col-lg-6","14":"excerpt-none","18":"first","19":"outofstock","20":"taxable","21":"shipping-taxable","22":"purchasable","23":"product-type-simple","24":"add-to-wishlist-after_add_to_cart"},"acf":[],"_links":{"self":[{"href":"https:\/\/chiaseklos.lt\/en\/wp-json\/wp\/v2\/product\/30349","targetHints":{"allow":["GET"]}}],"collection":[{"href":"https:\/\/chiaseklos.lt\/en\/wp-json\/wp\/v2\/product"}],"about":[{"href":"https:\/\/chiaseklos.lt\/en\/wp-json\/wp\/v2\/types\/product"}],"wp:featuredmedia":[{"embeddable":true,"href":"https:\/\/chiaseklos.lt\/en\/wp-json\/wp\/v2\/media\/30350"}],"wp:attachment":[{"href":"https:\/\/chiaseklos.lt\/en\/wp-json\/wp\/v2\/media?parent=30349"}],"wp:term":[{"taxonomy":"product_brand","embeddable":true,"href":"https:\/\/chiaseklos.lt\/en\/wp-json\/wp\/v2\/product_brand?post=30349"},{"taxonomy":"product_cat","embeddable":true,"href":"https:\/\/chiaseklos.lt\/en\/wp-json\/wp\/v2\/product_cat?post=30349"},{"taxonomy":"product_tag","embeddable":true,"href":"https:\/\/chiaseklos.lt\/en\/wp-json\/wp\/v2\/product_tag?post=30349"}],"curies":[{"name":"wp","href":"https:\/\/api.w.org\/{rel}","templated":true}]}}