{"id":30079,"date":"2025-03-14T12:51:15","date_gmt":"2025-03-14T12:51:15","guid":{"rendered":"https:\/\/chiaseklos.lt\/?post_type=product&#038;p=30079"},"modified":"2025-11-18T13:46:41","modified_gmt":"2025-11-18T13:46:41","slug":"alyvuogiu-aliejus-grelia-0-3-500ml","status":"publish","type":"product","link":"https:\/\/chiaseklos.lt\/en\/product\/alyvuogiu-aliejus-grelia-0-3-500ml\/","title":{"rendered":"Alyvuogi\u0173 aliejus \u201eGrelia 0.3\u201d 500ml skardin\u0117je"},"content":{"rendered":"<p>Alyvuogi\u0173 aliejus \u201eGrelia 0.3\u201d 500ml<\/p>\n<p>\u0160alto spaudimo produktas i\u0161 Kretos alyvuogi\u0173 girait\u0117se auginam\u0173 Koroneiki alyvuogi\u0173. \u201eGrelia 0.3\u201d Extra Virgin alyvuogi\u0173 aliejus pasi\u017eymi ma\u017eu r\u016bg\u0161tingumu ir pipiriniu skoniu. Puikiai tinka visiems patiekalams ir maisto ruo\u0161imui.\u00a0<strong>Tinka kepimui.<\/strong><\/p>\n<p>Ypa\u010d grynas auk\u0161\u010diausios r\u016b\u0161ies alyvuogi\u0173 aliejus, gautas tiesiogiai i\u0161 alyvuogi\u0173 ir tik mechanin\u0117mis priemon\u0117mis.<\/p>\n<p>Auk\u0161\u010diausios kokyb\u0117s Extra Virgin pirmojo spaudimo alyvuogi\u0173 aliejus gaminamas papras\u010diausiai sutrinant alyvuoges ir i\u0161skiriant sultis. Tai vienintelis maistinis aliejus, gaminamas nenaudojant chemini\u0173 med\u017eiag\u0173 ir pramoninio perdirbimo.<\/p>\n<p><strong>Maistin\u0117 vert\u0117:\u00a0<\/strong>100 ml: energetin\u0117 vert\u0117: 828 kcal\/ 3467 Kj, Riebal\u0173 92 g, i\u0161 kuri\u0173: so\u010di\u0173j\u0173 riebal\u0173 r\u016bg\u0161\u010di\u0173 13 g, mononeso\u010di\u0173j\u0173 riebal\u0173 r\u016bg\u0161\u010di\u0173 73 g, polineso\u010di\u0173j\u0173 riebal\u0173 r\u016bg\u0161\u010di\u0173 6 g. Angliavandeni\u0173 0 g, i\u0161 kuri\u0173 cukr\u0173 \u2013 0 g, baltym\u0173 \u2013 0 g, druskos \u2013 0 g.<\/p>\n<p><strong>Laikymo s\u0105lygos:<\/strong>\u00a0laikyti kambario temperat\u016broje, saugoti nuo tiesiogini\u0173 saul\u0117s spinduli\u0173. Esant \u017eemesnei nei +7\u00ba C laipsni\u0173 temperat\u016brai, produkte gali atsirasti tir\u0161t\u0173 nuos\u0117d\u0173. Nuos\u0117dos i\u0161nyks auk\u0161tesn\u0117je nei 7\u00ba C temperat\u016broje. Tai nat\u016bralus procesas, ne\u012ftakojantis produkto kokyb\u0117s.<\/p>\n<p><strong>R\u016bg\u0161tingumas \u2013 0,30% max;<\/strong><\/p>\n<p><strong>Peroksid\u0173 skai\u010dius<\/strong>\u00a0\u2013 \u226420mEqO2\/Kg;<\/p>\n<p><strong>Va\u0161ko kiekis<\/strong>\u00a0-\u2264150mg\/lit;<\/p>\n<p><strong>Ultravioletini\u0173 spinduli\u0173 absorbcija:<\/strong>\u00a0K270 \u2013 \u22640,220; K232 \u2013 \u22642,50; DK \u2013 \u22640,010<\/p>\n<p><strong>Gamintojas:<\/strong>\u00a0GOLD GRELIA E.E. EL-40-313 (2023 m. rudens derlius).<\/p>","protected":false},"excerpt":{"rendered":"<p>Alyvuogi\u0173 aliejus \u201eGrelia 0.3\u201d 500ml \u0160alto spaudimo produktas i\u0161 Kretos alyvuogi\u0173 girait\u0117se auginam\u0173 Koroneiki alyvuogi\u0173. \u201eGrelia 0.3\u201d Extra Virgin alyvuogi\u0173 aliejus pasi\u017eymi ma\u017eu r\u016bg\u0161tingumu ir pipiriniu skoniu. Puikiai tinka visiems patiekalams ir maisto ruo\u0161imui.\u00a0Tinka kepimui. Ypa\u010d grynas auk\u0161\u010diausios r\u016b\u0161ies alyvuogi\u0173 aliejus, gautas tiesiogiai i\u0161 alyvuogi\u0173 ir tik mechanin\u0117mis priemon\u0117mis. Auk\u0161\u010diausios kokyb\u0117s Extra Virgin pirmojo spaudimo&#8230;<\/p>","protected":false},"featured_media":30344,"template":"","meta":{"_acf_changed":false},"product_brand":[],"product_cat":[70],"product_tag":[],"class_list":{"0":"post-30079","1":"product","2":"type-product","3":"status-publish","4":"has-post-thumbnail","6":"product_cat-akcijos","7":"nt-post-class","8":"","9":"masonry-item","10":"col-lg-6","14":"excerpt-none","18":"first","19":"outofstock","20":"taxable","21":"shipping-taxable","22":"purchasable","23":"product-type-simple","24":"add-to-wishlist-after_add_to_cart"},"acf":[],"_links":{"self":[{"href":"https:\/\/chiaseklos.lt\/en\/wp-json\/wp\/v2\/product\/30079","targetHints":{"allow":["GET"]}}],"collection":[{"href":"https:\/\/chiaseklos.lt\/en\/wp-json\/wp\/v2\/product"}],"about":[{"href":"https:\/\/chiaseklos.lt\/en\/wp-json\/wp\/v2\/types\/product"}],"wp:featuredmedia":[{"embeddable":true,"href":"https:\/\/chiaseklos.lt\/en\/wp-json\/wp\/v2\/media\/30344"}],"wp:attachment":[{"href":"https:\/\/chiaseklos.lt\/en\/wp-json\/wp\/v2\/media?parent=30079"}],"wp:term":[{"taxonomy":"product_brand","embeddable":true,"href":"https:\/\/chiaseklos.lt\/en\/wp-json\/wp\/v2\/product_brand?post=30079"},{"taxonomy":"product_cat","embeddable":true,"href":"https:\/\/chiaseklos.lt\/en\/wp-json\/wp\/v2\/product_cat?post=30079"},{"taxonomy":"product_tag","embeddable":true,"href":"https:\/\/chiaseklos.lt\/en\/wp-json\/wp\/v2\/product_tag?post=30079"}],"curies":[{"name":"wp","href":"https:\/\/api.w.org\/{rel}","templated":true}]}}